{"id":23344,"date":"2024-12-19T06:14:40","date_gmt":"2024-12-19T05:14:40","guid":{"rendered":"https:\/\/www.thokbikes.com\/?post_type=product&#038;p=23344"},"modified":"2024-12-20T12:02:15","modified_gmt":"2024-12-20T11:02:15","slug":"pastiglie-sram-road-red-rival-force-organiche","status":"publish","type":"product","link":"https:\/\/www.thokbikes.com\/fr\/negozio\/accessoires-et-composants\/brakes-fr\/pastiglie-sram-road-red-rival-force-organiche\/","title":{"rendered":"Plaquettes de frein SRAM organiques Road Red\/FORCE\/RIVAL AXS"},"content":{"rendered":"<p>Plaquettes de frein \u00e0 base de compos\u00e9 organique d\u00e9velopp\u00e9es pour une parfaite int\u00e9gration avec les \u00e9triers de frein \u00e0 disque SRAM Red AXS et SRAM Force AXS, offrant un maximum de silence dans toutes les situations.<\/p>\n<p><strong>Caract\u00e9ristiques :<\/strong><\/p>\n<ul>\n<li>Compos\u00e9 : Organique<\/li>\n<li>Support : Acier<\/li>\n<li>Ressort et axe inclus<\/li>\n<li style=\"list-style-type: none;\"><\/li>\n<\/ul>\n<p><strong>Compatibilit\u00e9 :<\/strong><\/p>\n<ul>\n<li><strong>SRAM Route<\/strong> : Red AXS (\u00e9trier 2 pi\u00e8ces), Force AXS (\u00e9trier 2 pi\u00e8ces)<\/li>\n<li><strong>SRAM VTT :<\/strong> XX, XO, DB5, DB3, DB1, Level, Level T, Level TL, Level TLM (2020+), Level Ultimate Carbon (2020+)<\/li>\n<li><strong>Avid :<\/strong> Elixir 9, 7, 5, 3, 1, CR, R<\/li>\n<li><strong>DUCATI FUTA AXS \/ DUCATI FUTA ALL ROAD<\/strong><\/li>\n<\/ul>\n","protected":false},"excerpt":{"rendered":"<p>Plaquettes de frein \u00e0 base de compos\u00e9 organique d\u00e9velopp\u00e9es pour une parfaite int\u00e9gration avec les \u00e9triers de frein \u00e0 disque SRAM Red AXS et SRAM Force AXS, offrant un maximum de silence dans toutes les situations. Caract\u00e9ristiques : Compos\u00e9 : Organique Support : Acier Ressort et axe inclus Compatibilit\u00e9 : SRAM Route : Red AXS [&hellip;]<\/p>\n","protected":false},"featured_media":23248,"comment_status":"closed","ping_status":"closed","template":"","meta":{"_acf_changed":false},"product_brand":[],"product_cat":[122,146,255],"product_tag":[],"class_list":{"0":"post-23344","1":"product","2":"type-product","3":"status-publish","4":"has-post-thumbnail","6":"product_cat-accessoires-et-composants","7":"product_cat-brakes-fr","8":"product_cat-e-road-fr","10":"first","11":"outofstock","12":"taxable","13":"shipping-taxable","14":"purchasable","15":"product-type-simple"},"acf":[],"yoast_head":"<!-- This site is optimized with the Yoast SEO plugin v27.3 - https:\/\/yoast.com\/product\/yoast-seo-wordpress\/ -->\n<title>Plaquettes de frein SRAM organiques Road Red\/FORCE\/RIVAL AXS - Thok<\/title>\n<meta name=\"description\" content=\"Plaquettes de frein \u00e0 base de compos\u00e9 organique d\u00e9velopp\u00e9es pour une parfaite int\u00e9gration avec les \u00e9triers de frein \u00e0 disque SRAM Red AXS et SRAM Force AXS. Maximum de silence dans toutes les situations.\" \/>\n<meta name=\"robots\" content=\"index, follow, max-snippet:-1, max-image-preview:large, max-video-preview:-1\" \/>\n<link rel=\"canonical\" href=\"https:\/\/www.thokbikes.com\/fr\/negozio\/accessoires-et-composants\/brakes-fr\/pastiglie-sram-road-red-rival-force-organiche\/\" \/>\n<meta property=\"og:locale\" content=\"fr_FR\" \/>\n<meta property=\"og:type\" content=\"article\" \/>\n<meta property=\"og:title\" content=\"Plaquettes de frein SRAM organiques Road Red\/FORCE\/RIVAL AXS - Thok\" \/>\n<meta property=\"og:description\" content=\"Plaquettes de frein \u00e0 base de compos\u00e9 organique d\u00e9velopp\u00e9es pour une parfaite int\u00e9gration avec les \u00e9triers de frein \u00e0 disque SRAM Red AXS et SRAM Force AXS. Maximum de silence dans toutes les situations.\" \/>\n<meta property=\"og:url\" content=\"https:\/\/www.thokbikes.com\/fr\/negozio\/accessoires-et-composants\/brakes-fr\/pastiglie-sram-road-red-rival-force-organiche\/\" \/>\n<meta property=\"og:site_name\" content=\"Thok\" \/>\n<meta property=\"article:publisher\" content=\"https:\/\/www.facebook.com\/thokebikes\" \/>\n<meta property=\"article:modified_time\" content=\"2024-12-20T11:02:15+00:00\" \/>\n<meta property=\"og:image\" content=\"https:\/\/www.thokbikes.com\/wp-content\/uploads\/2024\/12\/Shop-SRAM-redforce-PASTIGLIE-ORGANICHE.jpg\" \/>\n\t<meta property=\"og:image:width\" content=\"1900\" \/>\n\t<meta property=\"og:image:height\" content=\"1900\" \/>\n\t<meta property=\"og:image:type\" content=\"image\/jpeg\" \/>\n<meta name=\"twitter:card\" content=\"summary_large_image\" \/>\n<meta name=\"twitter:label1\" content=\"Est. reading time\" \/>\n\t<meta name=\"twitter:data1\" content=\"1 minute\" \/>\n<script type=\"application\/ld+json\" class=\"yoast-schema-graph\">{\"@context\":\"https:\\\/\\\/schema.org\",\"@graph\":[{\"@type\":\"WebPage\",\"@id\":\"https:\\\/\\\/www.thokbikes.com\\\/fr\\\/negozio\\\/accessoires-et-composants\\\/brakes-fr\\\/pastiglie-sram-road-red-rival-force-organiche\\\/\",\"url\":\"https:\\\/\\\/www.thokbikes.com\\\/fr\\\/negozio\\\/accessoires-et-composants\\\/brakes-fr\\\/pastiglie-sram-road-red-rival-force-organiche\\\/\",\"name\":\"Plaquettes de frein SRAM organiques Road Red\\\/FORCE\\\/RIVAL AXS - Thok\",\"isPartOf\":{\"@id\":\"https:\\\/\\\/www.thokbikes.com\\\/fr\\\/#website\"},\"primaryImageOfPage\":{\"@id\":\"https:\\\/\\\/www.thokbikes.com\\\/fr\\\/negozio\\\/accessoires-et-composants\\\/brakes-fr\\\/pastiglie-sram-road-red-rival-force-organiche\\\/#primaryimage\"},\"image\":{\"@id\":\"https:\\\/\\\/www.thokbikes.com\\\/fr\\\/negozio\\\/accessoires-et-composants\\\/brakes-fr\\\/pastiglie-sram-road-red-rival-force-organiche\\\/#primaryimage\"},\"thumbnailUrl\":\"https:\\\/\\\/www.thokbikes.com\\\/wp-content\\\/uploads\\\/2024\\\/12\\\/Shop-SRAM-redforce-PASTIGLIE-ORGANICHE.jpg\",\"datePublished\":\"2024-12-19T05:14:40+00:00\",\"dateModified\":\"2024-12-20T11:02:15+00:00\",\"description\":\"Plaquettes de frein \u00e0 base de compos\u00e9 organique d\u00e9velopp\u00e9es pour une parfaite int\u00e9gration avec les \u00e9triers de frein \u00e0 disque SRAM Red AXS et SRAM Force AXS. Maximum de silence dans toutes les situations.\",\"breadcrumb\":{\"@id\":\"https:\\\/\\\/www.thokbikes.com\\\/fr\\\/negozio\\\/accessoires-et-composants\\\/brakes-fr\\\/pastiglie-sram-road-red-rival-force-organiche\\\/#breadcrumb\"},\"inLanguage\":\"fr-FR\",\"potentialAction\":[{\"@type\":\"ReadAction\",\"target\":[\"https:\\\/\\\/www.thokbikes.com\\\/fr\\\/negozio\\\/accessoires-et-composants\\\/brakes-fr\\\/pastiglie-sram-road-red-rival-force-organiche\\\/\"]}]},{\"@type\":\"ImageObject\",\"inLanguage\":\"fr-FR\",\"@id\":\"https:\\\/\\\/www.thokbikes.com\\\/fr\\\/negozio\\\/accessoires-et-composants\\\/brakes-fr\\\/pastiglie-sram-road-red-rival-force-organiche\\\/#primaryimage\",\"url\":\"https:\\\/\\\/www.thokbikes.com\\\/wp-content\\\/uploads\\\/2024\\\/12\\\/Shop-SRAM-redforce-PASTIGLIE-ORGANICHE.jpg\",\"contentUrl\":\"https:\\\/\\\/www.thokbikes.com\\\/wp-content\\\/uploads\\\/2024\\\/12\\\/Shop-SRAM-redforce-PASTIGLIE-ORGANICHE.jpg\",\"width\":1900,\"height\":1900},{\"@type\":\"BreadcrumbList\",\"@id\":\"https:\\\/\\\/www.thokbikes.com\\\/fr\\\/negozio\\\/accessoires-et-composants\\\/brakes-fr\\\/pastiglie-sram-road-red-rival-force-organiche\\\/#breadcrumb\",\"itemListElement\":[{\"@type\":\"ListItem\",\"position\":1,\"name\":\"Home\",\"item\":\"https:\\\/\\\/www.thokbikes.com\\\/fr\\\/\"},{\"@type\":\"ListItem\",\"position\":2,\"name\":\"Shop\",\"item\":\"https:\\\/\\\/www.thokbikes.com\\\/negozio\\\/\"},{\"@type\":\"ListItem\",\"position\":3,\"name\":\"Plaquettes de frein SRAM organiques Road Red\\\/FORCE\\\/RIVAL AXS\"}]},{\"@type\":\"WebSite\",\"@id\":\"https:\\\/\\\/www.thokbikes.com\\\/fr\\\/#website\",\"url\":\"https:\\\/\\\/www.thokbikes.com\\\/fr\\\/\",\"name\":\"Thok E-bikes\",\"description\":\"\",\"publisher\":{\"@id\":\"https:\\\/\\\/www.thokbikes.com\\\/fr\\\/#organization\"},\"potentialAction\":[{\"@type\":\"SearchAction\",\"target\":{\"@type\":\"EntryPoint\",\"urlTemplate\":\"https:\\\/\\\/www.thokbikes.com\\\/fr\\\/?s={search_term_string}\"},\"query-input\":{\"@type\":\"PropertyValueSpecification\",\"valueRequired\":true,\"valueName\":\"search_term_string\"}}],\"inLanguage\":\"fr-FR\"},{\"@type\":\"Organization\",\"@id\":\"https:\\\/\\\/www.thokbikes.com\\\/fr\\\/#organization\",\"name\":\"Thok E-bikes\",\"url\":\"https:\\\/\\\/www.thokbikes.com\\\/fr\\\/\",\"logo\":{\"@type\":\"ImageObject\",\"inLanguage\":\"fr-FR\",\"@id\":\"https:\\\/\\\/www.thokbikes.com\\\/fr\\\/#\\\/schema\\\/logo\\\/image\\\/\",\"url\":\"https:\\\/\\\/www.thokbikes.com\\\/wp-content\\\/uploads\\\/2025\\\/11\\\/logo-thok-white.png\",\"contentUrl\":\"https:\\\/\\\/www.thokbikes.com\\\/wp-content\\\/uploads\\\/2025\\\/11\\\/logo-thok-white.png\",\"width\":1920,\"height\":281,\"caption\":\"Thok E-bikes\"},\"image\":{\"@id\":\"https:\\\/\\\/www.thokbikes.com\\\/fr\\\/#\\\/schema\\\/logo\\\/image\\\/\"},\"sameAs\":[\"https:\\\/\\\/www.facebook.com\\\/thokebikes\",\"https:\\\/\\\/www.instagram.com\\\/thok_ebikes\\\/\",\"https:\\\/\\\/www.youtube.com\\\/channel\\\/UC-yfWNxPCJvVdRymE7tA8Ww\"]}]}<\/script>\n<!-- \/ Yoast SEO plugin. -->","yoast_head_json":{"title":"Plaquettes de frein SRAM organiques Road Red\/FORCE\/RIVAL AXS - Thok","description":"Plaquettes de frein \u00e0 base de compos\u00e9 organique d\u00e9velopp\u00e9es pour une parfaite int\u00e9gration avec les \u00e9triers de frein \u00e0 disque SRAM Red AXS et SRAM Force AXS. Maximum de silence dans toutes les situations.","robots":{"index":"index","follow":"follow","max-snippet":"max-snippet:-1","max-image-preview":"max-image-preview:large","max-video-preview":"max-video-preview:-1"},"canonical":"https:\/\/www.thokbikes.com\/fr\/negozio\/accessoires-et-composants\/brakes-fr\/pastiglie-sram-road-red-rival-force-organiche\/","og_locale":"fr_FR","og_type":"article","og_title":"Plaquettes de frein SRAM organiques Road Red\/FORCE\/RIVAL AXS - Thok","og_description":"Plaquettes de frein \u00e0 base de compos\u00e9 organique d\u00e9velopp\u00e9es pour une parfaite int\u00e9gration avec les \u00e9triers de frein \u00e0 disque SRAM Red AXS et SRAM Force AXS. Maximum de silence dans toutes les situations.","og_url":"https:\/\/www.thokbikes.com\/fr\/negozio\/accessoires-et-composants\/brakes-fr\/pastiglie-sram-road-red-rival-force-organiche\/","og_site_name":"Thok","article_publisher":"https:\/\/www.facebook.com\/thokebikes","article_modified_time":"2024-12-20T11:02:15+00:00","og_image":[{"width":1900,"height":1900,"url":"https:\/\/www.thokbikes.com\/wp-content\/uploads\/2024\/12\/Shop-SRAM-redforce-PASTIGLIE-ORGANICHE.jpg","type":"image\/jpeg"}],"twitter_card":"summary_large_image","twitter_misc":{"Est. reading time":"1 minute"},"schema":{"@context":"https:\/\/schema.org","@graph":[{"@type":"WebPage","@id":"https:\/\/www.thokbikes.com\/fr\/negozio\/accessoires-et-composants\/brakes-fr\/pastiglie-sram-road-red-rival-force-organiche\/","url":"https:\/\/www.thokbikes.com\/fr\/negozio\/accessoires-et-composants\/brakes-fr\/pastiglie-sram-road-red-rival-force-organiche\/","name":"Plaquettes de frein SRAM organiques Road Red\/FORCE\/RIVAL AXS - Thok","isPartOf":{"@id":"https:\/\/www.thokbikes.com\/fr\/#website"},"primaryImageOfPage":{"@id":"https:\/\/www.thokbikes.com\/fr\/negozio\/accessoires-et-composants\/brakes-fr\/pastiglie-sram-road-red-rival-force-organiche\/#primaryimage"},"image":{"@id":"https:\/\/www.thokbikes.com\/fr\/negozio\/accessoires-et-composants\/brakes-fr\/pastiglie-sram-road-red-rival-force-organiche\/#primaryimage"},"thumbnailUrl":"https:\/\/www.thokbikes.com\/wp-content\/uploads\/2024\/12\/Shop-SRAM-redforce-PASTIGLIE-ORGANICHE.jpg","datePublished":"2024-12-19T05:14:40+00:00","dateModified":"2024-12-20T11:02:15+00:00","description":"Plaquettes de frein \u00e0 base de compos\u00e9 organique d\u00e9velopp\u00e9es pour une parfaite int\u00e9gration avec les \u00e9triers de frein \u00e0 disque SRAM Red AXS et SRAM Force AXS. Maximum de silence dans toutes les situations.","breadcrumb":{"@id":"https:\/\/www.thokbikes.com\/fr\/negozio\/accessoires-et-composants\/brakes-fr\/pastiglie-sram-road-red-rival-force-organiche\/#breadcrumb"},"inLanguage":"fr-FR","potentialAction":[{"@type":"ReadAction","target":["https:\/\/www.thokbikes.com\/fr\/negozio\/accessoires-et-composants\/brakes-fr\/pastiglie-sram-road-red-rival-force-organiche\/"]}]},{"@type":"ImageObject","inLanguage":"fr-FR","@id":"https:\/\/www.thokbikes.com\/fr\/negozio\/accessoires-et-composants\/brakes-fr\/pastiglie-sram-road-red-rival-force-organiche\/#primaryimage","url":"https:\/\/www.thokbikes.com\/wp-content\/uploads\/2024\/12\/Shop-SRAM-redforce-PASTIGLIE-ORGANICHE.jpg","contentUrl":"https:\/\/www.thokbikes.com\/wp-content\/uploads\/2024\/12\/Shop-SRAM-redforce-PASTIGLIE-ORGANICHE.jpg","width":1900,"height":1900},{"@type":"BreadcrumbList","@id":"https:\/\/www.thokbikes.com\/fr\/negozio\/accessoires-et-composants\/brakes-fr\/pastiglie-sram-road-red-rival-force-organiche\/#breadcrumb","itemListElement":[{"@type":"ListItem","position":1,"name":"Home","item":"https:\/\/www.thokbikes.com\/fr\/"},{"@type":"ListItem","position":2,"name":"Shop","item":"https:\/\/www.thokbikes.com\/negozio\/"},{"@type":"ListItem","position":3,"name":"Plaquettes de frein SRAM organiques Road Red\/FORCE\/RIVAL AXS"}]},{"@type":"WebSite","@id":"https:\/\/www.thokbikes.com\/fr\/#website","url":"https:\/\/www.thokbikes.com\/fr\/","name":"Thok E-bikes","description":"","publisher":{"@id":"https:\/\/www.thokbikes.com\/fr\/#organization"},"potentialAction":[{"@type":"SearchAction","target":{"@type":"EntryPoint","urlTemplate":"https:\/\/www.thokbikes.com\/fr\/?s={search_term_string}"},"query-input":{"@type":"PropertyValueSpecification","valueRequired":true,"valueName":"search_term_string"}}],"inLanguage":"fr-FR"},{"@type":"Organization","@id":"https:\/\/www.thokbikes.com\/fr\/#organization","name":"Thok E-bikes","url":"https:\/\/www.thokbikes.com\/fr\/","logo":{"@type":"ImageObject","inLanguage":"fr-FR","@id":"https:\/\/www.thokbikes.com\/fr\/#\/schema\/logo\/image\/","url":"https:\/\/www.thokbikes.com\/wp-content\/uploads\/2025\/11\/logo-thok-white.png","contentUrl":"https:\/\/www.thokbikes.com\/wp-content\/uploads\/2025\/11\/logo-thok-white.png","width":1920,"height":281,"caption":"Thok E-bikes"},"image":{"@id":"https:\/\/www.thokbikes.com\/fr\/#\/schema\/logo\/image\/"},"sameAs":["https:\/\/www.facebook.com\/thokebikes","https:\/\/www.instagram.com\/thok_ebikes\/","https:\/\/www.youtube.com\/channel\/UC-yfWNxPCJvVdRymE7tA8Ww"]}]}},"_links":{"self":[{"href":"https:\/\/www.thokbikes.com\/fr\/wp-json\/wp\/v2\/product\/23344","targetHints":{"allow":["GET"]}}],"collection":[{"href":"https:\/\/www.thokbikes.com\/fr\/wp-json\/wp\/v2\/product"}],"about":[{"href":"https:\/\/www.thokbikes.com\/fr\/wp-json\/wp\/v2\/types\/product"}],"replies":[{"embeddable":true,"href":"https:\/\/www.thokbikes.com\/fr\/wp-json\/wp\/v2\/comments?post=23344"}],"wp:featuredmedia":[{"embeddable":true,"href":"https:\/\/www.thokbikes.com\/fr\/wp-json\/wp\/v2\/media\/23248"}],"wp:attachment":[{"href":"https:\/\/www.thokbikes.com\/fr\/wp-json\/wp\/v2\/media?parent=23344"}],"wp:term":[{"taxonomy":"product_brand","embeddable":true,"href":"https:\/\/www.thokbikes.com\/fr\/wp-json\/wp\/v2\/product_brand?post=23344"},{"taxonomy":"product_cat","embeddable":true,"href":"https:\/\/www.thokbikes.com\/fr\/wp-json\/wp\/v2\/product_cat?post=23344"},{"taxonomy":"product_tag","embeddable":true,"href":"https:\/\/www.thokbikes.com\/fr\/wp-json\/wp\/v2\/product_tag?post=23344"}],"curies":[{"name":"wp","href":"https:\/\/api.w.org\/{rel}","templated":true}]}}