{"id":26423,"date":"2024-02-12T09:13:41","date_gmt":"2024-02-12T08:13:41","guid":{"rendered":"https:\/\/www.thokbikes.com\/?post_type=product&#038;p=26423"},"modified":"2025-09-03T10:18:28","modified_gmt":"2025-09-03T08:18:28","slug":"thokcare","status":"publish","type":"product","link":"https:\/\/www.thokbikes.com\/fr\/negozio\/all-mountain-fr\/thokcare\/","title":{"rendered":"THOKCARE"},"content":{"rendered":"<p><strong>Extension de garantie par THOK pour TOUS les THOKers.\u00a0<\/strong><\/p>\n<p>Randonn\u00e9e apr\u00e8s randonn\u00e9e, affrontant des descentes difficiles apr\u00e8s des mont\u00e9es techniques, la s\u00e9curit\u00e9 de votre THOK doit toujours \u00eatre la priorit\u00e9.<\/p>\n<p>Avec &#8216;THOKcare&#8217;, nous offrons \u00e0 TOUS les THOKers, qu&#8217;ils soient nouveaux ou de longue date, la possibilit\u00e9 d&#8217;\u00e9tendre la garantie de leur v\u00e9lo \u00e9lectrique au-del\u00e0 des 24 mois standard. Une opportunit\u00e9 suppl\u00e9mentaire pour vous et votre THOK, offrant 2 ann\u00e9es suppl\u00e9mentaires de couverture pour tout dommage sur le cadre et les composants de marque THOK (lisez les conditions).<\/p>\n<p>Vous pouvez acheter votre THOKcare en ligne ou en visitant l&#8217;un de nos THOK Points.<\/p>\n","protected":false},"excerpt":{"rendered":"<p>Extension de garantie par THOK pour TOUS les THOKers.\u00a0 Randonn\u00e9e apr\u00e8s randonn\u00e9e, affrontant des descentes difficiles apr\u00e8s des mont\u00e9es techniques, la s\u00e9curit\u00e9 de votre THOK doit toujours \u00eatre la priorit\u00e9. Avec &#8216;THOKcare&#8217;, nous offrons \u00e0 TOUS les THOKers, qu&#8217;ils soient nouveaux ou de longue date, la possibilit\u00e9 d&#8217;\u00e9tendre la garantie de leur v\u00e9lo \u00e9lectrique au-del\u00e0 [&hellip;]<\/p>\n","protected":false},"featured_media":14514,"comment_status":"closed","ping_status":"closed","template":"","meta":{"_acf_changed":false},"product_brand":[],"product_cat":[122,70,180,129,184],"product_tag":[],"class_list":{"0":"post-26423","1":"product","2":"type-product","3":"status-publish","4":"has-post-thumbnail","6":"product_cat-accessoires-et-composants","7":"product_cat-all-mountain-fr","8":"product_cat-e-suv-fr","9":"product_cat-enduro-fr","10":"product_cat-hardtail-fr","12":"first","13":"outofstock","14":"taxable","15":"shipping-taxable","16":"purchasable","17":"product-type-simple"},"acf":[],"yoast_head":"<!-- This site is optimized with the Yoast SEO plugin v27.3 - https:\/\/yoast.com\/product\/yoast-seo-wordpress\/ -->\n<title>THOKCARE - Thok<\/title>\n<meta name=\"description\" content=\"Avec &#039;THOKcare&#039;, nous offrons \u00e0 TOUS les THOKers, qu&#039;ils soient nouveaux ou de longue date, la possibilit\u00e9 d&#039;\u00e9tendre la garantie de leur v\u00e9lo \u00e9lectrique au-del\u00e0 des 24 mois standard.\" \/>\n<meta name=\"robots\" content=\"index, follow, max-snippet:-1, max-image-preview:large, max-video-preview:-1\" \/>\n<link rel=\"canonical\" href=\"https:\/\/www.thokbikes.com\/fr\/negozio\/all-mountain-fr\/thokcare\/\" \/>\n<meta property=\"og:locale\" content=\"fr_FR\" \/>\n<meta property=\"og:type\" content=\"article\" \/>\n<meta property=\"og:title\" content=\"THOKCARE - Thok\" \/>\n<meta property=\"og:description\" content=\"Avec &#039;THOKcare&#039;, nous offrons \u00e0 TOUS les THOKers, qu&#039;ils soient nouveaux ou de longue date, la possibilit\u00e9 d&#039;\u00e9tendre la garantie de leur v\u00e9lo \u00e9lectrique au-del\u00e0 des 24 mois standard.\" \/>\n<meta property=\"og:url\" content=\"https:\/\/www.thokbikes.com\/fr\/negozio\/all-mountain-fr\/thokcare\/\" \/>\n<meta property=\"og:site_name\" content=\"Thok\" \/>\n<meta property=\"article:publisher\" content=\"https:\/\/www.facebook.com\/thokebikes\" \/>\n<meta property=\"article:modified_time\" content=\"2025-09-03T08:18:28+00:00\" \/>\n<meta property=\"og:image\" content=\"https:\/\/www.thokbikes.com\/wp-content\/uploads\/2023\/08\/shop-thok-care-jpg.webp\" \/>\n\t<meta property=\"og:image:width\" content=\"1900\" \/>\n\t<meta property=\"og:image:height\" content=\"1900\" \/>\n\t<meta property=\"og:image:type\" content=\"image\/jpeg\" \/>\n<meta name=\"twitter:card\" content=\"summary_large_image\" \/>\n<meta name=\"twitter:label1\" content=\"Est. reading time\" \/>\n\t<meta name=\"twitter:data1\" content=\"1 minute\" \/>\n<script type=\"application\/ld+json\" class=\"yoast-schema-graph\">{\"@context\":\"https:\\\/\\\/schema.org\",\"@graph\":[{\"@type\":\"WebPage\",\"@id\":\"https:\\\/\\\/www.thokbikes.com\\\/fr\\\/negozio\\\/all-mountain-fr\\\/thokcare\\\/\",\"url\":\"https:\\\/\\\/www.thokbikes.com\\\/fr\\\/negozio\\\/all-mountain-fr\\\/thokcare\\\/\",\"name\":\"THOKCARE - Thok\",\"isPartOf\":{\"@id\":\"https:\\\/\\\/www.thokbikes.com\\\/fr\\\/#website\"},\"primaryImageOfPage\":{\"@id\":\"https:\\\/\\\/www.thokbikes.com\\\/fr\\\/negozio\\\/all-mountain-fr\\\/thokcare\\\/#primaryimage\"},\"image\":{\"@id\":\"https:\\\/\\\/www.thokbikes.com\\\/fr\\\/negozio\\\/all-mountain-fr\\\/thokcare\\\/#primaryimage\"},\"thumbnailUrl\":\"https:\\\/\\\/www.thokbikes.com\\\/wp-content\\\/uploads\\\/2023\\\/08\\\/shop-thok-care-jpg.webp\",\"datePublished\":\"2024-02-12T08:13:41+00:00\",\"dateModified\":\"2025-09-03T08:18:28+00:00\",\"description\":\"Avec 'THOKcare', nous offrons \u00e0 TOUS les THOKers, qu'ils soient nouveaux ou de longue date, la possibilit\u00e9 d'\u00e9tendre la garantie de leur v\u00e9lo \u00e9lectrique au-del\u00e0 des 24 mois standard.\",\"breadcrumb\":{\"@id\":\"https:\\\/\\\/www.thokbikes.com\\\/fr\\\/negozio\\\/all-mountain-fr\\\/thokcare\\\/#breadcrumb\"},\"inLanguage\":\"fr-FR\",\"potentialAction\":[{\"@type\":\"ReadAction\",\"target\":[\"https:\\\/\\\/www.thokbikes.com\\\/fr\\\/negozio\\\/all-mountain-fr\\\/thokcare\\\/\"]}]},{\"@type\":\"ImageObject\",\"inLanguage\":\"fr-FR\",\"@id\":\"https:\\\/\\\/www.thokbikes.com\\\/fr\\\/negozio\\\/all-mountain-fr\\\/thokcare\\\/#primaryimage\",\"url\":\"https:\\\/\\\/www.thokbikes.com\\\/wp-content\\\/uploads\\\/2023\\\/08\\\/shop-thok-care-jpg.webp\",\"contentUrl\":\"https:\\\/\\\/www.thokbikes.com\\\/wp-content\\\/uploads\\\/2023\\\/08\\\/shop-thok-care-jpg.webp\",\"width\":1900,\"height\":1900},{\"@type\":\"BreadcrumbList\",\"@id\":\"https:\\\/\\\/www.thokbikes.com\\\/fr\\\/negozio\\\/all-mountain-fr\\\/thokcare\\\/#breadcrumb\",\"itemListElement\":[{\"@type\":\"ListItem\",\"position\":1,\"name\":\"Home\",\"item\":\"https:\\\/\\\/www.thokbikes.com\\\/fr\\\/\"},{\"@type\":\"ListItem\",\"position\":2,\"name\":\"Shop\",\"item\":\"https:\\\/\\\/www.thokbikes.com\\\/negozio\\\/\"},{\"@type\":\"ListItem\",\"position\":3,\"name\":\"THOKCARE\"}]},{\"@type\":\"WebSite\",\"@id\":\"https:\\\/\\\/www.thokbikes.com\\\/fr\\\/#website\",\"url\":\"https:\\\/\\\/www.thokbikes.com\\\/fr\\\/\",\"name\":\"Thok E-bikes\",\"description\":\"\",\"publisher\":{\"@id\":\"https:\\\/\\\/www.thokbikes.com\\\/fr\\\/#organization\"},\"potentialAction\":[{\"@type\":\"SearchAction\",\"target\":{\"@type\":\"EntryPoint\",\"urlTemplate\":\"https:\\\/\\\/www.thokbikes.com\\\/fr\\\/?s={search_term_string}\"},\"query-input\":{\"@type\":\"PropertyValueSpecification\",\"valueRequired\":true,\"valueName\":\"search_term_string\"}}],\"inLanguage\":\"fr-FR\"},{\"@type\":\"Organization\",\"@id\":\"https:\\\/\\\/www.thokbikes.com\\\/fr\\\/#organization\",\"name\":\"Thok E-bikes\",\"url\":\"https:\\\/\\\/www.thokbikes.com\\\/fr\\\/\",\"logo\":{\"@type\":\"ImageObject\",\"inLanguage\":\"fr-FR\",\"@id\":\"https:\\\/\\\/www.thokbikes.com\\\/fr\\\/#\\\/schema\\\/logo\\\/image\\\/\",\"url\":\"https:\\\/\\\/www.thokbikes.com\\\/wp-content\\\/uploads\\\/2025\\\/11\\\/logo-thok-white.png\",\"contentUrl\":\"https:\\\/\\\/www.thokbikes.com\\\/wp-content\\\/uploads\\\/2025\\\/11\\\/logo-thok-white.png\",\"width\":1920,\"height\":281,\"caption\":\"Thok E-bikes\"},\"image\":{\"@id\":\"https:\\\/\\\/www.thokbikes.com\\\/fr\\\/#\\\/schema\\\/logo\\\/image\\\/\"},\"sameAs\":[\"https:\\\/\\\/www.facebook.com\\\/thokebikes\",\"https:\\\/\\\/www.instagram.com\\\/thok_ebikes\\\/\",\"https:\\\/\\\/www.youtube.com\\\/channel\\\/UC-yfWNxPCJvVdRymE7tA8Ww\"]}]}<\/script>\n<!-- \/ Yoast SEO plugin. -->","yoast_head_json":{"title":"THOKCARE - Thok","description":"Avec 'THOKcare', nous offrons \u00e0 TOUS les THOKers, qu'ils soient nouveaux ou de longue date, la possibilit\u00e9 d'\u00e9tendre la garantie de leur v\u00e9lo \u00e9lectrique au-del\u00e0 des 24 mois standard.","robots":{"index":"index","follow":"follow","max-snippet":"max-snippet:-1","max-image-preview":"max-image-preview:large","max-video-preview":"max-video-preview:-1"},"canonical":"https:\/\/www.thokbikes.com\/fr\/negozio\/all-mountain-fr\/thokcare\/","og_locale":"fr_FR","og_type":"article","og_title":"THOKCARE - Thok","og_description":"Avec 'THOKcare', nous offrons \u00e0 TOUS les THOKers, qu'ils soient nouveaux ou de longue date, la possibilit\u00e9 d'\u00e9tendre la garantie de leur v\u00e9lo \u00e9lectrique au-del\u00e0 des 24 mois standard.","og_url":"https:\/\/www.thokbikes.com\/fr\/negozio\/all-mountain-fr\/thokcare\/","og_site_name":"Thok","article_publisher":"https:\/\/www.facebook.com\/thokebikes","article_modified_time":"2025-09-03T08:18:28+00:00","og_image":[{"width":1900,"height":1900,"url":"https:\/\/www.thokbikes.com\/wp-content\/uploads\/2023\/08\/shop-thok-care-jpg.webp","type":"image\/jpeg"}],"twitter_card":"summary_large_image","twitter_misc":{"Est. reading time":"1 minute"},"schema":{"@context":"https:\/\/schema.org","@graph":[{"@type":"WebPage","@id":"https:\/\/www.thokbikes.com\/fr\/negozio\/all-mountain-fr\/thokcare\/","url":"https:\/\/www.thokbikes.com\/fr\/negozio\/all-mountain-fr\/thokcare\/","name":"THOKCARE - Thok","isPartOf":{"@id":"https:\/\/www.thokbikes.com\/fr\/#website"},"primaryImageOfPage":{"@id":"https:\/\/www.thokbikes.com\/fr\/negozio\/all-mountain-fr\/thokcare\/#primaryimage"},"image":{"@id":"https:\/\/www.thokbikes.com\/fr\/negozio\/all-mountain-fr\/thokcare\/#primaryimage"},"thumbnailUrl":"https:\/\/www.thokbikes.com\/wp-content\/uploads\/2023\/08\/shop-thok-care-jpg.webp","datePublished":"2024-02-12T08:13:41+00:00","dateModified":"2025-09-03T08:18:28+00:00","description":"Avec 'THOKcare', nous offrons \u00e0 TOUS les THOKers, qu'ils soient nouveaux ou de longue date, la possibilit\u00e9 d'\u00e9tendre la garantie de leur v\u00e9lo \u00e9lectrique au-del\u00e0 des 24 mois standard.","breadcrumb":{"@id":"https:\/\/www.thokbikes.com\/fr\/negozio\/all-mountain-fr\/thokcare\/#breadcrumb"},"inLanguage":"fr-FR","potentialAction":[{"@type":"ReadAction","target":["https:\/\/www.thokbikes.com\/fr\/negozio\/all-mountain-fr\/thokcare\/"]}]},{"@type":"ImageObject","inLanguage":"fr-FR","@id":"https:\/\/www.thokbikes.com\/fr\/negozio\/all-mountain-fr\/thokcare\/#primaryimage","url":"https:\/\/www.thokbikes.com\/wp-content\/uploads\/2023\/08\/shop-thok-care-jpg.webp","contentUrl":"https:\/\/www.thokbikes.com\/wp-content\/uploads\/2023\/08\/shop-thok-care-jpg.webp","width":1900,"height":1900},{"@type":"BreadcrumbList","@id":"https:\/\/www.thokbikes.com\/fr\/negozio\/all-mountain-fr\/thokcare\/#breadcrumb","itemListElement":[{"@type":"ListItem","position":1,"name":"Home","item":"https:\/\/www.thokbikes.com\/fr\/"},{"@type":"ListItem","position":2,"name":"Shop","item":"https:\/\/www.thokbikes.com\/negozio\/"},{"@type":"ListItem","position":3,"name":"THOKCARE"}]},{"@type":"WebSite","@id":"https:\/\/www.thokbikes.com\/fr\/#website","url":"https:\/\/www.thokbikes.com\/fr\/","name":"Thok E-bikes","description":"","publisher":{"@id":"https:\/\/www.thokbikes.com\/fr\/#organization"},"potentialAction":[{"@type":"SearchAction","target":{"@type":"EntryPoint","urlTemplate":"https:\/\/www.thokbikes.com\/fr\/?s={search_term_string}"},"query-input":{"@type":"PropertyValueSpecification","valueRequired":true,"valueName":"search_term_string"}}],"inLanguage":"fr-FR"},{"@type":"Organization","@id":"https:\/\/www.thokbikes.com\/fr\/#organization","name":"Thok E-bikes","url":"https:\/\/www.thokbikes.com\/fr\/","logo":{"@type":"ImageObject","inLanguage":"fr-FR","@id":"https:\/\/www.thokbikes.com\/fr\/#\/schema\/logo\/image\/","url":"https:\/\/www.thokbikes.com\/wp-content\/uploads\/2025\/11\/logo-thok-white.png","contentUrl":"https:\/\/www.thokbikes.com\/wp-content\/uploads\/2025\/11\/logo-thok-white.png","width":1920,"height":281,"caption":"Thok E-bikes"},"image":{"@id":"https:\/\/www.thokbikes.com\/fr\/#\/schema\/logo\/image\/"},"sameAs":["https:\/\/www.facebook.com\/thokebikes","https:\/\/www.instagram.com\/thok_ebikes\/","https:\/\/www.youtube.com\/channel\/UC-yfWNxPCJvVdRymE7tA8Ww"]}]}},"_links":{"self":[{"href":"https:\/\/www.thokbikes.com\/fr\/wp-json\/wp\/v2\/product\/26423","targetHints":{"allow":["GET"]}}],"collection":[{"href":"https:\/\/www.thokbikes.com\/fr\/wp-json\/wp\/v2\/product"}],"about":[{"href":"https:\/\/www.thokbikes.com\/fr\/wp-json\/wp\/v2\/types\/product"}],"replies":[{"embeddable":true,"href":"https:\/\/www.thokbikes.com\/fr\/wp-json\/wp\/v2\/comments?post=26423"}],"wp:featuredmedia":[{"embeddable":true,"href":"https:\/\/www.thokbikes.com\/fr\/wp-json\/wp\/v2\/media\/14514"}],"wp:attachment":[{"href":"https:\/\/www.thokbikes.com\/fr\/wp-json\/wp\/v2\/media?parent=26423"}],"wp:term":[{"taxonomy":"product_brand","embeddable":true,"href":"https:\/\/www.thokbikes.com\/fr\/wp-json\/wp\/v2\/product_brand?post=26423"},{"taxonomy":"product_cat","embeddable":true,"href":"https:\/\/www.thokbikes.com\/fr\/wp-json\/wp\/v2\/product_cat?post=26423"},{"taxonomy":"product_tag","embeddable":true,"href":"https:\/\/www.thokbikes.com\/fr\/wp-json\/wp\/v2\/product_tag?post=26423"}],"curies":[{"name":"wp","href":"https:\/\/api.w.org\/{rel}","templated":true}]}}