{"id":27713,"date":"2025-04-25T06:19:30","date_gmt":"2025-04-25T04:19:30","guid":{"rendered":"https:\/\/www.thokbikes.com\/negozio\/uncategorized\/cambio-sram-gx-t-type-axs-12v\/"},"modified":"2026-01-20T14:34:46","modified_gmt":"2026-01-20T13:34:46","slug":"deliateur-sram-gx-t-type-axs-12v","status":"publish","type":"product","link":"https:\/\/www.thokbikes.com\/fr\/negozio\/accessoires-et-composants\/transmission-fr\/deliateur-sram-gx-t-type-axs-12v\/","title":{"rendered":"D\u00e9liateur SRAM GX T-TYPE AXS 12V"},"content":{"rendered":"<ul>\n<li>Une interface sans crochet de d\u00e9railleur, un mode de fixation Full Mount.<\/li>\n<li>L\u2019installation et le couplage suivent la proc\u00e9dure AXS standard, fiable et famili\u00e8re.<\/li>\n<li>Processus de configuration tr\u00e8s simple, aucun r\u00e9glage n\u2019est n\u00e9cessaire.<\/li>\n<li>Position de la batterie r\u00e9vis\u00e9e, logement reconfigur\u00e9, plaques de couverture et maille ext\u00e9rieure rempla\u00e7ables, fourche et embrayage sans outil.<\/li>\n<li>Maillages sup\u00e9rieurs et couvertures de parall\u00e9logramme rempla\u00e7ables.<\/li>\n<li>Batterie non incluse.<\/li>\n<li>Fourche en acier.<\/li>\n<li>Compatible avec VTTAE (e-bike).<\/li>\n<li>Denture maximale\u00a0: 52 dents.<\/li>\n<li>Couleur\u00a0: noir.<\/li>\n<li>Poids\u00a0: 480 g.<\/li>\n<\/ul>\n","protected":false},"excerpt":{"rendered":"<p>Une interface sans crochet de d\u00e9railleur, un mode de fixation Full Mount. L\u2019installation et le couplage suivent la proc\u00e9dure AXS standard, fiable et famili\u00e8re. Processus de configuration tr\u00e8s simple, aucun r\u00e9glage n\u2019est n\u00e9cessaire. Position de la batterie r\u00e9vis\u00e9e, logement reconfigur\u00e9, plaques de couverture et maille ext\u00e9rieure rempla\u00e7ables, fourche et embrayage sans outil. Maillages sup\u00e9rieurs et [&hellip;]<\/p>\n","protected":false},"featured_media":27587,"comment_status":"closed","ping_status":"closed","template":"","meta":{"_acf_changed":false},"product_brand":[],"product_cat":[122,130],"product_tag":[],"class_list":{"0":"post-27713","1":"product","2":"type-product","3":"status-publish","4":"has-post-thumbnail","6":"product_cat-accessoires-et-composants","7":"product_cat-transmission-fr","9":"first","10":"outofstock","11":"taxable","12":"shipping-taxable","13":"purchasable","14":"product-type-simple"},"acf":[],"yoast_head":"<!-- This site is optimized with the Yoast SEO plugin v27.3 - https:\/\/yoast.com\/product\/yoast-seo-wordpress\/ -->\n<title>D\u00e9liateur SRAM GX T-TYPE AXS 12V - Thok<\/title>\n<meta name=\"robots\" content=\"index, follow, max-snippet:-1, max-image-preview:large, max-video-preview:-1\" \/>\n<link rel=\"canonical\" href=\"https:\/\/www.thokbikes.com\/fr\/negozio\/accessoires-et-composants\/transmission-fr\/deliateur-sram-gx-t-type-axs-12v\/\" \/>\n<meta property=\"og:locale\" content=\"fr_FR\" \/>\n<meta property=\"og:type\" content=\"article\" \/>\n<meta property=\"og:title\" content=\"D\u00e9liateur SRAM GX T-TYPE AXS 12V - Thok\" \/>\n<meta property=\"og:description\" content=\"Une interface sans crochet de d\u00e9railleur, un mode de fixation Full Mount. L\u2019installation et le couplage suivent la proc\u00e9dure AXS standard, fiable et famili\u00e8re. Processus de configuration tr\u00e8s simple, aucun r\u00e9glage n\u2019est n\u00e9cessaire. Position de la batterie r\u00e9vis\u00e9e, logement reconfigur\u00e9, plaques de couverture et maille ext\u00e9rieure rempla\u00e7ables, fourche et embrayage sans outil. Maillages sup\u00e9rieurs et [&hellip;]\" \/>\n<meta property=\"og:url\" content=\"https:\/\/www.thokbikes.com\/fr\/negozio\/accessoires-et-composants\/transmission-fr\/deliateur-sram-gx-t-type-axs-12v\/\" \/>\n<meta property=\"og:site_name\" content=\"Thok\" \/>\n<meta property=\"article:publisher\" content=\"https:\/\/www.facebook.com\/thokebikes\" \/>\n<meta property=\"article:modified_time\" content=\"2026-01-20T13:34:46+00:00\" \/>\n<meta property=\"og:image\" content=\"https:\/\/www.thokbikes.com\/wp-content\/uploads\/2025\/04\/Shop-SRAM-GX-12S-EAGLE-AXS-T-TYPE.jpg\" \/>\n\t<meta property=\"og:image:width\" content=\"1900\" \/>\n\t<meta property=\"og:image:height\" content=\"1900\" \/>\n\t<meta property=\"og:image:type\" content=\"image\/jpeg\" \/>\n<meta name=\"twitter:card\" content=\"summary_large_image\" \/>\n<meta name=\"twitter:label1\" content=\"Est. reading time\" \/>\n\t<meta name=\"twitter:data1\" content=\"1 minute\" \/>\n<script type=\"application\/ld+json\" class=\"yoast-schema-graph\">{\"@context\":\"https:\\\/\\\/schema.org\",\"@graph\":[{\"@type\":\"WebPage\",\"@id\":\"https:\\\/\\\/www.thokbikes.com\\\/fr\\\/negozio\\\/accessoires-et-composants\\\/transmission-fr\\\/deliateur-sram-gx-t-type-axs-12v\\\/\",\"url\":\"https:\\\/\\\/www.thokbikes.com\\\/fr\\\/negozio\\\/accessoires-et-composants\\\/transmission-fr\\\/deliateur-sram-gx-t-type-axs-12v\\\/\",\"name\":\"D\u00e9liateur SRAM GX T-TYPE AXS 12V - Thok\",\"isPartOf\":{\"@id\":\"https:\\\/\\\/www.thokbikes.com\\\/fr\\\/#website\"},\"primaryImageOfPage\":{\"@id\":\"https:\\\/\\\/www.thokbikes.com\\\/fr\\\/negozio\\\/accessoires-et-composants\\\/transmission-fr\\\/deliateur-sram-gx-t-type-axs-12v\\\/#primaryimage\"},\"image\":{\"@id\":\"https:\\\/\\\/www.thokbikes.com\\\/fr\\\/negozio\\\/accessoires-et-composants\\\/transmission-fr\\\/deliateur-sram-gx-t-type-axs-12v\\\/#primaryimage\"},\"thumbnailUrl\":\"https:\\\/\\\/www.thokbikes.com\\\/wp-content\\\/uploads\\\/2025\\\/04\\\/Shop-SRAM-GX-12S-EAGLE-AXS-T-TYPE.jpg\",\"datePublished\":\"2025-04-25T04:19:30+00:00\",\"dateModified\":\"2026-01-20T13:34:46+00:00\",\"breadcrumb\":{\"@id\":\"https:\\\/\\\/www.thokbikes.com\\\/fr\\\/negozio\\\/accessoires-et-composants\\\/transmission-fr\\\/deliateur-sram-gx-t-type-axs-12v\\\/#breadcrumb\"},\"inLanguage\":\"fr-FR\",\"potentialAction\":[{\"@type\":\"ReadAction\",\"target\":[\"https:\\\/\\\/www.thokbikes.com\\\/fr\\\/negozio\\\/accessoires-et-composants\\\/transmission-fr\\\/deliateur-sram-gx-t-type-axs-12v\\\/\"]}]},{\"@type\":\"ImageObject\",\"inLanguage\":\"fr-FR\",\"@id\":\"https:\\\/\\\/www.thokbikes.com\\\/fr\\\/negozio\\\/accessoires-et-composants\\\/transmission-fr\\\/deliateur-sram-gx-t-type-axs-12v\\\/#primaryimage\",\"url\":\"https:\\\/\\\/www.thokbikes.com\\\/wp-content\\\/uploads\\\/2025\\\/04\\\/Shop-SRAM-GX-12S-EAGLE-AXS-T-TYPE.jpg\",\"contentUrl\":\"https:\\\/\\\/www.thokbikes.com\\\/wp-content\\\/uploads\\\/2025\\\/04\\\/Shop-SRAM-GX-12S-EAGLE-AXS-T-TYPE.jpg\",\"width\":1900,\"height\":1900},{\"@type\":\"BreadcrumbList\",\"@id\":\"https:\\\/\\\/www.thokbikes.com\\\/fr\\\/negozio\\\/accessoires-et-composants\\\/transmission-fr\\\/deliateur-sram-gx-t-type-axs-12v\\\/#breadcrumb\",\"itemListElement\":[{\"@type\":\"ListItem\",\"position\":1,\"name\":\"Home\",\"item\":\"https:\\\/\\\/www.thokbikes.com\\\/fr\\\/\"},{\"@type\":\"ListItem\",\"position\":2,\"name\":\"Shop\",\"item\":\"https:\\\/\\\/www.thokbikes.com\\\/negozio\\\/\"},{\"@type\":\"ListItem\",\"position\":3,\"name\":\"D\u00e9liateur SRAM GX T-TYPE AXS 12V\"}]},{\"@type\":\"WebSite\",\"@id\":\"https:\\\/\\\/www.thokbikes.com\\\/fr\\\/#website\",\"url\":\"https:\\\/\\\/www.thokbikes.com\\\/fr\\\/\",\"name\":\"Thok E-bikes\",\"description\":\"\",\"publisher\":{\"@id\":\"https:\\\/\\\/www.thokbikes.com\\\/fr\\\/#organization\"},\"potentialAction\":[{\"@type\":\"SearchAction\",\"target\":{\"@type\":\"EntryPoint\",\"urlTemplate\":\"https:\\\/\\\/www.thokbikes.com\\\/fr\\\/?s={search_term_string}\"},\"query-input\":{\"@type\":\"PropertyValueSpecification\",\"valueRequired\":true,\"valueName\":\"search_term_string\"}}],\"inLanguage\":\"fr-FR\"},{\"@type\":\"Organization\",\"@id\":\"https:\\\/\\\/www.thokbikes.com\\\/fr\\\/#organization\",\"name\":\"Thok E-bikes\",\"url\":\"https:\\\/\\\/www.thokbikes.com\\\/fr\\\/\",\"logo\":{\"@type\":\"ImageObject\",\"inLanguage\":\"fr-FR\",\"@id\":\"https:\\\/\\\/www.thokbikes.com\\\/fr\\\/#\\\/schema\\\/logo\\\/image\\\/\",\"url\":\"https:\\\/\\\/www.thokbikes.com\\\/wp-content\\\/uploads\\\/2025\\\/11\\\/logo-thok-white.png\",\"contentUrl\":\"https:\\\/\\\/www.thokbikes.com\\\/wp-content\\\/uploads\\\/2025\\\/11\\\/logo-thok-white.png\",\"width\":1920,\"height\":281,\"caption\":\"Thok E-bikes\"},\"image\":{\"@id\":\"https:\\\/\\\/www.thokbikes.com\\\/fr\\\/#\\\/schema\\\/logo\\\/image\\\/\"},\"sameAs\":[\"https:\\\/\\\/www.facebook.com\\\/thokebikes\",\"https:\\\/\\\/www.instagram.com\\\/thok_ebikes\\\/\",\"https:\\\/\\\/www.youtube.com\\\/channel\\\/UC-yfWNxPCJvVdRymE7tA8Ww\"]}]}<\/script>\n<!-- \/ Yoast SEO plugin. -->","yoast_head_json":{"title":"D\u00e9liateur SRAM GX T-TYPE AXS 12V - Thok","robots":{"index":"index","follow":"follow","max-snippet":"max-snippet:-1","max-image-preview":"max-image-preview:large","max-video-preview":"max-video-preview:-1"},"canonical":"https:\/\/www.thokbikes.com\/fr\/negozio\/accessoires-et-composants\/transmission-fr\/deliateur-sram-gx-t-type-axs-12v\/","og_locale":"fr_FR","og_type":"article","og_title":"D\u00e9liateur SRAM GX T-TYPE AXS 12V - Thok","og_description":"Une interface sans crochet de d\u00e9railleur, un mode de fixation Full Mount. L\u2019installation et le couplage suivent la proc\u00e9dure AXS standard, fiable et famili\u00e8re. Processus de configuration tr\u00e8s simple, aucun r\u00e9glage n\u2019est n\u00e9cessaire. Position de la batterie r\u00e9vis\u00e9e, logement reconfigur\u00e9, plaques de couverture et maille ext\u00e9rieure rempla\u00e7ables, fourche et embrayage sans outil. Maillages sup\u00e9rieurs et [&hellip;]","og_url":"https:\/\/www.thokbikes.com\/fr\/negozio\/accessoires-et-composants\/transmission-fr\/deliateur-sram-gx-t-type-axs-12v\/","og_site_name":"Thok","article_publisher":"https:\/\/www.facebook.com\/thokebikes","article_modified_time":"2026-01-20T13:34:46+00:00","og_image":[{"width":1900,"height":1900,"url":"https:\/\/www.thokbikes.com\/wp-content\/uploads\/2025\/04\/Shop-SRAM-GX-12S-EAGLE-AXS-T-TYPE.jpg","type":"image\/jpeg"}],"twitter_card":"summary_large_image","twitter_misc":{"Est. reading time":"1 minute"},"schema":{"@context":"https:\/\/schema.org","@graph":[{"@type":"WebPage","@id":"https:\/\/www.thokbikes.com\/fr\/negozio\/accessoires-et-composants\/transmission-fr\/deliateur-sram-gx-t-type-axs-12v\/","url":"https:\/\/www.thokbikes.com\/fr\/negozio\/accessoires-et-composants\/transmission-fr\/deliateur-sram-gx-t-type-axs-12v\/","name":"D\u00e9liateur SRAM GX T-TYPE AXS 12V - Thok","isPartOf":{"@id":"https:\/\/www.thokbikes.com\/fr\/#website"},"primaryImageOfPage":{"@id":"https:\/\/www.thokbikes.com\/fr\/negozio\/accessoires-et-composants\/transmission-fr\/deliateur-sram-gx-t-type-axs-12v\/#primaryimage"},"image":{"@id":"https:\/\/www.thokbikes.com\/fr\/negozio\/accessoires-et-composants\/transmission-fr\/deliateur-sram-gx-t-type-axs-12v\/#primaryimage"},"thumbnailUrl":"https:\/\/www.thokbikes.com\/wp-content\/uploads\/2025\/04\/Shop-SRAM-GX-12S-EAGLE-AXS-T-TYPE.jpg","datePublished":"2025-04-25T04:19:30+00:00","dateModified":"2026-01-20T13:34:46+00:00","breadcrumb":{"@id":"https:\/\/www.thokbikes.com\/fr\/negozio\/accessoires-et-composants\/transmission-fr\/deliateur-sram-gx-t-type-axs-12v\/#breadcrumb"},"inLanguage":"fr-FR","potentialAction":[{"@type":"ReadAction","target":["https:\/\/www.thokbikes.com\/fr\/negozio\/accessoires-et-composants\/transmission-fr\/deliateur-sram-gx-t-type-axs-12v\/"]}]},{"@type":"ImageObject","inLanguage":"fr-FR","@id":"https:\/\/www.thokbikes.com\/fr\/negozio\/accessoires-et-composants\/transmission-fr\/deliateur-sram-gx-t-type-axs-12v\/#primaryimage","url":"https:\/\/www.thokbikes.com\/wp-content\/uploads\/2025\/04\/Shop-SRAM-GX-12S-EAGLE-AXS-T-TYPE.jpg","contentUrl":"https:\/\/www.thokbikes.com\/wp-content\/uploads\/2025\/04\/Shop-SRAM-GX-12S-EAGLE-AXS-T-TYPE.jpg","width":1900,"height":1900},{"@type":"BreadcrumbList","@id":"https:\/\/www.thokbikes.com\/fr\/negozio\/accessoires-et-composants\/transmission-fr\/deliateur-sram-gx-t-type-axs-12v\/#breadcrumb","itemListElement":[{"@type":"ListItem","position":1,"name":"Home","item":"https:\/\/www.thokbikes.com\/fr\/"},{"@type":"ListItem","position":2,"name":"Shop","item":"https:\/\/www.thokbikes.com\/negozio\/"},{"@type":"ListItem","position":3,"name":"D\u00e9liateur SRAM GX T-TYPE AXS 12V"}]},{"@type":"WebSite","@id":"https:\/\/www.thokbikes.com\/fr\/#website","url":"https:\/\/www.thokbikes.com\/fr\/","name":"Thok E-bikes","description":"","publisher":{"@id":"https:\/\/www.thokbikes.com\/fr\/#organization"},"potentialAction":[{"@type":"SearchAction","target":{"@type":"EntryPoint","urlTemplate":"https:\/\/www.thokbikes.com\/fr\/?s={search_term_string}"},"query-input":{"@type":"PropertyValueSpecification","valueRequired":true,"valueName":"search_term_string"}}],"inLanguage":"fr-FR"},{"@type":"Organization","@id":"https:\/\/www.thokbikes.com\/fr\/#organization","name":"Thok E-bikes","url":"https:\/\/www.thokbikes.com\/fr\/","logo":{"@type":"ImageObject","inLanguage":"fr-FR","@id":"https:\/\/www.thokbikes.com\/fr\/#\/schema\/logo\/image\/","url":"https:\/\/www.thokbikes.com\/wp-content\/uploads\/2025\/11\/logo-thok-white.png","contentUrl":"https:\/\/www.thokbikes.com\/wp-content\/uploads\/2025\/11\/logo-thok-white.png","width":1920,"height":281,"caption":"Thok E-bikes"},"image":{"@id":"https:\/\/www.thokbikes.com\/fr\/#\/schema\/logo\/image\/"},"sameAs":["https:\/\/www.facebook.com\/thokebikes","https:\/\/www.instagram.com\/thok_ebikes\/","https:\/\/www.youtube.com\/channel\/UC-yfWNxPCJvVdRymE7tA8Ww"]}]}},"_links":{"self":[{"href":"https:\/\/www.thokbikes.com\/fr\/wp-json\/wp\/v2\/product\/27713","targetHints":{"allow":["GET"]}}],"collection":[{"href":"https:\/\/www.thokbikes.com\/fr\/wp-json\/wp\/v2\/product"}],"about":[{"href":"https:\/\/www.thokbikes.com\/fr\/wp-json\/wp\/v2\/types\/product"}],"replies":[{"embeddable":true,"href":"https:\/\/www.thokbikes.com\/fr\/wp-json\/wp\/v2\/comments?post=27713"}],"wp:featuredmedia":[{"embeddable":true,"href":"https:\/\/www.thokbikes.com\/fr\/wp-json\/wp\/v2\/media\/27587"}],"wp:attachment":[{"href":"https:\/\/www.thokbikes.com\/fr\/wp-json\/wp\/v2\/media?parent=27713"}],"wp:term":[{"taxonomy":"product_brand","embeddable":true,"href":"https:\/\/www.thokbikes.com\/fr\/wp-json\/wp\/v2\/product_brand?post=27713"},{"taxonomy":"product_cat","embeddable":true,"href":"https:\/\/www.thokbikes.com\/fr\/wp-json\/wp\/v2\/product_cat?post=27713"},{"taxonomy":"product_tag","embeddable":true,"href":"https:\/\/www.thokbikes.com\/fr\/wp-json\/wp\/v2\/product_tag?post=27713"}],"curies":[{"name":"wp","href":"https:\/\/api.w.org\/{rel}","templated":true}]}}