{"id":29105,"date":"2025-06-18T06:15:37","date_gmt":"2025-06-18T04:15:37","guid":{"rendered":"https:\/\/www.thokbikes.com\/?post_type=product&#038;p=29105"},"modified":"2025-12-11T17:00:32","modified_gmt":"2025-12-11T16:00:32","slug":"jersey-ls-blackflow","status":"publish","type":"product","link":"https:\/\/www.thokbikes.com\/fr\/negozio\/vetements\/softgoods-fr\/jersey-ls-blackflow\/","title":{"rendered":"Jersey LS Blackflow"},"content":{"rendered":"<p><strong>Blackflow Jersey <\/strong><br \/>\nMaillot technique \u00e0 manches longues pour le riding, con\u00e7u en tissu respirant pour une libert\u00e9 de mouvement maximale.<br \/>\nPoche arri\u00e8re zipp\u00e9e int\u00e9gr\u00e9e pour les petits accessoires et chiffon int\u00e9rieur \u00e0 l\u2019avant pour nettoyer lunettes et \u00e9crans.<br \/>\nColoris noir avec logo THOK rouge en contraste.<\/p>\n","protected":false},"excerpt":{"rendered":"<p>Blackflow Jersey Maillot technique \u00e0 manches longues pour le riding, con\u00e7u en tissu respirant pour une libert\u00e9 de mouvement maximale. Poche arri\u00e8re zipp\u00e9e int\u00e9gr\u00e9e pour les petits accessoires et chiffon int\u00e9rieur \u00e0 l\u2019avant pour nettoyer lunettes et \u00e9crans. Coloris noir avec logo THOK rouge en contraste.<\/p>\n","protected":false},"featured_media":29060,"comment_status":"closed","ping_status":"closed","template":"","meta":{"_acf_changed":false},"product_brand":[],"product_cat":[236,283],"product_tag":[],"class_list":{"0":"post-29105","1":"product","2":"type-product","3":"status-publish","4":"has-post-thumbnail","6":"product_cat-softgoods-fr","7":"product_cat-performance-fr","8":"pa_taglia-s-fr","9":"pa_taglia-l-fr","10":"pa_taglia-xl-fr","12":"first","13":"instock","14":"taxable","15":"shipping-taxable","16":"purchasable","17":"product-type-variable"},"acf":[],"yoast_head":"<!-- This site is optimized with the Yoast SEO plugin v27.1.1 - https:\/\/yoast.com\/product\/yoast-seo-wordpress\/ -->\n<title>Jersey LS Blackflow - Thok<\/title>\n<meta name=\"robots\" content=\"index, follow, max-snippet:-1, max-image-preview:large, max-video-preview:-1\" \/>\n<link rel=\"canonical\" href=\"https:\/\/www.thokbikes.com\/fr\/negozio\/vetements\/softgoods-fr\/jersey-ls-blackflow\/\" \/>\n<meta property=\"og:locale\" content=\"fr_FR\" \/>\n<meta property=\"og:type\" content=\"article\" \/>\n<meta property=\"og:title\" content=\"Jersey LS Blackflow - Thok\" \/>\n<meta property=\"og:description\" content=\"Blackflow Jersey Maillot technique \u00e0 manches longues pour le riding, con\u00e7u en tissu respirant pour une libert\u00e9 de mouvement maximale. Poche arri\u00e8re zipp\u00e9e int\u00e9gr\u00e9e pour les petits accessoires et chiffon int\u00e9rieur \u00e0 l\u2019avant pour nettoyer lunettes et \u00e9crans. Coloris noir avec logo THOK rouge en contraste.\" \/>\n<meta property=\"og:url\" content=\"https:\/\/www.thokbikes.com\/fr\/negozio\/vetements\/softgoods-fr\/jersey-ls-blackflow\/\" \/>\n<meta property=\"og:site_name\" content=\"Thok\" \/>\n<meta property=\"article:publisher\" content=\"https:\/\/www.facebook.com\/thokebikes\" \/>\n<meta property=\"article:modified_time\" content=\"2025-12-11T16:00:32+00:00\" \/>\n<meta property=\"og:image\" content=\"https:\/\/www.thokbikes.com\/wp-content\/uploads\/2025\/06\/LS-Black.jpg\" \/>\n\t<meta property=\"og:image:width\" content=\"1920\" \/>\n\t<meta property=\"og:image:height\" content=\"1920\" \/>\n\t<meta property=\"og:image:type\" content=\"image\/jpeg\" \/>\n<meta name=\"twitter:card\" content=\"summary_large_image\" \/>\n<meta name=\"twitter:label1\" content=\"Est. reading time\" \/>\n\t<meta name=\"twitter:data1\" content=\"1 minute\" \/>\n<script type=\"application\/ld+json\" class=\"yoast-schema-graph\">{\"@context\":\"https:\/\/schema.org\",\"@graph\":[{\"@type\":\"WebPage\",\"@id\":\"https:\/\/www.thokbikes.com\/fr\/negozio\/vetements\/softgoods-fr\/jersey-ls-blackflow\/\",\"url\":\"https:\/\/www.thokbikes.com\/fr\/negozio\/vetements\/softgoods-fr\/jersey-ls-blackflow\/\",\"name\":\"Jersey LS Blackflow - Thok\",\"isPartOf\":{\"@id\":\"https:\/\/www.thokbikes.com\/fr\/#website\"},\"primaryImageOfPage\":{\"@id\":\"https:\/\/www.thokbikes.com\/fr\/negozio\/vetements\/softgoods-fr\/jersey-ls-blackflow\/#primaryimage\"},\"image\":{\"@id\":\"https:\/\/www.thokbikes.com\/fr\/negozio\/vetements\/softgoods-fr\/jersey-ls-blackflow\/#primaryimage\"},\"thumbnailUrl\":\"https:\/\/www.thokbikes.com\/wp-content\/uploads\/2025\/06\/LS-Black.jpg\",\"datePublished\":\"2025-06-18T04:15:37+00:00\",\"dateModified\":\"2025-12-11T16:00:32+00:00\",\"breadcrumb\":{\"@id\":\"https:\/\/www.thokbikes.com\/fr\/negozio\/vetements\/softgoods-fr\/jersey-ls-blackflow\/#breadcrumb\"},\"inLanguage\":\"fr-FR\",\"potentialAction\":[{\"@type\":\"ReadAction\",\"target\":[\"https:\/\/www.thokbikes.com\/fr\/negozio\/vetements\/softgoods-fr\/jersey-ls-blackflow\/\"]}]},{\"@type\":\"ImageObject\",\"inLanguage\":\"fr-FR\",\"@id\":\"https:\/\/www.thokbikes.com\/fr\/negozio\/vetements\/softgoods-fr\/jersey-ls-blackflow\/#primaryimage\",\"url\":\"https:\/\/www.thokbikes.com\/wp-content\/uploads\/2025\/06\/LS-Black.jpg\",\"contentUrl\":\"https:\/\/www.thokbikes.com\/wp-content\/uploads\/2025\/06\/LS-Black.jpg\",\"width\":1920,\"height\":1920},{\"@type\":\"BreadcrumbList\",\"@id\":\"https:\/\/www.thokbikes.com\/fr\/negozio\/vetements\/softgoods-fr\/jersey-ls-blackflow\/#breadcrumb\",\"itemListElement\":[{\"@type\":\"ListItem\",\"position\":1,\"name\":\"Home\",\"item\":\"https:\/\/www.thokbikes.com\/fr\/\"},{\"@type\":\"ListItem\",\"position\":2,\"name\":\"Shop\",\"item\":\"https:\/\/www.thokbikes.com\/negozio\/\"},{\"@type\":\"ListItem\",\"position\":3,\"name\":\"Jersey LS Blackflow\"}]},{\"@type\":\"WebSite\",\"@id\":\"https:\/\/www.thokbikes.com\/fr\/#website\",\"url\":\"https:\/\/www.thokbikes.com\/fr\/\",\"name\":\"Thok E-bikes\",\"description\":\"\",\"publisher\":{\"@id\":\"https:\/\/www.thokbikes.com\/fr\/#organization\"},\"potentialAction\":[{\"@type\":\"SearchAction\",\"target\":{\"@type\":\"EntryPoint\",\"urlTemplate\":\"https:\/\/www.thokbikes.com\/fr\/?s={search_term_string}\"},\"query-input\":{\"@type\":\"PropertyValueSpecification\",\"valueRequired\":true,\"valueName\":\"search_term_string\"}}],\"inLanguage\":\"fr-FR\"},{\"@type\":\"Organization\",\"@id\":\"https:\/\/www.thokbikes.com\/fr\/#organization\",\"name\":\"Thok E-bikes\",\"url\":\"https:\/\/www.thokbikes.com\/fr\/\",\"logo\":{\"@type\":\"ImageObject\",\"inLanguage\":\"fr-FR\",\"@id\":\"https:\/\/www.thokbikes.com\/fr\/#\/schema\/logo\/image\/\",\"url\":\"https:\/\/www.thokbikes.com\/wp-content\/uploads\/2025\/11\/logo-thok-white.png\",\"contentUrl\":\"https:\/\/www.thokbikes.com\/wp-content\/uploads\/2025\/11\/logo-thok-white.png\",\"width\":1920,\"height\":281,\"caption\":\"Thok E-bikes\"},\"image\":{\"@id\":\"https:\/\/www.thokbikes.com\/fr\/#\/schema\/logo\/image\/\"},\"sameAs\":[\"https:\/\/www.facebook.com\/thokebikes\",\"https:\/\/www.instagram.com\/thok_ebikes\/\",\"https:\/\/www.youtube.com\/channel\/UC-yfWNxPCJvVdRymE7tA8Ww\"]}]}<\/script>\n<!-- \/ Yoast SEO plugin. -->","yoast_head_json":{"title":"Jersey LS Blackflow - Thok","robots":{"index":"index","follow":"follow","max-snippet":"max-snippet:-1","max-image-preview":"max-image-preview:large","max-video-preview":"max-video-preview:-1"},"canonical":"https:\/\/www.thokbikes.com\/fr\/negozio\/vetements\/softgoods-fr\/jersey-ls-blackflow\/","og_locale":"fr_FR","og_type":"article","og_title":"Jersey LS Blackflow - Thok","og_description":"Blackflow Jersey Maillot technique \u00e0 manches longues pour le riding, con\u00e7u en tissu respirant pour une libert\u00e9 de mouvement maximale. Poche arri\u00e8re zipp\u00e9e int\u00e9gr\u00e9e pour les petits accessoires et chiffon int\u00e9rieur \u00e0 l\u2019avant pour nettoyer lunettes et \u00e9crans. Coloris noir avec logo THOK rouge en contraste.","og_url":"https:\/\/www.thokbikes.com\/fr\/negozio\/vetements\/softgoods-fr\/jersey-ls-blackflow\/","og_site_name":"Thok","article_publisher":"https:\/\/www.facebook.com\/thokebikes","article_modified_time":"2025-12-11T16:00:32+00:00","og_image":[{"width":1920,"height":1920,"url":"https:\/\/www.thokbikes.com\/wp-content\/uploads\/2025\/06\/LS-Black.jpg","type":"image\/jpeg"}],"twitter_card":"summary_large_image","twitter_misc":{"Est. reading time":"1 minute"},"schema":{"@context":"https:\/\/schema.org","@graph":[{"@type":"WebPage","@id":"https:\/\/www.thokbikes.com\/fr\/negozio\/vetements\/softgoods-fr\/jersey-ls-blackflow\/","url":"https:\/\/www.thokbikes.com\/fr\/negozio\/vetements\/softgoods-fr\/jersey-ls-blackflow\/","name":"Jersey LS Blackflow - Thok","isPartOf":{"@id":"https:\/\/www.thokbikes.com\/fr\/#website"},"primaryImageOfPage":{"@id":"https:\/\/www.thokbikes.com\/fr\/negozio\/vetements\/softgoods-fr\/jersey-ls-blackflow\/#primaryimage"},"image":{"@id":"https:\/\/www.thokbikes.com\/fr\/negozio\/vetements\/softgoods-fr\/jersey-ls-blackflow\/#primaryimage"},"thumbnailUrl":"https:\/\/www.thokbikes.com\/wp-content\/uploads\/2025\/06\/LS-Black.jpg","datePublished":"2025-06-18T04:15:37+00:00","dateModified":"2025-12-11T16:00:32+00:00","breadcrumb":{"@id":"https:\/\/www.thokbikes.com\/fr\/negozio\/vetements\/softgoods-fr\/jersey-ls-blackflow\/#breadcrumb"},"inLanguage":"fr-FR","potentialAction":[{"@type":"ReadAction","target":["https:\/\/www.thokbikes.com\/fr\/negozio\/vetements\/softgoods-fr\/jersey-ls-blackflow\/"]}]},{"@type":"ImageObject","inLanguage":"fr-FR","@id":"https:\/\/www.thokbikes.com\/fr\/negozio\/vetements\/softgoods-fr\/jersey-ls-blackflow\/#primaryimage","url":"https:\/\/www.thokbikes.com\/wp-content\/uploads\/2025\/06\/LS-Black.jpg","contentUrl":"https:\/\/www.thokbikes.com\/wp-content\/uploads\/2025\/06\/LS-Black.jpg","width":1920,"height":1920},{"@type":"BreadcrumbList","@id":"https:\/\/www.thokbikes.com\/fr\/negozio\/vetements\/softgoods-fr\/jersey-ls-blackflow\/#breadcrumb","itemListElement":[{"@type":"ListItem","position":1,"name":"Home","item":"https:\/\/www.thokbikes.com\/fr\/"},{"@type":"ListItem","position":2,"name":"Shop","item":"https:\/\/www.thokbikes.com\/negozio\/"},{"@type":"ListItem","position":3,"name":"Jersey LS Blackflow"}]},{"@type":"WebSite","@id":"https:\/\/www.thokbikes.com\/fr\/#website","url":"https:\/\/www.thokbikes.com\/fr\/","name":"Thok E-bikes","description":"","publisher":{"@id":"https:\/\/www.thokbikes.com\/fr\/#organization"},"potentialAction":[{"@type":"SearchAction","target":{"@type":"EntryPoint","urlTemplate":"https:\/\/www.thokbikes.com\/fr\/?s={search_term_string}"},"query-input":{"@type":"PropertyValueSpecification","valueRequired":true,"valueName":"search_term_string"}}],"inLanguage":"fr-FR"},{"@type":"Organization","@id":"https:\/\/www.thokbikes.com\/fr\/#organization","name":"Thok E-bikes","url":"https:\/\/www.thokbikes.com\/fr\/","logo":{"@type":"ImageObject","inLanguage":"fr-FR","@id":"https:\/\/www.thokbikes.com\/fr\/#\/schema\/logo\/image\/","url":"https:\/\/www.thokbikes.com\/wp-content\/uploads\/2025\/11\/logo-thok-white.png","contentUrl":"https:\/\/www.thokbikes.com\/wp-content\/uploads\/2025\/11\/logo-thok-white.png","width":1920,"height":281,"caption":"Thok E-bikes"},"image":{"@id":"https:\/\/www.thokbikes.com\/fr\/#\/schema\/logo\/image\/"},"sameAs":["https:\/\/www.facebook.com\/thokebikes","https:\/\/www.instagram.com\/thok_ebikes\/","https:\/\/www.youtube.com\/channel\/UC-yfWNxPCJvVdRymE7tA8Ww"]}]}},"_links":{"self":[{"href":"https:\/\/www.thokbikes.com\/fr\/wp-json\/wp\/v2\/product\/29105","targetHints":{"allow":["GET"]}}],"collection":[{"href":"https:\/\/www.thokbikes.com\/fr\/wp-json\/wp\/v2\/product"}],"about":[{"href":"https:\/\/www.thokbikes.com\/fr\/wp-json\/wp\/v2\/types\/product"}],"replies":[{"embeddable":true,"href":"https:\/\/www.thokbikes.com\/fr\/wp-json\/wp\/v2\/comments?post=29105"}],"wp:featuredmedia":[{"embeddable":true,"href":"https:\/\/www.thokbikes.com\/fr\/wp-json\/wp\/v2\/media\/29060"}],"wp:attachment":[{"href":"https:\/\/www.thokbikes.com\/fr\/wp-json\/wp\/v2\/media?parent=29105"}],"wp:term":[{"taxonomy":"product_brand","embeddable":true,"href":"https:\/\/www.thokbikes.com\/fr\/wp-json\/wp\/v2\/product_brand?post=29105"},{"taxonomy":"product_cat","embeddable":true,"href":"https:\/\/www.thokbikes.com\/fr\/wp-json\/wp\/v2\/product_cat?post=29105"},{"taxonomy":"product_tag","embeddable":true,"href":"https:\/\/www.thokbikes.com\/fr\/wp-json\/wp\/v2\/product_tag?post=29105"}],"curies":[{"name":"wp","href":"https:\/\/api.w.org\/{rel}","templated":true}]}}