{"id":31556,"date":"2025-10-06T15:30:54","date_gmt":"2025-10-06T13:30:54","guid":{"rendered":"https:\/\/www.thokbikes.com\/?post_type=product&#038;p=31556"},"modified":"2026-01-26T20:40:11","modified_gmt":"2026-01-26T19:40:11","slug":"mig-r-mod-tg-m","status":"publish","type":"product","link":"https:\/\/www.thokbikes.com\/fr\/negozio\/outlet-fr\/mig-r-mod-tg-m\/","title":{"rendered":"MIG-R Taille M &#8211; EXPO"},"content":{"rendered":"<ul>\n<li><strong>MOD\u00c8LE<\/strong> : THOK \u2013 MIG-R<\/li>\n<li><strong>TAILLE<\/strong> : M<\/li>\n<li><strong>KM<\/strong> : 0<\/li>\n<li><strong>TYPE<\/strong> : V\u00e9lo d&#8217;exposition<\/li>\n<li><strong>DUR\u00c9E DE GARANTIE<\/strong> : 24 mois<\/li>\n<\/ul>\n<p><strong>Caract\u00e9ristiques Techniques<\/strong> :<br \/>\nAll-mountain avec cadre en aluminium, moteur Shimano EP8, batterie de 630Wh, d\u00e9battement avant de 150 mm, freins \u00e0 4 pistons, roues mullet, tige de selle t\u00e9lescopique.<\/p>\n<p><strong>Description<\/strong> :<br \/>\nV\u00e9lo utilis\u00e9 comme mod\u00e8le d&#8217;exposition lors de salons et \u00e9v\u00e9nements. Z\u00e9ro kilom\u00e8tre, aucun signe d&#8217;usure sur le cadre et les composants.<\/p>\n<p><strong>Composants<\/strong> :<\/p>\n<ul>\n<li><strong>FRAME<\/strong>: Alloy frame 6061 T4 T6 with 140mm rear travel, forged and CNC parts, hydroformed tubes, geometry 29\u2033\/27.5\u2033, semi-integrated battery<\/li>\n<li><strong>SIZES<\/strong>: S (154 \u2013 165cm) M (166 \u2013 174 cm) L (175- 184 cm) XL (185 \u2013 200cm)<\/li>\n<li><strong>POWER SUPPLY<\/strong>: SHIMANO STEPS EP8 \u2013 85 Nm (250W) \u2013 630 Wh waterproof battery<\/li>\n<li><strong>DISPLAY and SHIFTER<\/strong>: Cyclo Computer SC-E7000 with 1,39\u2033 display \u2013 SW-E7000 ergonomic controller (Eco, Trail, Boost e Power-Walk)<\/li>\n<li><strong>FORK<\/strong>: FOX \u2013 RHYTHM, 36 Float 150 mm, boost 29\u2033<\/li>\n<li><strong>REAR SHOCK<\/strong>: FOX \u2013 DPS , THOK personalized setup 210\u00d755<\/li>\n<li><strong>BRAKES<\/strong>: SRAM \u2013 GUIDE RE, 4 piston, hydraulic brakes \u2013 rotor 203 mm<\/li>\n<li><strong>REAR DERALLIEUR<\/strong>: SRAM \u2013 GX Eagle 12 S<\/li>\n<li><strong>SHIFTING<\/strong>: SRAM \u2013 NX Eagle trigger 12 S<\/li>\n<li><strong>CASSETTE<\/strong>: SRAM \u2013 Eagle 12 S ; 11-50<\/li>\n<li><strong>CHAIN<\/strong>: SRAM \u2013 12 S<\/li>\n<li><strong>CRANK<\/strong>: FSA 165 mm with chainring 34 T<\/li>\n<li><strong>WHEELSET<\/strong>: MAVIC rims \u2013 29\u2033x30 mm front and 27.5\u2033x35 mm rear<\/li>\n<li><strong>STEM<\/strong>: THOK CNC, oversize 35 mm, lenght 45mm<\/li>\n<li><strong>HANDLEBAR<\/strong>: THOK Oversize bar 35 mm, size 20 mm<\/li>\n<li><strong>GRIP<\/strong>: THOK \u2013 Lock-On grip<\/li>\n<li><strong>TIRES<\/strong>: MAXXIS \u2013 Assegai 29\u2033 (Size S 27,5\u2033) \/ 27,5\u2033 x 2.6 3C \/ EXO+ \/ TR<\/li>\n<li><strong>SEATPOST<\/strong>: THOK \u2013 Dropper post (125 mm size S \u2013 150 mm other size)<\/li>\n<li><strong>SADDLE<\/strong>: THOK \u2013 Fit in Chromo<\/li>\n<li><strong>PEDALS<\/strong>: NW 482S in polietilen<\/li>\n<li><strong>WEIGHT<\/strong>: 23,8 Kg (Medium size without pedals)<\/li>\n<\/ul>\n","protected":false},"excerpt":{"rendered":"<p>MOD\u00c8LE : THOK \u2013 MIG-R TAILLE : M KM : 0 TYPE : V\u00e9lo d&#8217;exposition DUR\u00c9E DE GARANTIE : 24 mois Caract\u00e9ristiques Techniques : All-mountain avec cadre en aluminium, moteur Shimano EP8, batterie de 630Wh, d\u00e9battement avant de 150 mm, freins \u00e0 4 pistons, roues mullet, tige de selle t\u00e9lescopique. Description : V\u00e9lo utilis\u00e9 comme [&hellip;]<\/p>\n","protected":false},"featured_media":29909,"comment_status":"closed","ping_status":"closed","template":"","meta":{"_acf_changed":false},"product_brand":[],"product_cat":[263],"product_tag":[],"class_list":{"0":"post-31556","1":"product","2":"type-product","3":"status-publish","4":"has-post-thumbnail","6":"product_cat-outlet-fr","8":"first","9":"instock","10":"taxable","11":"shipping-taxable","12":"product-type-simple"},"acf":[],"yoast_head":"<!-- This site is optimized with the Yoast SEO plugin v27.3 - https:\/\/yoast.com\/product\/yoast-seo-wordpress\/ -->\n<title>MIG-R Taille M - EXPO - Thok<\/title>\n<meta name=\"robots\" content=\"index, follow, max-snippet:-1, max-image-preview:large, max-video-preview:-1\" \/>\n<link rel=\"canonical\" href=\"https:\/\/www.thokbikes.com\/fr\/negozio\/outlet-fr\/mig-r-mod-tg-m\/\" \/>\n<meta property=\"og:locale\" content=\"fr_FR\" \/>\n<meta property=\"og:type\" content=\"article\" \/>\n<meta property=\"og:title\" content=\"MIG-R Taille M - EXPO - Thok\" \/>\n<meta property=\"og:description\" content=\"MOD\u00c8LE : THOK \u2013 MIG-R TAILLE : M KM : 0 TYPE : V\u00e9lo d&#8217;exposition DUR\u00c9E DE GARANTIE : 24 mois Caract\u00e9ristiques Techniques : All-mountain avec cadre en aluminium, moteur Shimano EP8, batterie de 630Wh, d\u00e9battement avant de 150 mm, freins \u00e0 4 pistons, roues mullet, tige de selle t\u00e9lescopique. Description : V\u00e9lo utilis\u00e9 comme [&hellip;]\" \/>\n<meta property=\"og:url\" content=\"https:\/\/www.thokbikes.com\/fr\/negozio\/outlet-fr\/mig-r-mod-tg-m\/\" \/>\n<meta property=\"og:site_name\" content=\"Thok\" \/>\n<meta property=\"article:publisher\" content=\"https:\/\/www.facebook.com\/thokebikes\" \/>\n<meta property=\"article:modified_time\" content=\"2026-01-26T19:40:11+00:00\" \/>\n<meta property=\"og:image\" content=\"https:\/\/www.thokbikes.com\/wp-content\/uploads\/2025\/07\/Outlet-MIG-R.jpg\" \/>\n\t<meta property=\"og:image:width\" content=\"900\" \/>\n\t<meta property=\"og:image:height\" content=\"900\" \/>\n\t<meta property=\"og:image:type\" content=\"image\/jpeg\" \/>\n<meta name=\"twitter:card\" content=\"summary_large_image\" \/>\n<meta name=\"twitter:label1\" content=\"Est. reading time\" \/>\n\t<meta name=\"twitter:data1\" content=\"2 minutes\" \/>\n<script type=\"application\/ld+json\" class=\"yoast-schema-graph\">{\"@context\":\"https:\\\/\\\/schema.org\",\"@graph\":[{\"@type\":\"WebPage\",\"@id\":\"https:\\\/\\\/www.thokbikes.com\\\/fr\\\/negozio\\\/outlet-fr\\\/mig-r-mod-tg-m\\\/\",\"url\":\"https:\\\/\\\/www.thokbikes.com\\\/fr\\\/negozio\\\/outlet-fr\\\/mig-r-mod-tg-m\\\/\",\"name\":\"MIG-R Taille M - EXPO - Thok\",\"isPartOf\":{\"@id\":\"https:\\\/\\\/www.thokbikes.com\\\/fr\\\/#website\"},\"primaryImageOfPage\":{\"@id\":\"https:\\\/\\\/www.thokbikes.com\\\/fr\\\/negozio\\\/outlet-fr\\\/mig-r-mod-tg-m\\\/#primaryimage\"},\"image\":{\"@id\":\"https:\\\/\\\/www.thokbikes.com\\\/fr\\\/negozio\\\/outlet-fr\\\/mig-r-mod-tg-m\\\/#primaryimage\"},\"thumbnailUrl\":\"https:\\\/\\\/www.thokbikes.com\\\/wp-content\\\/uploads\\\/2025\\\/07\\\/Outlet-MIG-R.jpg\",\"datePublished\":\"2025-10-06T13:30:54+00:00\",\"dateModified\":\"2026-01-26T19:40:11+00:00\",\"breadcrumb\":{\"@id\":\"https:\\\/\\\/www.thokbikes.com\\\/fr\\\/negozio\\\/outlet-fr\\\/mig-r-mod-tg-m\\\/#breadcrumb\"},\"inLanguage\":\"fr-FR\",\"potentialAction\":[{\"@type\":\"ReadAction\",\"target\":[\"https:\\\/\\\/www.thokbikes.com\\\/fr\\\/negozio\\\/outlet-fr\\\/mig-r-mod-tg-m\\\/\"]}]},{\"@type\":\"ImageObject\",\"inLanguage\":\"fr-FR\",\"@id\":\"https:\\\/\\\/www.thokbikes.com\\\/fr\\\/negozio\\\/outlet-fr\\\/mig-r-mod-tg-m\\\/#primaryimage\",\"url\":\"https:\\\/\\\/www.thokbikes.com\\\/wp-content\\\/uploads\\\/2025\\\/07\\\/Outlet-MIG-R.jpg\",\"contentUrl\":\"https:\\\/\\\/www.thokbikes.com\\\/wp-content\\\/uploads\\\/2025\\\/07\\\/Outlet-MIG-R.jpg\",\"width\":900,\"height\":900},{\"@type\":\"BreadcrumbList\",\"@id\":\"https:\\\/\\\/www.thokbikes.com\\\/fr\\\/negozio\\\/outlet-fr\\\/mig-r-mod-tg-m\\\/#breadcrumb\",\"itemListElement\":[{\"@type\":\"ListItem\",\"position\":1,\"name\":\"Home\",\"item\":\"https:\\\/\\\/www.thokbikes.com\\\/fr\\\/\"},{\"@type\":\"ListItem\",\"position\":2,\"name\":\"Shop\",\"item\":\"https:\\\/\\\/www.thokbikes.com\\\/negozio\\\/\"},{\"@type\":\"ListItem\",\"position\":3,\"name\":\"MIG-R Taille M &#8211; EXPO\"}]},{\"@type\":\"WebSite\",\"@id\":\"https:\\\/\\\/www.thokbikes.com\\\/fr\\\/#website\",\"url\":\"https:\\\/\\\/www.thokbikes.com\\\/fr\\\/\",\"name\":\"Thok E-bikes\",\"description\":\"\",\"publisher\":{\"@id\":\"https:\\\/\\\/www.thokbikes.com\\\/fr\\\/#organization\"},\"potentialAction\":[{\"@type\":\"SearchAction\",\"target\":{\"@type\":\"EntryPoint\",\"urlTemplate\":\"https:\\\/\\\/www.thokbikes.com\\\/fr\\\/?s={search_term_string}\"},\"query-input\":{\"@type\":\"PropertyValueSpecification\",\"valueRequired\":true,\"valueName\":\"search_term_string\"}}],\"inLanguage\":\"fr-FR\"},{\"@type\":\"Organization\",\"@id\":\"https:\\\/\\\/www.thokbikes.com\\\/fr\\\/#organization\",\"name\":\"Thok E-bikes\",\"url\":\"https:\\\/\\\/www.thokbikes.com\\\/fr\\\/\",\"logo\":{\"@type\":\"ImageObject\",\"inLanguage\":\"fr-FR\",\"@id\":\"https:\\\/\\\/www.thokbikes.com\\\/fr\\\/#\\\/schema\\\/logo\\\/image\\\/\",\"url\":\"https:\\\/\\\/www.thokbikes.com\\\/wp-content\\\/uploads\\\/2025\\\/11\\\/logo-thok-white.png\",\"contentUrl\":\"https:\\\/\\\/www.thokbikes.com\\\/wp-content\\\/uploads\\\/2025\\\/11\\\/logo-thok-white.png\",\"width\":1920,\"height\":281,\"caption\":\"Thok E-bikes\"},\"image\":{\"@id\":\"https:\\\/\\\/www.thokbikes.com\\\/fr\\\/#\\\/schema\\\/logo\\\/image\\\/\"},\"sameAs\":[\"https:\\\/\\\/www.facebook.com\\\/thokebikes\",\"https:\\\/\\\/www.instagram.com\\\/thok_ebikes\\\/\",\"https:\\\/\\\/www.youtube.com\\\/channel\\\/UC-yfWNxPCJvVdRymE7tA8Ww\"]}]}<\/script>\n<!-- \/ Yoast SEO plugin. -->","yoast_head_json":{"title":"MIG-R Taille M - EXPO - Thok","robots":{"index":"index","follow":"follow","max-snippet":"max-snippet:-1","max-image-preview":"max-image-preview:large","max-video-preview":"max-video-preview:-1"},"canonical":"https:\/\/www.thokbikes.com\/fr\/negozio\/outlet-fr\/mig-r-mod-tg-m\/","og_locale":"fr_FR","og_type":"article","og_title":"MIG-R Taille M - EXPO - Thok","og_description":"MOD\u00c8LE : THOK \u2013 MIG-R TAILLE : M KM : 0 TYPE : V\u00e9lo d&#8217;exposition DUR\u00c9E DE GARANTIE : 24 mois Caract\u00e9ristiques Techniques : All-mountain avec cadre en aluminium, moteur Shimano EP8, batterie de 630Wh, d\u00e9battement avant de 150 mm, freins \u00e0 4 pistons, roues mullet, tige de selle t\u00e9lescopique. Description : V\u00e9lo utilis\u00e9 comme [&hellip;]","og_url":"https:\/\/www.thokbikes.com\/fr\/negozio\/outlet-fr\/mig-r-mod-tg-m\/","og_site_name":"Thok","article_publisher":"https:\/\/www.facebook.com\/thokebikes","article_modified_time":"2026-01-26T19:40:11+00:00","og_image":[{"width":900,"height":900,"url":"https:\/\/www.thokbikes.com\/wp-content\/uploads\/2025\/07\/Outlet-MIG-R.jpg","type":"image\/jpeg"}],"twitter_card":"summary_large_image","twitter_misc":{"Est. reading time":"2 minutes"},"schema":{"@context":"https:\/\/schema.org","@graph":[{"@type":"WebPage","@id":"https:\/\/www.thokbikes.com\/fr\/negozio\/outlet-fr\/mig-r-mod-tg-m\/","url":"https:\/\/www.thokbikes.com\/fr\/negozio\/outlet-fr\/mig-r-mod-tg-m\/","name":"MIG-R Taille M - EXPO - Thok","isPartOf":{"@id":"https:\/\/www.thokbikes.com\/fr\/#website"},"primaryImageOfPage":{"@id":"https:\/\/www.thokbikes.com\/fr\/negozio\/outlet-fr\/mig-r-mod-tg-m\/#primaryimage"},"image":{"@id":"https:\/\/www.thokbikes.com\/fr\/negozio\/outlet-fr\/mig-r-mod-tg-m\/#primaryimage"},"thumbnailUrl":"https:\/\/www.thokbikes.com\/wp-content\/uploads\/2025\/07\/Outlet-MIG-R.jpg","datePublished":"2025-10-06T13:30:54+00:00","dateModified":"2026-01-26T19:40:11+00:00","breadcrumb":{"@id":"https:\/\/www.thokbikes.com\/fr\/negozio\/outlet-fr\/mig-r-mod-tg-m\/#breadcrumb"},"inLanguage":"fr-FR","potentialAction":[{"@type":"ReadAction","target":["https:\/\/www.thokbikes.com\/fr\/negozio\/outlet-fr\/mig-r-mod-tg-m\/"]}]},{"@type":"ImageObject","inLanguage":"fr-FR","@id":"https:\/\/www.thokbikes.com\/fr\/negozio\/outlet-fr\/mig-r-mod-tg-m\/#primaryimage","url":"https:\/\/www.thokbikes.com\/wp-content\/uploads\/2025\/07\/Outlet-MIG-R.jpg","contentUrl":"https:\/\/www.thokbikes.com\/wp-content\/uploads\/2025\/07\/Outlet-MIG-R.jpg","width":900,"height":900},{"@type":"BreadcrumbList","@id":"https:\/\/www.thokbikes.com\/fr\/negozio\/outlet-fr\/mig-r-mod-tg-m\/#breadcrumb","itemListElement":[{"@type":"ListItem","position":1,"name":"Home","item":"https:\/\/www.thokbikes.com\/fr\/"},{"@type":"ListItem","position":2,"name":"Shop","item":"https:\/\/www.thokbikes.com\/negozio\/"},{"@type":"ListItem","position":3,"name":"MIG-R Taille M &#8211; EXPO"}]},{"@type":"WebSite","@id":"https:\/\/www.thokbikes.com\/fr\/#website","url":"https:\/\/www.thokbikes.com\/fr\/","name":"Thok E-bikes","description":"","publisher":{"@id":"https:\/\/www.thokbikes.com\/fr\/#organization"},"potentialAction":[{"@type":"SearchAction","target":{"@type":"EntryPoint","urlTemplate":"https:\/\/www.thokbikes.com\/fr\/?s={search_term_string}"},"query-input":{"@type":"PropertyValueSpecification","valueRequired":true,"valueName":"search_term_string"}}],"inLanguage":"fr-FR"},{"@type":"Organization","@id":"https:\/\/www.thokbikes.com\/fr\/#organization","name":"Thok E-bikes","url":"https:\/\/www.thokbikes.com\/fr\/","logo":{"@type":"ImageObject","inLanguage":"fr-FR","@id":"https:\/\/www.thokbikes.com\/fr\/#\/schema\/logo\/image\/","url":"https:\/\/www.thokbikes.com\/wp-content\/uploads\/2025\/11\/logo-thok-white.png","contentUrl":"https:\/\/www.thokbikes.com\/wp-content\/uploads\/2025\/11\/logo-thok-white.png","width":1920,"height":281,"caption":"Thok E-bikes"},"image":{"@id":"https:\/\/www.thokbikes.com\/fr\/#\/schema\/logo\/image\/"},"sameAs":["https:\/\/www.facebook.com\/thokebikes","https:\/\/www.instagram.com\/thok_ebikes\/","https:\/\/www.youtube.com\/channel\/UC-yfWNxPCJvVdRymE7tA8Ww"]}]}},"_links":{"self":[{"href":"https:\/\/www.thokbikes.com\/fr\/wp-json\/wp\/v2\/product\/31556","targetHints":{"allow":["GET"]}}],"collection":[{"href":"https:\/\/www.thokbikes.com\/fr\/wp-json\/wp\/v2\/product"}],"about":[{"href":"https:\/\/www.thokbikes.com\/fr\/wp-json\/wp\/v2\/types\/product"}],"replies":[{"embeddable":true,"href":"https:\/\/www.thokbikes.com\/fr\/wp-json\/wp\/v2\/comments?post=31556"}],"wp:featuredmedia":[{"embeddable":true,"href":"https:\/\/www.thokbikes.com\/fr\/wp-json\/wp\/v2\/media\/29909"}],"wp:attachment":[{"href":"https:\/\/www.thokbikes.com\/fr\/wp-json\/wp\/v2\/media?parent=31556"}],"wp:term":[{"taxonomy":"product_brand","embeddable":true,"href":"https:\/\/www.thokbikes.com\/fr\/wp-json\/wp\/v2\/product_brand?post=31556"},{"taxonomy":"product_cat","embeddable":true,"href":"https:\/\/www.thokbikes.com\/fr\/wp-json\/wp\/v2\/product_cat?post=31556"},{"taxonomy":"product_tag","embeddable":true,"href":"https:\/\/www.thokbikes.com\/fr\/wp-json\/wp\/v2\/product_tag?post=31556"}],"curies":[{"name":"wp","href":"https:\/\/api.w.org\/{rel}","templated":true}]}}