{"id":32361,"date":"2025-10-20T10:34:03","date_gmt":"2025-10-20T08:34:03","guid":{"rendered":"https:\/\/www.thokbikes.com\/?post_type=product&#038;p=32361"},"modified":"2026-02-10T11:50:09","modified_gmt":"2026-02-10T10:50:09","slug":"mig-ht-r-taille-xl-expo","status":"publish","type":"product","link":"https:\/\/www.thokbikes.com\/fr\/negozio\/outlet-fr\/mig-ht-r-taille-xl-expo\/","title":{"rendered":"MIG HT-R TAILLE XL &#8211; EXPO"},"content":{"rendered":"<ul>\n<li><strong>MOD\u00c8LE :<\/strong> THOK \u2013 MIG HTR<\/li>\n<li><strong>TAILLE :<\/strong> XL<\/li>\n<li><strong>KM :<\/strong> 0<\/li>\n<li><strong>TYPE :<\/strong> V\u00e9lo Expo<\/li>\n<li><strong>DUR\u00c9E DE GARANTIE :<\/strong> 24 mois<\/li>\n<\/ul>\n<p><strong>Caract\u00e9ristiques Techniques :<\/strong><br \/>\nHardtail avec cadre en aluminium, moteur Shimano E7000, batterie semi-int\u00e9gr\u00e9e de 504Wh, d\u00e9battement avant de 120 mm, freins \u00e0 4 pistons, roues 29&#8243;, tige de selle t\u00e9lescopique.<\/p>\n<p><strong>Description :<\/strong><br \/>\nV\u00e9lo neuf. Fin de s\u00e9rie, derniers exemplaires disponibles.<\/p>\n<p><strong>Composants:<\/strong><\/p>\n<ul>\n<li><strong>FRAME:<\/strong> Alloy frame 6061 T4 T6, forged and CNC parts, hydroformed tubes, geometry 29\u2033\/29\u2033, semi-integrated battery<\/li>\n<li><strong>SIZES:<\/strong> S (140 \u2013 164cm) M (165 \u2013 174 cm) L (175- 184 cm) XL (185 \u2013 200cm)<\/li>\n<li><strong>POWER SUPPLY:<\/strong> SHIMANO STEPS E7000 \u2013 60 Nm (250W)<\/li>\n<li><strong>DISPLAY and SHIFTER:<\/strong> Cyclo Computer SC-E7000 with 1,39\u2033 display \u2013 SW-E7000 ergonomic controller (Eco, Trail, Boost e Power-Walk)<\/li>\n<li><strong>FORK:<\/strong> RockShox \u2013 RECON RL ,29\u2033, Boost, 120 mm<\/li>\n<li><strong>BRAKES:<\/strong> SRAM \u2013 GUIDE T 4 calipers, with 200\/180mm rotor disks<\/li>\n<li><strong>REAR DERAILLEUR:<\/strong> SRAM \u2013 NX Eagle 11s<\/li>\n<li><strong>SHIFTING:<\/strong> SRAM \u2013 NX Eagle trigger 11s<\/li>\n<li><strong>CASSETTE:<\/strong> SRAM \u2013 NX Eagle 11s, 11-42<\/li>\n<li><strong>CHAIN:<\/strong> SRAM \u2013 11 S<\/li>\n<li><strong>CRANK:<\/strong> FSA 165 mm with chainring 34 T<\/li>\n<li><strong>WHEELSET:<\/strong> THOK Drift \u2013 29\u2033x30 mm front &amp; rear<\/li>\n<li><strong>STEM:<\/strong> THOK CNC, oversize 60 mm<\/li>\n<li><strong>HANDLEBAR:<\/strong> THOK Oversize bar 31,8 mm, rise 0,5 mm<\/li>\n<li><strong>GRIP:<\/strong> THOK \u2013 Lock-On grip<\/li>\n<li><strong>TIRES:<\/strong> MAXXIS \u2013 Dissector 29\u2033 x2.6, 60 Tpi, EXO\/ TR<\/li>\n<li><strong>SEATPOST:<\/strong> THOK \u2013 Dropper post (125 mm size S \u2013 150 mm other size)<\/li>\n<li><strong>SADDLE:<\/strong> THOK \u2013 Fit in Chromo<\/li>\n<li><strong>PEDALS:<\/strong> NW 482S in polietilen<\/li>\n<li><strong>WEIGHT:<\/strong> 21,8 Kg (Medium size without pedals)<\/li>\n<\/ul>\n","protected":false},"excerpt":{"rendered":"<p>MOD\u00c8LE : THOK \u2013 MIG HTR TAILLE : XL KM : 0 TYPE : V\u00e9lo Expo DUR\u00c9E DE GARANTIE : 24 mois Caract\u00e9ristiques Techniques : Hardtail avec cadre en aluminium, moteur Shimano E7000, batterie semi-int\u00e9gr\u00e9e de 504Wh, d\u00e9battement avant de 120 mm, freins \u00e0 4 pistons, roues 29&#8243;, tige de selle t\u00e9lescopique. Description : V\u00e9lo [&hellip;]<\/p>\n","protected":false},"featured_media":32187,"comment_status":"closed","ping_status":"closed","template":"","meta":{"_acf_changed":false},"product_brand":[],"product_cat":[263],"product_tag":[],"class_list":{"0":"post-32361","1":"product","2":"type-product","3":"status-publish","4":"has-post-thumbnail","6":"product_cat-outlet-fr","8":"first","9":"instock","10":"taxable","11":"shipping-taxable","12":"purchasable","13":"product-type-simple"},"acf":[],"yoast_head":"<!-- This site is optimized with the Yoast SEO plugin v27.3 - https:\/\/yoast.com\/product\/yoast-seo-wordpress\/ -->\n<title>MIG HT-R TAILLE XL - EXPO - Thok<\/title>\n<meta name=\"robots\" content=\"index, follow, max-snippet:-1, max-image-preview:large, max-video-preview:-1\" \/>\n<link rel=\"canonical\" href=\"https:\/\/www.thokbikes.com\/fr\/negozio\/outlet-fr\/mig-ht-r-taille-xl-expo\/\" \/>\n<meta property=\"og:locale\" content=\"fr_FR\" \/>\n<meta property=\"og:type\" content=\"article\" \/>\n<meta property=\"og:title\" content=\"MIG HT-R TAILLE XL - EXPO - Thok\" \/>\n<meta property=\"og:description\" content=\"MOD\u00c8LE : THOK \u2013 MIG HTR TAILLE : XL KM : 0 TYPE : V\u00e9lo Expo DUR\u00c9E DE GARANTIE : 24 mois Caract\u00e9ristiques Techniques : Hardtail avec cadre en aluminium, moteur Shimano E7000, batterie semi-int\u00e9gr\u00e9e de 504Wh, d\u00e9battement avant de 120 mm, freins \u00e0 4 pistons, roues 29&#8243;, tige de selle t\u00e9lescopique. Description : V\u00e9lo [&hellip;]\" \/>\n<meta property=\"og:url\" content=\"https:\/\/www.thokbikes.com\/fr\/negozio\/outlet-fr\/mig-ht-r-taille-xl-expo\/\" \/>\n<meta property=\"og:site_name\" content=\"Thok\" \/>\n<meta property=\"article:publisher\" content=\"https:\/\/www.facebook.com\/thokebikes\" \/>\n<meta property=\"article:modified_time\" content=\"2026-02-10T10:50:09+00:00\" \/>\n<meta property=\"og:image\" content=\"https:\/\/www.thokbikes.com\/wp-content\/uploads\/2025\/10\/Outlet-HT.jpg\" \/>\n\t<meta property=\"og:image:width\" content=\"900\" \/>\n\t<meta property=\"og:image:height\" content=\"900\" \/>\n\t<meta property=\"og:image:type\" content=\"image\/jpeg\" \/>\n<meta name=\"twitter:card\" content=\"summary_large_image\" \/>\n<meta name=\"twitter:label1\" content=\"Est. reading time\" \/>\n\t<meta name=\"twitter:data1\" content=\"2 minutes\" \/>\n<script type=\"application\/ld+json\" class=\"yoast-schema-graph\">{\"@context\":\"https:\\\/\\\/schema.org\",\"@graph\":[{\"@type\":\"WebPage\",\"@id\":\"https:\\\/\\\/www.thokbikes.com\\\/fr\\\/negozio\\\/outlet-fr\\\/mig-ht-r-taille-xl-expo\\\/\",\"url\":\"https:\\\/\\\/www.thokbikes.com\\\/fr\\\/negozio\\\/outlet-fr\\\/mig-ht-r-taille-xl-expo\\\/\",\"name\":\"MIG HT-R TAILLE XL - EXPO - Thok\",\"isPartOf\":{\"@id\":\"https:\\\/\\\/www.thokbikes.com\\\/fr\\\/#website\"},\"primaryImageOfPage\":{\"@id\":\"https:\\\/\\\/www.thokbikes.com\\\/fr\\\/negozio\\\/outlet-fr\\\/mig-ht-r-taille-xl-expo\\\/#primaryimage\"},\"image\":{\"@id\":\"https:\\\/\\\/www.thokbikes.com\\\/fr\\\/negozio\\\/outlet-fr\\\/mig-ht-r-taille-xl-expo\\\/#primaryimage\"},\"thumbnailUrl\":\"https:\\\/\\\/www.thokbikes.com\\\/wp-content\\\/uploads\\\/2025\\\/10\\\/Outlet-HT.jpg\",\"datePublished\":\"2025-10-20T08:34:03+00:00\",\"dateModified\":\"2026-02-10T10:50:09+00:00\",\"breadcrumb\":{\"@id\":\"https:\\\/\\\/www.thokbikes.com\\\/fr\\\/negozio\\\/outlet-fr\\\/mig-ht-r-taille-xl-expo\\\/#breadcrumb\"},\"inLanguage\":\"fr-FR\",\"potentialAction\":[{\"@type\":\"ReadAction\",\"target\":[\"https:\\\/\\\/www.thokbikes.com\\\/fr\\\/negozio\\\/outlet-fr\\\/mig-ht-r-taille-xl-expo\\\/\"]}]},{\"@type\":\"ImageObject\",\"inLanguage\":\"fr-FR\",\"@id\":\"https:\\\/\\\/www.thokbikes.com\\\/fr\\\/negozio\\\/outlet-fr\\\/mig-ht-r-taille-xl-expo\\\/#primaryimage\",\"url\":\"https:\\\/\\\/www.thokbikes.com\\\/wp-content\\\/uploads\\\/2025\\\/10\\\/Outlet-HT.jpg\",\"contentUrl\":\"https:\\\/\\\/www.thokbikes.com\\\/wp-content\\\/uploads\\\/2025\\\/10\\\/Outlet-HT.jpg\",\"width\":900,\"height\":900},{\"@type\":\"BreadcrumbList\",\"@id\":\"https:\\\/\\\/www.thokbikes.com\\\/fr\\\/negozio\\\/outlet-fr\\\/mig-ht-r-taille-xl-expo\\\/#breadcrumb\",\"itemListElement\":[{\"@type\":\"ListItem\",\"position\":1,\"name\":\"Home\",\"item\":\"https:\\\/\\\/www.thokbikes.com\\\/fr\\\/\"},{\"@type\":\"ListItem\",\"position\":2,\"name\":\"Shop\",\"item\":\"https:\\\/\\\/www.thokbikes.com\\\/negozio\\\/\"},{\"@type\":\"ListItem\",\"position\":3,\"name\":\"MIG HT-R TAILLE XL &#8211; EXPO\"}]},{\"@type\":\"WebSite\",\"@id\":\"https:\\\/\\\/www.thokbikes.com\\\/fr\\\/#website\",\"url\":\"https:\\\/\\\/www.thokbikes.com\\\/fr\\\/\",\"name\":\"Thok E-bikes\",\"description\":\"\",\"publisher\":{\"@id\":\"https:\\\/\\\/www.thokbikes.com\\\/fr\\\/#organization\"},\"potentialAction\":[{\"@type\":\"SearchAction\",\"target\":{\"@type\":\"EntryPoint\",\"urlTemplate\":\"https:\\\/\\\/www.thokbikes.com\\\/fr\\\/?s={search_term_string}\"},\"query-input\":{\"@type\":\"PropertyValueSpecification\",\"valueRequired\":true,\"valueName\":\"search_term_string\"}}],\"inLanguage\":\"fr-FR\"},{\"@type\":\"Organization\",\"@id\":\"https:\\\/\\\/www.thokbikes.com\\\/fr\\\/#organization\",\"name\":\"Thok E-bikes\",\"url\":\"https:\\\/\\\/www.thokbikes.com\\\/fr\\\/\",\"logo\":{\"@type\":\"ImageObject\",\"inLanguage\":\"fr-FR\",\"@id\":\"https:\\\/\\\/www.thokbikes.com\\\/fr\\\/#\\\/schema\\\/logo\\\/image\\\/\",\"url\":\"https:\\\/\\\/www.thokbikes.com\\\/wp-content\\\/uploads\\\/2025\\\/11\\\/logo-thok-white.png\",\"contentUrl\":\"https:\\\/\\\/www.thokbikes.com\\\/wp-content\\\/uploads\\\/2025\\\/11\\\/logo-thok-white.png\",\"width\":1920,\"height\":281,\"caption\":\"Thok E-bikes\"},\"image\":{\"@id\":\"https:\\\/\\\/www.thokbikes.com\\\/fr\\\/#\\\/schema\\\/logo\\\/image\\\/\"},\"sameAs\":[\"https:\\\/\\\/www.facebook.com\\\/thokebikes\",\"https:\\\/\\\/www.instagram.com\\\/thok_ebikes\\\/\",\"https:\\\/\\\/www.youtube.com\\\/channel\\\/UC-yfWNxPCJvVdRymE7tA8Ww\"]}]}<\/script>\n<!-- \/ Yoast SEO plugin. -->","yoast_head_json":{"title":"MIG HT-R TAILLE XL - EXPO - Thok","robots":{"index":"index","follow":"follow","max-snippet":"max-snippet:-1","max-image-preview":"max-image-preview:large","max-video-preview":"max-video-preview:-1"},"canonical":"https:\/\/www.thokbikes.com\/fr\/negozio\/outlet-fr\/mig-ht-r-taille-xl-expo\/","og_locale":"fr_FR","og_type":"article","og_title":"MIG HT-R TAILLE XL - EXPO - Thok","og_description":"MOD\u00c8LE : THOK \u2013 MIG HTR TAILLE : XL KM : 0 TYPE : V\u00e9lo Expo DUR\u00c9E DE GARANTIE : 24 mois Caract\u00e9ristiques Techniques : Hardtail avec cadre en aluminium, moteur Shimano E7000, batterie semi-int\u00e9gr\u00e9e de 504Wh, d\u00e9battement avant de 120 mm, freins \u00e0 4 pistons, roues 29&#8243;, tige de selle t\u00e9lescopique. Description : V\u00e9lo [&hellip;]","og_url":"https:\/\/www.thokbikes.com\/fr\/negozio\/outlet-fr\/mig-ht-r-taille-xl-expo\/","og_site_name":"Thok","article_publisher":"https:\/\/www.facebook.com\/thokebikes","article_modified_time":"2026-02-10T10:50:09+00:00","og_image":[{"width":900,"height":900,"url":"https:\/\/www.thokbikes.com\/wp-content\/uploads\/2025\/10\/Outlet-HT.jpg","type":"image\/jpeg"}],"twitter_card":"summary_large_image","twitter_misc":{"Est. reading time":"2 minutes"},"schema":{"@context":"https:\/\/schema.org","@graph":[{"@type":"WebPage","@id":"https:\/\/www.thokbikes.com\/fr\/negozio\/outlet-fr\/mig-ht-r-taille-xl-expo\/","url":"https:\/\/www.thokbikes.com\/fr\/negozio\/outlet-fr\/mig-ht-r-taille-xl-expo\/","name":"MIG HT-R TAILLE XL - EXPO - Thok","isPartOf":{"@id":"https:\/\/www.thokbikes.com\/fr\/#website"},"primaryImageOfPage":{"@id":"https:\/\/www.thokbikes.com\/fr\/negozio\/outlet-fr\/mig-ht-r-taille-xl-expo\/#primaryimage"},"image":{"@id":"https:\/\/www.thokbikes.com\/fr\/negozio\/outlet-fr\/mig-ht-r-taille-xl-expo\/#primaryimage"},"thumbnailUrl":"https:\/\/www.thokbikes.com\/wp-content\/uploads\/2025\/10\/Outlet-HT.jpg","datePublished":"2025-10-20T08:34:03+00:00","dateModified":"2026-02-10T10:50:09+00:00","breadcrumb":{"@id":"https:\/\/www.thokbikes.com\/fr\/negozio\/outlet-fr\/mig-ht-r-taille-xl-expo\/#breadcrumb"},"inLanguage":"fr-FR","potentialAction":[{"@type":"ReadAction","target":["https:\/\/www.thokbikes.com\/fr\/negozio\/outlet-fr\/mig-ht-r-taille-xl-expo\/"]}]},{"@type":"ImageObject","inLanguage":"fr-FR","@id":"https:\/\/www.thokbikes.com\/fr\/negozio\/outlet-fr\/mig-ht-r-taille-xl-expo\/#primaryimage","url":"https:\/\/www.thokbikes.com\/wp-content\/uploads\/2025\/10\/Outlet-HT.jpg","contentUrl":"https:\/\/www.thokbikes.com\/wp-content\/uploads\/2025\/10\/Outlet-HT.jpg","width":900,"height":900},{"@type":"BreadcrumbList","@id":"https:\/\/www.thokbikes.com\/fr\/negozio\/outlet-fr\/mig-ht-r-taille-xl-expo\/#breadcrumb","itemListElement":[{"@type":"ListItem","position":1,"name":"Home","item":"https:\/\/www.thokbikes.com\/fr\/"},{"@type":"ListItem","position":2,"name":"Shop","item":"https:\/\/www.thokbikes.com\/negozio\/"},{"@type":"ListItem","position":3,"name":"MIG HT-R TAILLE XL &#8211; EXPO"}]},{"@type":"WebSite","@id":"https:\/\/www.thokbikes.com\/fr\/#website","url":"https:\/\/www.thokbikes.com\/fr\/","name":"Thok E-bikes","description":"","publisher":{"@id":"https:\/\/www.thokbikes.com\/fr\/#organization"},"potentialAction":[{"@type":"SearchAction","target":{"@type":"EntryPoint","urlTemplate":"https:\/\/www.thokbikes.com\/fr\/?s={search_term_string}"},"query-input":{"@type":"PropertyValueSpecification","valueRequired":true,"valueName":"search_term_string"}}],"inLanguage":"fr-FR"},{"@type":"Organization","@id":"https:\/\/www.thokbikes.com\/fr\/#organization","name":"Thok E-bikes","url":"https:\/\/www.thokbikes.com\/fr\/","logo":{"@type":"ImageObject","inLanguage":"fr-FR","@id":"https:\/\/www.thokbikes.com\/fr\/#\/schema\/logo\/image\/","url":"https:\/\/www.thokbikes.com\/wp-content\/uploads\/2025\/11\/logo-thok-white.png","contentUrl":"https:\/\/www.thokbikes.com\/wp-content\/uploads\/2025\/11\/logo-thok-white.png","width":1920,"height":281,"caption":"Thok E-bikes"},"image":{"@id":"https:\/\/www.thokbikes.com\/fr\/#\/schema\/logo\/image\/"},"sameAs":["https:\/\/www.facebook.com\/thokebikes","https:\/\/www.instagram.com\/thok_ebikes\/","https:\/\/www.youtube.com\/channel\/UC-yfWNxPCJvVdRymE7tA8Ww"]}]}},"_links":{"self":[{"href":"https:\/\/www.thokbikes.com\/fr\/wp-json\/wp\/v2\/product\/32361","targetHints":{"allow":["GET"]}}],"collection":[{"href":"https:\/\/www.thokbikes.com\/fr\/wp-json\/wp\/v2\/product"}],"about":[{"href":"https:\/\/www.thokbikes.com\/fr\/wp-json\/wp\/v2\/types\/product"}],"replies":[{"embeddable":true,"href":"https:\/\/www.thokbikes.com\/fr\/wp-json\/wp\/v2\/comments?post=32361"}],"wp:featuredmedia":[{"embeddable":true,"href":"https:\/\/www.thokbikes.com\/fr\/wp-json\/wp\/v2\/media\/32187"}],"wp:attachment":[{"href":"https:\/\/www.thokbikes.com\/fr\/wp-json\/wp\/v2\/media?parent=32361"}],"wp:term":[{"taxonomy":"product_brand","embeddable":true,"href":"https:\/\/www.thokbikes.com\/fr\/wp-json\/wp\/v2\/product_brand?post=32361"},{"taxonomy":"product_cat","embeddable":true,"href":"https:\/\/www.thokbikes.com\/fr\/wp-json\/wp\/v2\/product_cat?post=32361"},{"taxonomy":"product_tag","embeddable":true,"href":"https:\/\/www.thokbikes.com\/fr\/wp-json\/wp\/v2\/product_tag?post=32361"}],"curies":[{"name":"wp","href":"https:\/\/api.w.org\/{rel}","templated":true}]}}