{"id":32470,"date":"2025-10-22T06:17:39","date_gmt":"2025-10-22T04:17:39","guid":{"rendered":"https:\/\/www.thokbikes.com\/?post_type=product&#038;p=32470"},"modified":"2026-04-07T10:12:13","modified_gmt":"2026-04-07T08:12:13","slug":"thok-gram-rc-tg-m-outlet","status":"publish","type":"product","link":"https:\/\/www.thokbikes.com\/fr\/negozio\/outlet-fr\/thok-gram-rc-tg-m-outlet\/","title":{"rendered":"GRAM-RC TAILLE M"},"content":{"rendered":"<ul>\n<li><strong>MOD\u00c8LE<\/strong> : THOK \u2013 GRAM RC<\/li>\n<li><strong>TAILLE<\/strong> : M<\/li>\n<li><strong>KM<\/strong> : 2315<\/li>\n<li><strong>TYPE<\/strong> : V\u00e9lo de test<\/li>\n<li><strong>DUR\u00c9E DE GARANTIE<\/strong> : 12 mois<\/li>\n<\/ul>\n<p><strong>Caract\u00e9ristiques techniques<\/strong> :<br \/>\nEnduro avec cadre en carbone, moteur Shimano EP8, batterie int\u00e9gr\u00e9e de 630Wh, d\u00e9battement avant de 180 mm, freins \u00e0 4 pistons, roues mullet, tige de selle t\u00e9lescopique.<br \/>\nMontage haut de gamme.<\/p>\n<p><strong>Description<\/strong> :<br \/>\nV\u00e9lo utilis\u00e9 pour des essais. Toujours entretenu par l\u2019\u00e9quipe technique de THOK. Reconditionn\u00e9. Pr\u00e9sente des signes d\u2019usure sur les parties les plus sollicit\u00e9es (manivelles, d\u00e9railleur et guidon) ainsi que de l\u00e9g\u00e8res marques esth\u00e9tiques sur le cadre.<\/p>\n","protected":false},"excerpt":{"rendered":"<p>MOD\u00c8LE : THOK \u2013 GRAM RC TAILLE : M KM : 2315 TYPE : V\u00e9lo de test DUR\u00c9E DE GARANTIE : 12 mois Caract\u00e9ristiques techniques : Enduro avec cadre en carbone, moteur Shimano EP8, batterie int\u00e9gr\u00e9e de 630Wh, d\u00e9battement avant de 180 mm, freins \u00e0 4 pistons, roues mullet, tige de selle t\u00e9lescopique. Montage haut [&hellip;]<\/p>\n","protected":false},"featured_media":29939,"comment_status":"closed","ping_status":"closed","template":"","meta":{"_acf_changed":false},"product_brand":[],"product_cat":[263],"product_tag":[],"class_list":{"0":"post-32470","1":"product","2":"type-product","3":"status-publish","4":"has-post-thumbnail","6":"product_cat-outlet-fr","8":"first","9":"instock","10":"taxable","11":"shipping-taxable","12":"purchasable","13":"product-type-simple"},"acf":[],"yoast_head":"<!-- This site is optimized with the Yoast SEO plugin v27.3 - https:\/\/yoast.com\/product\/yoast-seo-wordpress\/ -->\n<title>GRAM-RC TAILLE M - Thok<\/title>\n<meta name=\"robots\" content=\"index, follow, max-snippet:-1, max-image-preview:large, max-video-preview:-1\" \/>\n<link rel=\"canonical\" href=\"https:\/\/www.thokbikes.com\/fr\/negozio\/outlet-fr\/thok-gram-rc-tg-m-outlet\/\" \/>\n<meta property=\"og:locale\" content=\"fr_FR\" \/>\n<meta property=\"og:type\" content=\"article\" \/>\n<meta property=\"og:title\" content=\"GRAM-RC TAILLE M - Thok\" \/>\n<meta property=\"og:description\" content=\"MOD\u00c8LE : THOK \u2013 GRAM RC TAILLE : M KM : 2315 TYPE : V\u00e9lo de test DUR\u00c9E DE GARANTIE : 12 mois Caract\u00e9ristiques techniques : Enduro avec cadre en carbone, moteur Shimano EP8, batterie int\u00e9gr\u00e9e de 630Wh, d\u00e9battement avant de 180 mm, freins \u00e0 4 pistons, roues mullet, tige de selle t\u00e9lescopique. Montage haut [&hellip;]\" \/>\n<meta property=\"og:url\" content=\"https:\/\/www.thokbikes.com\/fr\/negozio\/outlet-fr\/thok-gram-rc-tg-m-outlet\/\" \/>\n<meta property=\"og:site_name\" content=\"Thok\" \/>\n<meta property=\"article:publisher\" content=\"https:\/\/www.facebook.com\/thokebikes\" \/>\n<meta property=\"article:modified_time\" content=\"2026-04-07T08:12:13+00:00\" \/>\n<meta property=\"og:image\" content=\"https:\/\/www.thokbikes.com\/wp-content\/uploads\/2025\/07\/Outlet-GRAM-RC.jpg\" \/>\n\t<meta property=\"og:image:width\" content=\"900\" \/>\n\t<meta property=\"og:image:height\" content=\"900\" \/>\n\t<meta property=\"og:image:type\" content=\"image\/jpeg\" \/>\n<meta name=\"twitter:card\" content=\"summary_large_image\" \/>\n<meta name=\"twitter:label1\" content=\"Est. reading time\" \/>\n\t<meta name=\"twitter:data1\" content=\"1 minute\" \/>\n<script type=\"application\/ld+json\" class=\"yoast-schema-graph\">{\"@context\":\"https:\\\/\\\/schema.org\",\"@graph\":[{\"@type\":\"WebPage\",\"@id\":\"https:\\\/\\\/www.thokbikes.com\\\/fr\\\/negozio\\\/outlet-fr\\\/thok-gram-rc-tg-m-outlet\\\/\",\"url\":\"https:\\\/\\\/www.thokbikes.com\\\/fr\\\/negozio\\\/outlet-fr\\\/thok-gram-rc-tg-m-outlet\\\/\",\"name\":\"GRAM-RC TAILLE M - Thok\",\"isPartOf\":{\"@id\":\"https:\\\/\\\/www.thokbikes.com\\\/fr\\\/#website\"},\"primaryImageOfPage\":{\"@id\":\"https:\\\/\\\/www.thokbikes.com\\\/fr\\\/negozio\\\/outlet-fr\\\/thok-gram-rc-tg-m-outlet\\\/#primaryimage\"},\"image\":{\"@id\":\"https:\\\/\\\/www.thokbikes.com\\\/fr\\\/negozio\\\/outlet-fr\\\/thok-gram-rc-tg-m-outlet\\\/#primaryimage\"},\"thumbnailUrl\":\"https:\\\/\\\/www.thokbikes.com\\\/wp-content\\\/uploads\\\/2025\\\/07\\\/Outlet-GRAM-RC.jpg\",\"datePublished\":\"2025-10-22T04:17:39+00:00\",\"dateModified\":\"2026-04-07T08:12:13+00:00\",\"breadcrumb\":{\"@id\":\"https:\\\/\\\/www.thokbikes.com\\\/fr\\\/negozio\\\/outlet-fr\\\/thok-gram-rc-tg-m-outlet\\\/#breadcrumb\"},\"inLanguage\":\"fr-FR\",\"potentialAction\":[{\"@type\":\"ReadAction\",\"target\":[\"https:\\\/\\\/www.thokbikes.com\\\/fr\\\/negozio\\\/outlet-fr\\\/thok-gram-rc-tg-m-outlet\\\/\"]}]},{\"@type\":\"ImageObject\",\"inLanguage\":\"fr-FR\",\"@id\":\"https:\\\/\\\/www.thokbikes.com\\\/fr\\\/negozio\\\/outlet-fr\\\/thok-gram-rc-tg-m-outlet\\\/#primaryimage\",\"url\":\"https:\\\/\\\/www.thokbikes.com\\\/wp-content\\\/uploads\\\/2025\\\/07\\\/Outlet-GRAM-RC.jpg\",\"contentUrl\":\"https:\\\/\\\/www.thokbikes.com\\\/wp-content\\\/uploads\\\/2025\\\/07\\\/Outlet-GRAM-RC.jpg\",\"width\":900,\"height\":900},{\"@type\":\"BreadcrumbList\",\"@id\":\"https:\\\/\\\/www.thokbikes.com\\\/fr\\\/negozio\\\/outlet-fr\\\/thok-gram-rc-tg-m-outlet\\\/#breadcrumb\",\"itemListElement\":[{\"@type\":\"ListItem\",\"position\":1,\"name\":\"Home\",\"item\":\"https:\\\/\\\/www.thokbikes.com\\\/fr\\\/\"},{\"@type\":\"ListItem\",\"position\":2,\"name\":\"Shop\",\"item\":\"https:\\\/\\\/www.thokbikes.com\\\/negozio\\\/\"},{\"@type\":\"ListItem\",\"position\":3,\"name\":\"GRAM-RC TAILLE M\"}]},{\"@type\":\"WebSite\",\"@id\":\"https:\\\/\\\/www.thokbikes.com\\\/fr\\\/#website\",\"url\":\"https:\\\/\\\/www.thokbikes.com\\\/fr\\\/\",\"name\":\"Thok E-bikes\",\"description\":\"\",\"publisher\":{\"@id\":\"https:\\\/\\\/www.thokbikes.com\\\/fr\\\/#organization\"},\"potentialAction\":[{\"@type\":\"SearchAction\",\"target\":{\"@type\":\"EntryPoint\",\"urlTemplate\":\"https:\\\/\\\/www.thokbikes.com\\\/fr\\\/?s={search_term_string}\"},\"query-input\":{\"@type\":\"PropertyValueSpecification\",\"valueRequired\":true,\"valueName\":\"search_term_string\"}}],\"inLanguage\":\"fr-FR\"},{\"@type\":\"Organization\",\"@id\":\"https:\\\/\\\/www.thokbikes.com\\\/fr\\\/#organization\",\"name\":\"Thok E-bikes\",\"url\":\"https:\\\/\\\/www.thokbikes.com\\\/fr\\\/\",\"logo\":{\"@type\":\"ImageObject\",\"inLanguage\":\"fr-FR\",\"@id\":\"https:\\\/\\\/www.thokbikes.com\\\/fr\\\/#\\\/schema\\\/logo\\\/image\\\/\",\"url\":\"https:\\\/\\\/www.thokbikes.com\\\/wp-content\\\/uploads\\\/2025\\\/11\\\/logo-thok-white.png\",\"contentUrl\":\"https:\\\/\\\/www.thokbikes.com\\\/wp-content\\\/uploads\\\/2025\\\/11\\\/logo-thok-white.png\",\"width\":1920,\"height\":281,\"caption\":\"Thok E-bikes\"},\"image\":{\"@id\":\"https:\\\/\\\/www.thokbikes.com\\\/fr\\\/#\\\/schema\\\/logo\\\/image\\\/\"},\"sameAs\":[\"https:\\\/\\\/www.facebook.com\\\/thokebikes\",\"https:\\\/\\\/www.instagram.com\\\/thok_ebikes\\\/\",\"https:\\\/\\\/www.youtube.com\\\/channel\\\/UC-yfWNxPCJvVdRymE7tA8Ww\"]}]}<\/script>\n<!-- \/ Yoast SEO plugin. -->","yoast_head_json":{"title":"GRAM-RC TAILLE M - Thok","robots":{"index":"index","follow":"follow","max-snippet":"max-snippet:-1","max-image-preview":"max-image-preview:large","max-video-preview":"max-video-preview:-1"},"canonical":"https:\/\/www.thokbikes.com\/fr\/negozio\/outlet-fr\/thok-gram-rc-tg-m-outlet\/","og_locale":"fr_FR","og_type":"article","og_title":"GRAM-RC TAILLE M - Thok","og_description":"MOD\u00c8LE : THOK \u2013 GRAM RC TAILLE : M KM : 2315 TYPE : V\u00e9lo de test DUR\u00c9E DE GARANTIE : 12 mois Caract\u00e9ristiques techniques : Enduro avec cadre en carbone, moteur Shimano EP8, batterie int\u00e9gr\u00e9e de 630Wh, d\u00e9battement avant de 180 mm, freins \u00e0 4 pistons, roues mullet, tige de selle t\u00e9lescopique. Montage haut [&hellip;]","og_url":"https:\/\/www.thokbikes.com\/fr\/negozio\/outlet-fr\/thok-gram-rc-tg-m-outlet\/","og_site_name":"Thok","article_publisher":"https:\/\/www.facebook.com\/thokebikes","article_modified_time":"2026-04-07T08:12:13+00:00","og_image":[{"width":900,"height":900,"url":"https:\/\/www.thokbikes.com\/wp-content\/uploads\/2025\/07\/Outlet-GRAM-RC.jpg","type":"image\/jpeg"}],"twitter_card":"summary_large_image","twitter_misc":{"Est. reading time":"1 minute"},"schema":{"@context":"https:\/\/schema.org","@graph":[{"@type":"WebPage","@id":"https:\/\/www.thokbikes.com\/fr\/negozio\/outlet-fr\/thok-gram-rc-tg-m-outlet\/","url":"https:\/\/www.thokbikes.com\/fr\/negozio\/outlet-fr\/thok-gram-rc-tg-m-outlet\/","name":"GRAM-RC TAILLE M - Thok","isPartOf":{"@id":"https:\/\/www.thokbikes.com\/fr\/#website"},"primaryImageOfPage":{"@id":"https:\/\/www.thokbikes.com\/fr\/negozio\/outlet-fr\/thok-gram-rc-tg-m-outlet\/#primaryimage"},"image":{"@id":"https:\/\/www.thokbikes.com\/fr\/negozio\/outlet-fr\/thok-gram-rc-tg-m-outlet\/#primaryimage"},"thumbnailUrl":"https:\/\/www.thokbikes.com\/wp-content\/uploads\/2025\/07\/Outlet-GRAM-RC.jpg","datePublished":"2025-10-22T04:17:39+00:00","dateModified":"2026-04-07T08:12:13+00:00","breadcrumb":{"@id":"https:\/\/www.thokbikes.com\/fr\/negozio\/outlet-fr\/thok-gram-rc-tg-m-outlet\/#breadcrumb"},"inLanguage":"fr-FR","potentialAction":[{"@type":"ReadAction","target":["https:\/\/www.thokbikes.com\/fr\/negozio\/outlet-fr\/thok-gram-rc-tg-m-outlet\/"]}]},{"@type":"ImageObject","inLanguage":"fr-FR","@id":"https:\/\/www.thokbikes.com\/fr\/negozio\/outlet-fr\/thok-gram-rc-tg-m-outlet\/#primaryimage","url":"https:\/\/www.thokbikes.com\/wp-content\/uploads\/2025\/07\/Outlet-GRAM-RC.jpg","contentUrl":"https:\/\/www.thokbikes.com\/wp-content\/uploads\/2025\/07\/Outlet-GRAM-RC.jpg","width":900,"height":900},{"@type":"BreadcrumbList","@id":"https:\/\/www.thokbikes.com\/fr\/negozio\/outlet-fr\/thok-gram-rc-tg-m-outlet\/#breadcrumb","itemListElement":[{"@type":"ListItem","position":1,"name":"Home","item":"https:\/\/www.thokbikes.com\/fr\/"},{"@type":"ListItem","position":2,"name":"Shop","item":"https:\/\/www.thokbikes.com\/negozio\/"},{"@type":"ListItem","position":3,"name":"GRAM-RC TAILLE M"}]},{"@type":"WebSite","@id":"https:\/\/www.thokbikes.com\/fr\/#website","url":"https:\/\/www.thokbikes.com\/fr\/","name":"Thok E-bikes","description":"","publisher":{"@id":"https:\/\/www.thokbikes.com\/fr\/#organization"},"potentialAction":[{"@type":"SearchAction","target":{"@type":"EntryPoint","urlTemplate":"https:\/\/www.thokbikes.com\/fr\/?s={search_term_string}"},"query-input":{"@type":"PropertyValueSpecification","valueRequired":true,"valueName":"search_term_string"}}],"inLanguage":"fr-FR"},{"@type":"Organization","@id":"https:\/\/www.thokbikes.com\/fr\/#organization","name":"Thok E-bikes","url":"https:\/\/www.thokbikes.com\/fr\/","logo":{"@type":"ImageObject","inLanguage":"fr-FR","@id":"https:\/\/www.thokbikes.com\/fr\/#\/schema\/logo\/image\/","url":"https:\/\/www.thokbikes.com\/wp-content\/uploads\/2025\/11\/logo-thok-white.png","contentUrl":"https:\/\/www.thokbikes.com\/wp-content\/uploads\/2025\/11\/logo-thok-white.png","width":1920,"height":281,"caption":"Thok E-bikes"},"image":{"@id":"https:\/\/www.thokbikes.com\/fr\/#\/schema\/logo\/image\/"},"sameAs":["https:\/\/www.facebook.com\/thokebikes","https:\/\/www.instagram.com\/thok_ebikes\/","https:\/\/www.youtube.com\/channel\/UC-yfWNxPCJvVdRymE7tA8Ww"]}]}},"_links":{"self":[{"href":"https:\/\/www.thokbikes.com\/fr\/wp-json\/wp\/v2\/product\/32470","targetHints":{"allow":["GET"]}}],"collection":[{"href":"https:\/\/www.thokbikes.com\/fr\/wp-json\/wp\/v2\/product"}],"about":[{"href":"https:\/\/www.thokbikes.com\/fr\/wp-json\/wp\/v2\/types\/product"}],"replies":[{"embeddable":true,"href":"https:\/\/www.thokbikes.com\/fr\/wp-json\/wp\/v2\/comments?post=32470"}],"wp:featuredmedia":[{"embeddable":true,"href":"https:\/\/www.thokbikes.com\/fr\/wp-json\/wp\/v2\/media\/29939"}],"wp:attachment":[{"href":"https:\/\/www.thokbikes.com\/fr\/wp-json\/wp\/v2\/media?parent=32470"}],"wp:term":[{"taxonomy":"product_brand","embeddable":true,"href":"https:\/\/www.thokbikes.com\/fr\/wp-json\/wp\/v2\/product_brand?post=32470"},{"taxonomy":"product_cat","embeddable":true,"href":"https:\/\/www.thokbikes.com\/fr\/wp-json\/wp\/v2\/product_cat?post=32470"},{"taxonomy":"product_tag","embeddable":true,"href":"https:\/\/www.thokbikes.com\/fr\/wp-json\/wp\/v2\/product_tag?post=32470"}],"curies":[{"name":"wp","href":"https:\/\/api.w.org\/{rel}","templated":true}]}}