{"id":33040,"date":"2023-11-13T11:45:06","date_gmt":"2023-11-13T10:45:06","guid":{"rendered":"https:\/\/www.thokbikes.com\/?post_type=product&#038;p=33040"},"modified":"2026-04-07T12:35:15","modified_gmt":"2026-04-07T10:35:15","slug":"sram-cassettenx-11-50","status":"publish","type":"product","link":"https:\/\/www.thokbikes.com\/fr\/negozio\/accessoires-et-composants\/transmission-fr\/sram-cassettenx-11-50\/","title":{"rendered":"CASSETTE SRAM EAGLE NX 12V"},"content":{"rendered":"<p><strong>Cassette NX Eagle 12 vitesses PG-1230 11-50t<\/strong><\/p>\n<ul>\n<li>Pignons de 11 \u00e0 42 en acier embouti, pignon de 50 en aluminium fix\u00e9 avec des broches en acier inoxydable haute r\u00e9sistance<\/li>\n<li>Technologie Powerglide II pour une fiabilit\u00e9, une long\u00e9vit\u00e9 et un passage de vitesses rapide et pr\u00e9cis<\/li>\n<li>Plage : 11-13-15-17-19-22-25-28-32-36-42-50<\/li>\n<\/ul>\n","protected":false},"excerpt":{"rendered":"<p>Cassette NX Eagle 12 vitesses PG-1230 11-50t Pignons de 11 \u00e0 42 en acier embouti, pignon de 50 en aluminium fix\u00e9 avec des broches en acier inoxydable haute r\u00e9sistance Technologie Powerglide II pour une fiabilit\u00e9, une long\u00e9vit\u00e9 et un passage de vitesses rapide et pr\u00e9cis Plage : 11-13-15-17-19-22-25-28-32-36-42-50<\/p>\n","protected":false},"featured_media":5895,"comment_status":"closed","ping_status":"closed","template":"","meta":{"_acf_changed":false},"product_brand":[],"product_cat":[122,288,130],"product_tag":[],"class_list":{"0":"post-33040","1":"product","2":"type-product","3":"status-publish","4":"has-post-thumbnail","6":"product_cat-accessoires-et-composants","7":"product_cat-sales","8":"product_cat-transmission-fr","10":"first","11":"instock","12":"taxable","13":"shipping-taxable","14":"purchasable","15":"product-type-simple"},"acf":[],"yoast_head":"<!-- This site is optimized with the Yoast SEO plugin v27.3 - https:\/\/yoast.com\/product\/yoast-seo-wordpress\/ -->\n<title>CASSETTE SRAM EAGLE NX 12V - Thok<\/title>\n<meta name=\"robots\" content=\"index, follow, max-snippet:-1, max-image-preview:large, max-video-preview:-1\" \/>\n<link rel=\"canonical\" href=\"https:\/\/www.thokbikes.com\/fr\/negozio\/accessoires-et-composants\/transmission-fr\/sram-cassettenx-11-50\/\" \/>\n<meta property=\"og:locale\" content=\"fr_FR\" \/>\n<meta property=\"og:type\" content=\"article\" \/>\n<meta property=\"og:title\" content=\"CASSETTE SRAM EAGLE NX 12V - Thok\" \/>\n<meta property=\"og:description\" content=\"Cassette NX Eagle 12 vitesses PG-1230 11-50t Pignons de 11 \u00e0 42 en acier embouti, pignon de 50 en aluminium fix\u00e9 avec des broches en acier inoxydable haute r\u00e9sistance Technologie Powerglide II pour une fiabilit\u00e9, une long\u00e9vit\u00e9 et un passage de vitesses rapide et pr\u00e9cis Plage : 11-13-15-17-19-22-25-28-32-36-42-50\" \/>\n<meta property=\"og:url\" content=\"https:\/\/www.thokbikes.com\/fr\/negozio\/accessoires-et-composants\/transmission-fr\/sram-cassettenx-11-50\/\" \/>\n<meta property=\"og:site_name\" content=\"Thok\" \/>\n<meta property=\"article:publisher\" content=\"https:\/\/www.facebook.com\/thokebikes\" \/>\n<meta property=\"article:modified_time\" content=\"2026-04-07T10:35:15+00:00\" \/>\n<meta property=\"og:image\" content=\"https:\/\/www.thokbikes.com\/wp-content\/uploads\/2024\/01\/CASSETTA-SRAM-SX-11-50-jpg.webp\" \/>\n\t<meta property=\"og:image:width\" content=\"1900\" \/>\n\t<meta property=\"og:image:height\" content=\"1900\" \/>\n\t<meta property=\"og:image:type\" content=\"image\/jpeg\" \/>\n<meta name=\"twitter:card\" content=\"summary_large_image\" \/>\n<meta name=\"twitter:label1\" content=\"Est. reading time\" \/>\n\t<meta name=\"twitter:data1\" content=\"1 minute\" \/>\n<script type=\"application\/ld+json\" class=\"yoast-schema-graph\">{\"@context\":\"https:\\\/\\\/schema.org\",\"@graph\":[{\"@type\":\"WebPage\",\"@id\":\"https:\\\/\\\/www.thokbikes.com\\\/fr\\\/negozio\\\/accessoires-et-composants\\\/transmission-fr\\\/sram-cassettenx-11-50\\\/\",\"url\":\"https:\\\/\\\/www.thokbikes.com\\\/fr\\\/negozio\\\/accessoires-et-composants\\\/transmission-fr\\\/sram-cassettenx-11-50\\\/\",\"name\":\"CASSETTE SRAM EAGLE NX 12V - Thok\",\"isPartOf\":{\"@id\":\"https:\\\/\\\/www.thokbikes.com\\\/fr\\\/#website\"},\"primaryImageOfPage\":{\"@id\":\"https:\\\/\\\/www.thokbikes.com\\\/fr\\\/negozio\\\/accessoires-et-composants\\\/transmission-fr\\\/sram-cassettenx-11-50\\\/#primaryimage\"},\"image\":{\"@id\":\"https:\\\/\\\/www.thokbikes.com\\\/fr\\\/negozio\\\/accessoires-et-composants\\\/transmission-fr\\\/sram-cassettenx-11-50\\\/#primaryimage\"},\"thumbnailUrl\":\"https:\\\/\\\/www.thokbikes.com\\\/wp-content\\\/uploads\\\/2024\\\/01\\\/CASSETTA-SRAM-SX-11-50-jpg.webp\",\"datePublished\":\"2023-11-13T10:45:06+00:00\",\"dateModified\":\"2026-04-07T10:35:15+00:00\",\"breadcrumb\":{\"@id\":\"https:\\\/\\\/www.thokbikes.com\\\/fr\\\/negozio\\\/accessoires-et-composants\\\/transmission-fr\\\/sram-cassettenx-11-50\\\/#breadcrumb\"},\"inLanguage\":\"fr-FR\",\"potentialAction\":[{\"@type\":\"ReadAction\",\"target\":[\"https:\\\/\\\/www.thokbikes.com\\\/fr\\\/negozio\\\/accessoires-et-composants\\\/transmission-fr\\\/sram-cassettenx-11-50\\\/\"]}]},{\"@type\":\"ImageObject\",\"inLanguage\":\"fr-FR\",\"@id\":\"https:\\\/\\\/www.thokbikes.com\\\/fr\\\/negozio\\\/accessoires-et-composants\\\/transmission-fr\\\/sram-cassettenx-11-50\\\/#primaryimage\",\"url\":\"https:\\\/\\\/www.thokbikes.com\\\/wp-content\\\/uploads\\\/2024\\\/01\\\/CASSETTA-SRAM-SX-11-50-jpg.webp\",\"contentUrl\":\"https:\\\/\\\/www.thokbikes.com\\\/wp-content\\\/uploads\\\/2024\\\/01\\\/CASSETTA-SRAM-SX-11-50-jpg.webp\",\"width\":1900,\"height\":1900},{\"@type\":\"BreadcrumbList\",\"@id\":\"https:\\\/\\\/www.thokbikes.com\\\/fr\\\/negozio\\\/accessoires-et-composants\\\/transmission-fr\\\/sram-cassettenx-11-50\\\/#breadcrumb\",\"itemListElement\":[{\"@type\":\"ListItem\",\"position\":1,\"name\":\"Home\",\"item\":\"https:\\\/\\\/www.thokbikes.com\\\/fr\\\/\"},{\"@type\":\"ListItem\",\"position\":2,\"name\":\"Shop\",\"item\":\"https:\\\/\\\/www.thokbikes.com\\\/negozio\\\/\"},{\"@type\":\"ListItem\",\"position\":3,\"name\":\"CASSETTE SRAM EAGLE NX 12V\"}]},{\"@type\":\"WebSite\",\"@id\":\"https:\\\/\\\/www.thokbikes.com\\\/fr\\\/#website\",\"url\":\"https:\\\/\\\/www.thokbikes.com\\\/fr\\\/\",\"name\":\"Thok E-bikes\",\"description\":\"\",\"publisher\":{\"@id\":\"https:\\\/\\\/www.thokbikes.com\\\/fr\\\/#organization\"},\"potentialAction\":[{\"@type\":\"SearchAction\",\"target\":{\"@type\":\"EntryPoint\",\"urlTemplate\":\"https:\\\/\\\/www.thokbikes.com\\\/fr\\\/?s={search_term_string}\"},\"query-input\":{\"@type\":\"PropertyValueSpecification\",\"valueRequired\":true,\"valueName\":\"search_term_string\"}}],\"inLanguage\":\"fr-FR\"},{\"@type\":\"Organization\",\"@id\":\"https:\\\/\\\/www.thokbikes.com\\\/fr\\\/#organization\",\"name\":\"Thok E-bikes\",\"url\":\"https:\\\/\\\/www.thokbikes.com\\\/fr\\\/\",\"logo\":{\"@type\":\"ImageObject\",\"inLanguage\":\"fr-FR\",\"@id\":\"https:\\\/\\\/www.thokbikes.com\\\/fr\\\/#\\\/schema\\\/logo\\\/image\\\/\",\"url\":\"https:\\\/\\\/www.thokbikes.com\\\/wp-content\\\/uploads\\\/2025\\\/11\\\/logo-thok-white.png\",\"contentUrl\":\"https:\\\/\\\/www.thokbikes.com\\\/wp-content\\\/uploads\\\/2025\\\/11\\\/logo-thok-white.png\",\"width\":1920,\"height\":281,\"caption\":\"Thok E-bikes\"},\"image\":{\"@id\":\"https:\\\/\\\/www.thokbikes.com\\\/fr\\\/#\\\/schema\\\/logo\\\/image\\\/\"},\"sameAs\":[\"https:\\\/\\\/www.facebook.com\\\/thokebikes\",\"https:\\\/\\\/www.instagram.com\\\/thok_ebikes\\\/\",\"https:\\\/\\\/www.youtube.com\\\/channel\\\/UC-yfWNxPCJvVdRymE7tA8Ww\"]}]}<\/script>\n<!-- \/ Yoast SEO plugin. -->","yoast_head_json":{"title":"CASSETTE SRAM EAGLE NX 12V - Thok","robots":{"index":"index","follow":"follow","max-snippet":"max-snippet:-1","max-image-preview":"max-image-preview:large","max-video-preview":"max-video-preview:-1"},"canonical":"https:\/\/www.thokbikes.com\/fr\/negozio\/accessoires-et-composants\/transmission-fr\/sram-cassettenx-11-50\/","og_locale":"fr_FR","og_type":"article","og_title":"CASSETTE SRAM EAGLE NX 12V - Thok","og_description":"Cassette NX Eagle 12 vitesses PG-1230 11-50t Pignons de 11 \u00e0 42 en acier embouti, pignon de 50 en aluminium fix\u00e9 avec des broches en acier inoxydable haute r\u00e9sistance Technologie Powerglide II pour une fiabilit\u00e9, une long\u00e9vit\u00e9 et un passage de vitesses rapide et pr\u00e9cis Plage : 11-13-15-17-19-22-25-28-32-36-42-50","og_url":"https:\/\/www.thokbikes.com\/fr\/negozio\/accessoires-et-composants\/transmission-fr\/sram-cassettenx-11-50\/","og_site_name":"Thok","article_publisher":"https:\/\/www.facebook.com\/thokebikes","article_modified_time":"2026-04-07T10:35:15+00:00","og_image":[{"width":1900,"height":1900,"url":"https:\/\/www.thokbikes.com\/wp-content\/uploads\/2024\/01\/CASSETTA-SRAM-SX-11-50-jpg.webp","type":"image\/jpeg"}],"twitter_card":"summary_large_image","twitter_misc":{"Est. reading time":"1 minute"},"schema":{"@context":"https:\/\/schema.org","@graph":[{"@type":"WebPage","@id":"https:\/\/www.thokbikes.com\/fr\/negozio\/accessoires-et-composants\/transmission-fr\/sram-cassettenx-11-50\/","url":"https:\/\/www.thokbikes.com\/fr\/negozio\/accessoires-et-composants\/transmission-fr\/sram-cassettenx-11-50\/","name":"CASSETTE SRAM EAGLE NX 12V - Thok","isPartOf":{"@id":"https:\/\/www.thokbikes.com\/fr\/#website"},"primaryImageOfPage":{"@id":"https:\/\/www.thokbikes.com\/fr\/negozio\/accessoires-et-composants\/transmission-fr\/sram-cassettenx-11-50\/#primaryimage"},"image":{"@id":"https:\/\/www.thokbikes.com\/fr\/negozio\/accessoires-et-composants\/transmission-fr\/sram-cassettenx-11-50\/#primaryimage"},"thumbnailUrl":"https:\/\/www.thokbikes.com\/wp-content\/uploads\/2024\/01\/CASSETTA-SRAM-SX-11-50-jpg.webp","datePublished":"2023-11-13T10:45:06+00:00","dateModified":"2026-04-07T10:35:15+00:00","breadcrumb":{"@id":"https:\/\/www.thokbikes.com\/fr\/negozio\/accessoires-et-composants\/transmission-fr\/sram-cassettenx-11-50\/#breadcrumb"},"inLanguage":"fr-FR","potentialAction":[{"@type":"ReadAction","target":["https:\/\/www.thokbikes.com\/fr\/negozio\/accessoires-et-composants\/transmission-fr\/sram-cassettenx-11-50\/"]}]},{"@type":"ImageObject","inLanguage":"fr-FR","@id":"https:\/\/www.thokbikes.com\/fr\/negozio\/accessoires-et-composants\/transmission-fr\/sram-cassettenx-11-50\/#primaryimage","url":"https:\/\/www.thokbikes.com\/wp-content\/uploads\/2024\/01\/CASSETTA-SRAM-SX-11-50-jpg.webp","contentUrl":"https:\/\/www.thokbikes.com\/wp-content\/uploads\/2024\/01\/CASSETTA-SRAM-SX-11-50-jpg.webp","width":1900,"height":1900},{"@type":"BreadcrumbList","@id":"https:\/\/www.thokbikes.com\/fr\/negozio\/accessoires-et-composants\/transmission-fr\/sram-cassettenx-11-50\/#breadcrumb","itemListElement":[{"@type":"ListItem","position":1,"name":"Home","item":"https:\/\/www.thokbikes.com\/fr\/"},{"@type":"ListItem","position":2,"name":"Shop","item":"https:\/\/www.thokbikes.com\/negozio\/"},{"@type":"ListItem","position":3,"name":"CASSETTE SRAM EAGLE NX 12V"}]},{"@type":"WebSite","@id":"https:\/\/www.thokbikes.com\/fr\/#website","url":"https:\/\/www.thokbikes.com\/fr\/","name":"Thok E-bikes","description":"","publisher":{"@id":"https:\/\/www.thokbikes.com\/fr\/#organization"},"potentialAction":[{"@type":"SearchAction","target":{"@type":"EntryPoint","urlTemplate":"https:\/\/www.thokbikes.com\/fr\/?s={search_term_string}"},"query-input":{"@type":"PropertyValueSpecification","valueRequired":true,"valueName":"search_term_string"}}],"inLanguage":"fr-FR"},{"@type":"Organization","@id":"https:\/\/www.thokbikes.com\/fr\/#organization","name":"Thok E-bikes","url":"https:\/\/www.thokbikes.com\/fr\/","logo":{"@type":"ImageObject","inLanguage":"fr-FR","@id":"https:\/\/www.thokbikes.com\/fr\/#\/schema\/logo\/image\/","url":"https:\/\/www.thokbikes.com\/wp-content\/uploads\/2025\/11\/logo-thok-white.png","contentUrl":"https:\/\/www.thokbikes.com\/wp-content\/uploads\/2025\/11\/logo-thok-white.png","width":1920,"height":281,"caption":"Thok E-bikes"},"image":{"@id":"https:\/\/www.thokbikes.com\/fr\/#\/schema\/logo\/image\/"},"sameAs":["https:\/\/www.facebook.com\/thokebikes","https:\/\/www.instagram.com\/thok_ebikes\/","https:\/\/www.youtube.com\/channel\/UC-yfWNxPCJvVdRymE7tA8Ww"]}]}},"_links":{"self":[{"href":"https:\/\/www.thokbikes.com\/fr\/wp-json\/wp\/v2\/product\/33040","targetHints":{"allow":["GET"]}}],"collection":[{"href":"https:\/\/www.thokbikes.com\/fr\/wp-json\/wp\/v2\/product"}],"about":[{"href":"https:\/\/www.thokbikes.com\/fr\/wp-json\/wp\/v2\/types\/product"}],"replies":[{"embeddable":true,"href":"https:\/\/www.thokbikes.com\/fr\/wp-json\/wp\/v2\/comments?post=33040"}],"wp:featuredmedia":[{"embeddable":true,"href":"https:\/\/www.thokbikes.com\/fr\/wp-json\/wp\/v2\/media\/5895"}],"wp:attachment":[{"href":"https:\/\/www.thokbikes.com\/fr\/wp-json\/wp\/v2\/media?parent=33040"}],"wp:term":[{"taxonomy":"product_brand","embeddable":true,"href":"https:\/\/www.thokbikes.com\/fr\/wp-json\/wp\/v2\/product_brand?post=33040"},{"taxonomy":"product_cat","embeddable":true,"href":"https:\/\/www.thokbikes.com\/fr\/wp-json\/wp\/v2\/product_cat?post=33040"},{"taxonomy":"product_tag","embeddable":true,"href":"https:\/\/www.thokbikes.com\/fr\/wp-json\/wp\/v2\/product_tag?post=33040"}],"curies":[{"name":"wp","href":"https:\/\/api.w.org\/{rel}","templated":true}]}}