{"id":34733,"date":"2026-01-17T06:07:45","date_gmt":"2026-01-17T05:07:45","guid":{"rendered":"https:\/\/www.thokbikes.com\/negozio\/uncategorized\/pneumatico-schwalbe-albert-grav-pro-29x2-6-usf\/"},"modified":"2026-01-20T17:04:04","modified_gmt":"2026-01-20T16:04:04","slug":"pneumatico-schwalbe-albert-grav-pro-29x2-6-usf","status":"publish","type":"product","link":"https:\/\/www.thokbikes.com\/fr\/negozio\/accessoires-et-composants\/wheels-fr\/pneumatico-schwalbe-albert-grav-pro-29x2-6-usf\/","title":{"rendered":"PNEU SCHWALBE ALBERT GRAVITY PRO 29\u00d72,6 ULTRA SOFT"},"content":{"rendered":"<p>Le Schwalbe Albert Gravity Pro 29&#215;2.6 est un pneu con\u00e7u pour les VTT et e-MTB les plus exigeants, id\u00e9al pour affronter des descentes techniques et des sentiers engag\u00e9s. La carcasse radiale augmente la surface de contact avec le sol, am\u00e9liorant l\u2019adh\u00e9rence, le contr\u00f4le et le confort m\u00eame sur les terrains les plus accident\u00e9s. La gomme ADDIX Ultra Soft garantit une excellente capacit\u00e9 d\u2019amortissement et des performances constantes m\u00eame \u00e0 basse temp\u00e9rature. Tubeless Ready, il offre une meilleure protection contre les crevaisons et une conduite plus pr\u00e9cise. Avec des dimensions de 29&#215;2.6 et un poids de 1350 g, c\u2019est le choix id\u00e9al pour ceux qui recherchent des performances sans compromis.<\/p>\n","protected":false},"excerpt":{"rendered":"<p>Le Schwalbe Albert Gravity Pro 29&#215;2.6 est un pneu con\u00e7u pour les VTT et e-MTB les plus exigeants, id\u00e9al pour affronter des descentes techniques et des sentiers engag\u00e9s. La carcasse radiale augmente la surface de contact avec le sol, am\u00e9liorant l\u2019adh\u00e9rence, le contr\u00f4le et le confort m\u00eame sur les terrains les plus accident\u00e9s. La gomme [&hellip;]<\/p>\n","protected":false},"featured_media":34586,"comment_status":"closed","ping_status":"closed","template":"","meta":{"_acf_changed":false},"product_brand":[],"product_cat":[122,134],"product_tag":[],"class_list":{"0":"post-34733","1":"product","2":"type-product","3":"status-publish","4":"has-post-thumbnail","6":"product_cat-accessoires-et-composants","7":"product_cat-wheels-fr","9":"first","10":"instock","11":"taxable","12":"shipping-taxable","13":"purchasable","14":"product-type-simple"},"acf":[],"yoast_head":"<!-- This site is optimized with the Yoast SEO plugin v27.3 - https:\/\/yoast.com\/product\/yoast-seo-wordpress\/ -->\n<title>PNEU SCHWALBE ALBERT GRAVITY PRO 29\u00d72,6 ULTRA SOFT - Thok<\/title>\n<meta name=\"robots\" content=\"index, follow, max-snippet:-1, max-image-preview:large, max-video-preview:-1\" \/>\n<link rel=\"canonical\" href=\"https:\/\/www.thokbikes.com\/fr\/negozio\/accessoires-et-composants\/wheels-fr\/pneumatico-schwalbe-albert-grav-pro-29x2-6-usf\/\" \/>\n<meta property=\"og:locale\" content=\"fr_FR\" \/>\n<meta property=\"og:type\" content=\"article\" \/>\n<meta property=\"og:title\" content=\"PNEU SCHWALBE ALBERT GRAVITY PRO 29\u00d72,6 ULTRA SOFT - Thok\" \/>\n<meta property=\"og:description\" content=\"Le Schwalbe Albert Gravity Pro 29&#215;2.6 est un pneu con\u00e7u pour les VTT et e-MTB les plus exigeants, id\u00e9al pour affronter des descentes techniques et des sentiers engag\u00e9s. La carcasse radiale augmente la surface de contact avec le sol, am\u00e9liorant l\u2019adh\u00e9rence, le contr\u00f4le et le confort m\u00eame sur les terrains les plus accident\u00e9s. La gomme [&hellip;]\" \/>\n<meta property=\"og:url\" content=\"https:\/\/www.thokbikes.com\/fr\/negozio\/accessoires-et-composants\/wheels-fr\/pneumatico-schwalbe-albert-grav-pro-29x2-6-usf\/\" \/>\n<meta property=\"og:site_name\" content=\"Thok\" \/>\n<meta property=\"article:publisher\" content=\"https:\/\/www.facebook.com\/thokebikes\" \/>\n<meta property=\"article:modified_time\" content=\"2026-01-20T16:04:04+00:00\" \/>\n<meta property=\"og:image\" content=\"https:\/\/www.thokbikes.com\/wp-content\/uploads\/2026\/01\/Shop-SCHWALBE-ALBERT-TRAIL-PRO-29X2.6.jpg\" \/>\n\t<meta property=\"og:image:width\" content=\"1900\" \/>\n\t<meta property=\"og:image:height\" content=\"1900\" \/>\n\t<meta property=\"og:image:type\" content=\"image\/jpeg\" \/>\n<meta name=\"twitter:card\" content=\"summary_large_image\" \/>\n<meta name=\"twitter:label1\" content=\"Est. reading time\" \/>\n\t<meta name=\"twitter:data1\" content=\"1 minute\" \/>\n<script type=\"application\/ld+json\" class=\"yoast-schema-graph\">{\"@context\":\"https:\\\/\\\/schema.org\",\"@graph\":[{\"@type\":\"WebPage\",\"@id\":\"https:\\\/\\\/www.thokbikes.com\\\/fr\\\/negozio\\\/accessoires-et-composants\\\/wheels-fr\\\/pneumatico-schwalbe-albert-grav-pro-29x2-6-usf\\\/\",\"url\":\"https:\\\/\\\/www.thokbikes.com\\\/fr\\\/negozio\\\/accessoires-et-composants\\\/wheels-fr\\\/pneumatico-schwalbe-albert-grav-pro-29x2-6-usf\\\/\",\"name\":\"PNEU SCHWALBE ALBERT GRAVITY PRO 29\u00d72,6 ULTRA SOFT - Thok\",\"isPartOf\":{\"@id\":\"https:\\\/\\\/www.thokbikes.com\\\/fr\\\/#website\"},\"primaryImageOfPage\":{\"@id\":\"https:\\\/\\\/www.thokbikes.com\\\/fr\\\/negozio\\\/accessoires-et-composants\\\/wheels-fr\\\/pneumatico-schwalbe-albert-grav-pro-29x2-6-usf\\\/#primaryimage\"},\"image\":{\"@id\":\"https:\\\/\\\/www.thokbikes.com\\\/fr\\\/negozio\\\/accessoires-et-composants\\\/wheels-fr\\\/pneumatico-schwalbe-albert-grav-pro-29x2-6-usf\\\/#primaryimage\"},\"thumbnailUrl\":\"https:\\\/\\\/www.thokbikes.com\\\/wp-content\\\/uploads\\\/2026\\\/01\\\/Shop-SCHWALBE-ALBERT-TRAIL-PRO-29X2.6.jpg\",\"datePublished\":\"2026-01-17T05:07:45+00:00\",\"dateModified\":\"2026-01-20T16:04:04+00:00\",\"breadcrumb\":{\"@id\":\"https:\\\/\\\/www.thokbikes.com\\\/fr\\\/negozio\\\/accessoires-et-composants\\\/wheels-fr\\\/pneumatico-schwalbe-albert-grav-pro-29x2-6-usf\\\/#breadcrumb\"},\"inLanguage\":\"fr-FR\",\"potentialAction\":[{\"@type\":\"ReadAction\",\"target\":[\"https:\\\/\\\/www.thokbikes.com\\\/fr\\\/negozio\\\/accessoires-et-composants\\\/wheels-fr\\\/pneumatico-schwalbe-albert-grav-pro-29x2-6-usf\\\/\"]}]},{\"@type\":\"ImageObject\",\"inLanguage\":\"fr-FR\",\"@id\":\"https:\\\/\\\/www.thokbikes.com\\\/fr\\\/negozio\\\/accessoires-et-composants\\\/wheels-fr\\\/pneumatico-schwalbe-albert-grav-pro-29x2-6-usf\\\/#primaryimage\",\"url\":\"https:\\\/\\\/www.thokbikes.com\\\/wp-content\\\/uploads\\\/2026\\\/01\\\/Shop-SCHWALBE-ALBERT-TRAIL-PRO-29X2.6.jpg\",\"contentUrl\":\"https:\\\/\\\/www.thokbikes.com\\\/wp-content\\\/uploads\\\/2026\\\/01\\\/Shop-SCHWALBE-ALBERT-TRAIL-PRO-29X2.6.jpg\",\"width\":1900,\"height\":1900},{\"@type\":\"BreadcrumbList\",\"@id\":\"https:\\\/\\\/www.thokbikes.com\\\/fr\\\/negozio\\\/accessoires-et-composants\\\/wheels-fr\\\/pneumatico-schwalbe-albert-grav-pro-29x2-6-usf\\\/#breadcrumb\",\"itemListElement\":[{\"@type\":\"ListItem\",\"position\":1,\"name\":\"Home\",\"item\":\"https:\\\/\\\/www.thokbikes.com\\\/fr\\\/\"},{\"@type\":\"ListItem\",\"position\":2,\"name\":\"Shop\",\"item\":\"https:\\\/\\\/www.thokbikes.com\\\/negozio\\\/\"},{\"@type\":\"ListItem\",\"position\":3,\"name\":\"PNEU SCHWALBE ALBERT GRAVITY PRO 29\u00d72,6 ULTRA SOFT\"}]},{\"@type\":\"WebSite\",\"@id\":\"https:\\\/\\\/www.thokbikes.com\\\/fr\\\/#website\",\"url\":\"https:\\\/\\\/www.thokbikes.com\\\/fr\\\/\",\"name\":\"Thok E-bikes\",\"description\":\"\",\"publisher\":{\"@id\":\"https:\\\/\\\/www.thokbikes.com\\\/fr\\\/#organization\"},\"potentialAction\":[{\"@type\":\"SearchAction\",\"target\":{\"@type\":\"EntryPoint\",\"urlTemplate\":\"https:\\\/\\\/www.thokbikes.com\\\/fr\\\/?s={search_term_string}\"},\"query-input\":{\"@type\":\"PropertyValueSpecification\",\"valueRequired\":true,\"valueName\":\"search_term_string\"}}],\"inLanguage\":\"fr-FR\"},{\"@type\":\"Organization\",\"@id\":\"https:\\\/\\\/www.thokbikes.com\\\/fr\\\/#organization\",\"name\":\"Thok E-bikes\",\"url\":\"https:\\\/\\\/www.thokbikes.com\\\/fr\\\/\",\"logo\":{\"@type\":\"ImageObject\",\"inLanguage\":\"fr-FR\",\"@id\":\"https:\\\/\\\/www.thokbikes.com\\\/fr\\\/#\\\/schema\\\/logo\\\/image\\\/\",\"url\":\"https:\\\/\\\/www.thokbikes.com\\\/wp-content\\\/uploads\\\/2025\\\/11\\\/logo-thok-white.png\",\"contentUrl\":\"https:\\\/\\\/www.thokbikes.com\\\/wp-content\\\/uploads\\\/2025\\\/11\\\/logo-thok-white.png\",\"width\":1920,\"height\":281,\"caption\":\"Thok E-bikes\"},\"image\":{\"@id\":\"https:\\\/\\\/www.thokbikes.com\\\/fr\\\/#\\\/schema\\\/logo\\\/image\\\/\"},\"sameAs\":[\"https:\\\/\\\/www.facebook.com\\\/thokebikes\",\"https:\\\/\\\/www.instagram.com\\\/thok_ebikes\\\/\",\"https:\\\/\\\/www.youtube.com\\\/channel\\\/UC-yfWNxPCJvVdRymE7tA8Ww\"]}]}<\/script>\n<!-- \/ Yoast SEO plugin. -->","yoast_head_json":{"title":"PNEU SCHWALBE ALBERT GRAVITY PRO 29\u00d72,6 ULTRA SOFT - Thok","robots":{"index":"index","follow":"follow","max-snippet":"max-snippet:-1","max-image-preview":"max-image-preview:large","max-video-preview":"max-video-preview:-1"},"canonical":"https:\/\/www.thokbikes.com\/fr\/negozio\/accessoires-et-composants\/wheels-fr\/pneumatico-schwalbe-albert-grav-pro-29x2-6-usf\/","og_locale":"fr_FR","og_type":"article","og_title":"PNEU SCHWALBE ALBERT GRAVITY PRO 29\u00d72,6 ULTRA SOFT - Thok","og_description":"Le Schwalbe Albert Gravity Pro 29&#215;2.6 est un pneu con\u00e7u pour les VTT et e-MTB les plus exigeants, id\u00e9al pour affronter des descentes techniques et des sentiers engag\u00e9s. La carcasse radiale augmente la surface de contact avec le sol, am\u00e9liorant l\u2019adh\u00e9rence, le contr\u00f4le et le confort m\u00eame sur les terrains les plus accident\u00e9s. La gomme [&hellip;]","og_url":"https:\/\/www.thokbikes.com\/fr\/negozio\/accessoires-et-composants\/wheels-fr\/pneumatico-schwalbe-albert-grav-pro-29x2-6-usf\/","og_site_name":"Thok","article_publisher":"https:\/\/www.facebook.com\/thokebikes","article_modified_time":"2026-01-20T16:04:04+00:00","og_image":[{"width":1900,"height":1900,"url":"https:\/\/www.thokbikes.com\/wp-content\/uploads\/2026\/01\/Shop-SCHWALBE-ALBERT-TRAIL-PRO-29X2.6.jpg","type":"image\/jpeg"}],"twitter_card":"summary_large_image","twitter_misc":{"Est. reading time":"1 minute"},"schema":{"@context":"https:\/\/schema.org","@graph":[{"@type":"WebPage","@id":"https:\/\/www.thokbikes.com\/fr\/negozio\/accessoires-et-composants\/wheels-fr\/pneumatico-schwalbe-albert-grav-pro-29x2-6-usf\/","url":"https:\/\/www.thokbikes.com\/fr\/negozio\/accessoires-et-composants\/wheels-fr\/pneumatico-schwalbe-albert-grav-pro-29x2-6-usf\/","name":"PNEU SCHWALBE ALBERT GRAVITY PRO 29\u00d72,6 ULTRA SOFT - Thok","isPartOf":{"@id":"https:\/\/www.thokbikes.com\/fr\/#website"},"primaryImageOfPage":{"@id":"https:\/\/www.thokbikes.com\/fr\/negozio\/accessoires-et-composants\/wheels-fr\/pneumatico-schwalbe-albert-grav-pro-29x2-6-usf\/#primaryimage"},"image":{"@id":"https:\/\/www.thokbikes.com\/fr\/negozio\/accessoires-et-composants\/wheels-fr\/pneumatico-schwalbe-albert-grav-pro-29x2-6-usf\/#primaryimage"},"thumbnailUrl":"https:\/\/www.thokbikes.com\/wp-content\/uploads\/2026\/01\/Shop-SCHWALBE-ALBERT-TRAIL-PRO-29X2.6.jpg","datePublished":"2026-01-17T05:07:45+00:00","dateModified":"2026-01-20T16:04:04+00:00","breadcrumb":{"@id":"https:\/\/www.thokbikes.com\/fr\/negozio\/accessoires-et-composants\/wheels-fr\/pneumatico-schwalbe-albert-grav-pro-29x2-6-usf\/#breadcrumb"},"inLanguage":"fr-FR","potentialAction":[{"@type":"ReadAction","target":["https:\/\/www.thokbikes.com\/fr\/negozio\/accessoires-et-composants\/wheels-fr\/pneumatico-schwalbe-albert-grav-pro-29x2-6-usf\/"]}]},{"@type":"ImageObject","inLanguage":"fr-FR","@id":"https:\/\/www.thokbikes.com\/fr\/negozio\/accessoires-et-composants\/wheels-fr\/pneumatico-schwalbe-albert-grav-pro-29x2-6-usf\/#primaryimage","url":"https:\/\/www.thokbikes.com\/wp-content\/uploads\/2026\/01\/Shop-SCHWALBE-ALBERT-TRAIL-PRO-29X2.6.jpg","contentUrl":"https:\/\/www.thokbikes.com\/wp-content\/uploads\/2026\/01\/Shop-SCHWALBE-ALBERT-TRAIL-PRO-29X2.6.jpg","width":1900,"height":1900},{"@type":"BreadcrumbList","@id":"https:\/\/www.thokbikes.com\/fr\/negozio\/accessoires-et-composants\/wheels-fr\/pneumatico-schwalbe-albert-grav-pro-29x2-6-usf\/#breadcrumb","itemListElement":[{"@type":"ListItem","position":1,"name":"Home","item":"https:\/\/www.thokbikes.com\/fr\/"},{"@type":"ListItem","position":2,"name":"Shop","item":"https:\/\/www.thokbikes.com\/negozio\/"},{"@type":"ListItem","position":3,"name":"PNEU SCHWALBE ALBERT GRAVITY PRO 29\u00d72,6 ULTRA SOFT"}]},{"@type":"WebSite","@id":"https:\/\/www.thokbikes.com\/fr\/#website","url":"https:\/\/www.thokbikes.com\/fr\/","name":"Thok E-bikes","description":"","publisher":{"@id":"https:\/\/www.thokbikes.com\/fr\/#organization"},"potentialAction":[{"@type":"SearchAction","target":{"@type":"EntryPoint","urlTemplate":"https:\/\/www.thokbikes.com\/fr\/?s={search_term_string}"},"query-input":{"@type":"PropertyValueSpecification","valueRequired":true,"valueName":"search_term_string"}}],"inLanguage":"fr-FR"},{"@type":"Organization","@id":"https:\/\/www.thokbikes.com\/fr\/#organization","name":"Thok E-bikes","url":"https:\/\/www.thokbikes.com\/fr\/","logo":{"@type":"ImageObject","inLanguage":"fr-FR","@id":"https:\/\/www.thokbikes.com\/fr\/#\/schema\/logo\/image\/","url":"https:\/\/www.thokbikes.com\/wp-content\/uploads\/2025\/11\/logo-thok-white.png","contentUrl":"https:\/\/www.thokbikes.com\/wp-content\/uploads\/2025\/11\/logo-thok-white.png","width":1920,"height":281,"caption":"Thok E-bikes"},"image":{"@id":"https:\/\/www.thokbikes.com\/fr\/#\/schema\/logo\/image\/"},"sameAs":["https:\/\/www.facebook.com\/thokebikes","https:\/\/www.instagram.com\/thok_ebikes\/","https:\/\/www.youtube.com\/channel\/UC-yfWNxPCJvVdRymE7tA8Ww"]}]}},"_links":{"self":[{"href":"https:\/\/www.thokbikes.com\/fr\/wp-json\/wp\/v2\/product\/34733","targetHints":{"allow":["GET"]}}],"collection":[{"href":"https:\/\/www.thokbikes.com\/fr\/wp-json\/wp\/v2\/product"}],"about":[{"href":"https:\/\/www.thokbikes.com\/fr\/wp-json\/wp\/v2\/types\/product"}],"replies":[{"embeddable":true,"href":"https:\/\/www.thokbikes.com\/fr\/wp-json\/wp\/v2\/comments?post=34733"}],"wp:featuredmedia":[{"embeddable":true,"href":"https:\/\/www.thokbikes.com\/fr\/wp-json\/wp\/v2\/media\/34586"}],"wp:attachment":[{"href":"https:\/\/www.thokbikes.com\/fr\/wp-json\/wp\/v2\/media?parent=34733"}],"wp:term":[{"taxonomy":"product_brand","embeddable":true,"href":"https:\/\/www.thokbikes.com\/fr\/wp-json\/wp\/v2\/product_brand?post=34733"},{"taxonomy":"product_cat","embeddable":true,"href":"https:\/\/www.thokbikes.com\/fr\/wp-json\/wp\/v2\/product_cat?post=34733"},{"taxonomy":"product_tag","embeddable":true,"href":"https:\/\/www.thokbikes.com\/fr\/wp-json\/wp\/v2\/product_tag?post=34733"}],"curies":[{"name":"wp","href":"https:\/\/api.w.org\/{rel}","templated":true}]}}