{"id":34793,"date":"2026-01-20T06:07:44","date_gmt":"2026-01-20T05:07:44","guid":{"rendered":"https:\/\/www.thokbikes.com\/negozio\/uncategorized\/ruota-posteriore-dt-swiss-h1900-29-is30-ms-sh12\/"},"modified":"2026-01-20T12:10:57","modified_gmt":"2026-01-20T11:10:57","slug":"ruota-posteriore-dt-swiss-h1900-29-is30-ms-sh12","status":"publish","type":"product","link":"https:\/\/www.thokbikes.com\/fr\/negozio\/accessoires-et-composants\/wheels-fr\/ruota-posteriore-dt-swiss-h1900-29-is30-ms-sh12\/","title":{"rendered":"Roues arri\u00e8re DT Swiss H1900 29 IS30 MS SH12"},"content":{"rendered":"<p>La DT Swiss H 1900 est la roue parfaite pour les e-MTB et les aventures tout-terrain. Robuste et fiable, elle garantit un transfert de puissance imm\u00e9diat et durable gr\u00e2ce \u00e0 son design renforc\u00e9 et ses rayons r\u00e9sistants. Les jantes en aluminium tubeless ready assurent l\u00e9g\u00e8ret\u00e9 et s\u00e9curit\u00e9.<\/p>\n","protected":false},"excerpt":{"rendered":"<p>La DT Swiss H 1900 est la roue parfaite pour les e-MTB et les aventures tout-terrain. Robuste et fiable, elle garantit un transfert de puissance imm\u00e9diat et durable gr\u00e2ce \u00e0 son design renforc\u00e9 et ses rayons r\u00e9sistants. Les jantes en aluminium tubeless ready assurent l\u00e9g\u00e8ret\u00e9 et s\u00e9curit\u00e9.<\/p>\n","protected":false},"featured_media":34689,"comment_status":"closed","ping_status":"closed","template":"","meta":{"_acf_changed":false},"product_brand":[],"product_cat":[122,134],"product_tag":[],"class_list":{"0":"post-34793","1":"product","2":"type-product","3":"status-publish","4":"has-post-thumbnail","6":"product_cat-accessoires-et-composants","7":"product_cat-wheels-fr","9":"first","10":"instock","11":"taxable","12":"shipping-taxable","13":"purchasable","14":"product-type-simple"},"acf":[],"yoast_head":"<!-- This site is optimized with the Yoast SEO plugin v27.3 - https:\/\/yoast.com\/product\/yoast-seo-wordpress\/ -->\n<title>Roues arri\u00e8re DT Swiss H1900 29 IS30 MS SH12 - Thok<\/title>\n<meta name=\"robots\" content=\"index, follow, max-snippet:-1, max-image-preview:large, max-video-preview:-1\" \/>\n<link rel=\"canonical\" href=\"https:\/\/www.thokbikes.com\/fr\/negozio\/accessoires-et-composants\/wheels-fr\/ruota-posteriore-dt-swiss-h1900-29-is30-ms-sh12\/\" \/>\n<meta property=\"og:locale\" content=\"fr_FR\" \/>\n<meta property=\"og:type\" content=\"article\" \/>\n<meta property=\"og:title\" content=\"Roues arri\u00e8re DT Swiss H1900 29 IS30 MS SH12 - Thok\" \/>\n<meta property=\"og:description\" content=\"La DT Swiss H 1900 est la roue parfaite pour les e-MTB et les aventures tout-terrain. Robuste et fiable, elle garantit un transfert de puissance imm\u00e9diat et durable gr\u00e2ce \u00e0 son design renforc\u00e9 et ses rayons r\u00e9sistants. Les jantes en aluminium tubeless ready assurent l\u00e9g\u00e8ret\u00e9 et s\u00e9curit\u00e9.\" \/>\n<meta property=\"og:url\" content=\"https:\/\/www.thokbikes.com\/fr\/negozio\/accessoires-et-composants\/wheels-fr\/ruota-posteriore-dt-swiss-h1900-29-is30-ms-sh12\/\" \/>\n<meta property=\"og:site_name\" content=\"Thok\" \/>\n<meta property=\"article:publisher\" content=\"https:\/\/www.facebook.com\/thokebikes\" \/>\n<meta property=\"article:modified_time\" content=\"2026-01-20T11:10:57+00:00\" \/>\n<meta property=\"og:image\" content=\"https:\/\/www.thokbikes.com\/wp-content\/uploads\/2026\/01\/DT-SWISS-RE-WHEEL-H1900-29.jpg\" \/>\n\t<meta property=\"og:image:width\" content=\"1900\" \/>\n\t<meta property=\"og:image:height\" content=\"1900\" \/>\n\t<meta property=\"og:image:type\" content=\"image\/jpeg\" \/>\n<meta name=\"twitter:card\" content=\"summary_large_image\" \/>\n<meta name=\"twitter:label1\" content=\"Est. reading time\" \/>\n\t<meta name=\"twitter:data1\" content=\"1 minute\" \/>\n<script type=\"application\/ld+json\" class=\"yoast-schema-graph\">{\"@context\":\"https:\\\/\\\/schema.org\",\"@graph\":[{\"@type\":\"WebPage\",\"@id\":\"https:\\\/\\\/www.thokbikes.com\\\/fr\\\/negozio\\\/accessoires-et-composants\\\/wheels-fr\\\/ruota-posteriore-dt-swiss-h1900-29-is30-ms-sh12\\\/\",\"url\":\"https:\\\/\\\/www.thokbikes.com\\\/fr\\\/negozio\\\/accessoires-et-composants\\\/wheels-fr\\\/ruota-posteriore-dt-swiss-h1900-29-is30-ms-sh12\\\/\",\"name\":\"Roues arri\u00e8re DT Swiss H1900 29 IS30 MS SH12 - Thok\",\"isPartOf\":{\"@id\":\"https:\\\/\\\/www.thokbikes.com\\\/fr\\\/#website\"},\"primaryImageOfPage\":{\"@id\":\"https:\\\/\\\/www.thokbikes.com\\\/fr\\\/negozio\\\/accessoires-et-composants\\\/wheels-fr\\\/ruota-posteriore-dt-swiss-h1900-29-is30-ms-sh12\\\/#primaryimage\"},\"image\":{\"@id\":\"https:\\\/\\\/www.thokbikes.com\\\/fr\\\/negozio\\\/accessoires-et-composants\\\/wheels-fr\\\/ruota-posteriore-dt-swiss-h1900-29-is30-ms-sh12\\\/#primaryimage\"},\"thumbnailUrl\":\"https:\\\/\\\/www.thokbikes.com\\\/wp-content\\\/uploads\\\/2026\\\/01\\\/DT-SWISS-RE-WHEEL-H1900-29.jpg\",\"datePublished\":\"2026-01-20T05:07:44+00:00\",\"dateModified\":\"2026-01-20T11:10:57+00:00\",\"breadcrumb\":{\"@id\":\"https:\\\/\\\/www.thokbikes.com\\\/fr\\\/negozio\\\/accessoires-et-composants\\\/wheels-fr\\\/ruota-posteriore-dt-swiss-h1900-29-is30-ms-sh12\\\/#breadcrumb\"},\"inLanguage\":\"fr-FR\",\"potentialAction\":[{\"@type\":\"ReadAction\",\"target\":[\"https:\\\/\\\/www.thokbikes.com\\\/fr\\\/negozio\\\/accessoires-et-composants\\\/wheels-fr\\\/ruota-posteriore-dt-swiss-h1900-29-is30-ms-sh12\\\/\"]}]},{\"@type\":\"ImageObject\",\"inLanguage\":\"fr-FR\",\"@id\":\"https:\\\/\\\/www.thokbikes.com\\\/fr\\\/negozio\\\/accessoires-et-composants\\\/wheels-fr\\\/ruota-posteriore-dt-swiss-h1900-29-is30-ms-sh12\\\/#primaryimage\",\"url\":\"https:\\\/\\\/www.thokbikes.com\\\/wp-content\\\/uploads\\\/2026\\\/01\\\/DT-SWISS-RE-WHEEL-H1900-29.jpg\",\"contentUrl\":\"https:\\\/\\\/www.thokbikes.com\\\/wp-content\\\/uploads\\\/2026\\\/01\\\/DT-SWISS-RE-WHEEL-H1900-29.jpg\",\"width\":1900,\"height\":1900},{\"@type\":\"BreadcrumbList\",\"@id\":\"https:\\\/\\\/www.thokbikes.com\\\/fr\\\/negozio\\\/accessoires-et-composants\\\/wheels-fr\\\/ruota-posteriore-dt-swiss-h1900-29-is30-ms-sh12\\\/#breadcrumb\",\"itemListElement\":[{\"@type\":\"ListItem\",\"position\":1,\"name\":\"Home\",\"item\":\"https:\\\/\\\/www.thokbikes.com\\\/fr\\\/\"},{\"@type\":\"ListItem\",\"position\":2,\"name\":\"Shop\",\"item\":\"https:\\\/\\\/www.thokbikes.com\\\/negozio\\\/\"},{\"@type\":\"ListItem\",\"position\":3,\"name\":\"Roues arri\u00e8re DT Swiss H1900 29 IS30 MS SH12\"}]},{\"@type\":\"WebSite\",\"@id\":\"https:\\\/\\\/www.thokbikes.com\\\/fr\\\/#website\",\"url\":\"https:\\\/\\\/www.thokbikes.com\\\/fr\\\/\",\"name\":\"Thok E-bikes\",\"description\":\"\",\"publisher\":{\"@id\":\"https:\\\/\\\/www.thokbikes.com\\\/fr\\\/#organization\"},\"potentialAction\":[{\"@type\":\"SearchAction\",\"target\":{\"@type\":\"EntryPoint\",\"urlTemplate\":\"https:\\\/\\\/www.thokbikes.com\\\/fr\\\/?s={search_term_string}\"},\"query-input\":{\"@type\":\"PropertyValueSpecification\",\"valueRequired\":true,\"valueName\":\"search_term_string\"}}],\"inLanguage\":\"fr-FR\"},{\"@type\":\"Organization\",\"@id\":\"https:\\\/\\\/www.thokbikes.com\\\/fr\\\/#organization\",\"name\":\"Thok E-bikes\",\"url\":\"https:\\\/\\\/www.thokbikes.com\\\/fr\\\/\",\"logo\":{\"@type\":\"ImageObject\",\"inLanguage\":\"fr-FR\",\"@id\":\"https:\\\/\\\/www.thokbikes.com\\\/fr\\\/#\\\/schema\\\/logo\\\/image\\\/\",\"url\":\"https:\\\/\\\/www.thokbikes.com\\\/wp-content\\\/uploads\\\/2025\\\/11\\\/logo-thok-white.png\",\"contentUrl\":\"https:\\\/\\\/www.thokbikes.com\\\/wp-content\\\/uploads\\\/2025\\\/11\\\/logo-thok-white.png\",\"width\":1920,\"height\":281,\"caption\":\"Thok E-bikes\"},\"image\":{\"@id\":\"https:\\\/\\\/www.thokbikes.com\\\/fr\\\/#\\\/schema\\\/logo\\\/image\\\/\"},\"sameAs\":[\"https:\\\/\\\/www.facebook.com\\\/thokebikes\",\"https:\\\/\\\/www.instagram.com\\\/thok_ebikes\\\/\",\"https:\\\/\\\/www.youtube.com\\\/channel\\\/UC-yfWNxPCJvVdRymE7tA8Ww\"]}]}<\/script>\n<!-- \/ Yoast SEO plugin. -->","yoast_head_json":{"title":"Roues arri\u00e8re DT Swiss H1900 29 IS30 MS SH12 - Thok","robots":{"index":"index","follow":"follow","max-snippet":"max-snippet:-1","max-image-preview":"max-image-preview:large","max-video-preview":"max-video-preview:-1"},"canonical":"https:\/\/www.thokbikes.com\/fr\/negozio\/accessoires-et-composants\/wheels-fr\/ruota-posteriore-dt-swiss-h1900-29-is30-ms-sh12\/","og_locale":"fr_FR","og_type":"article","og_title":"Roues arri\u00e8re DT Swiss H1900 29 IS30 MS SH12 - Thok","og_description":"La DT Swiss H 1900 est la roue parfaite pour les e-MTB et les aventures tout-terrain. Robuste et fiable, elle garantit un transfert de puissance imm\u00e9diat et durable gr\u00e2ce \u00e0 son design renforc\u00e9 et ses rayons r\u00e9sistants. Les jantes en aluminium tubeless ready assurent l\u00e9g\u00e8ret\u00e9 et s\u00e9curit\u00e9.","og_url":"https:\/\/www.thokbikes.com\/fr\/negozio\/accessoires-et-composants\/wheels-fr\/ruota-posteriore-dt-swiss-h1900-29-is30-ms-sh12\/","og_site_name":"Thok","article_publisher":"https:\/\/www.facebook.com\/thokebikes","article_modified_time":"2026-01-20T11:10:57+00:00","og_image":[{"width":1900,"height":1900,"url":"https:\/\/www.thokbikes.com\/wp-content\/uploads\/2026\/01\/DT-SWISS-RE-WHEEL-H1900-29.jpg","type":"image\/jpeg"}],"twitter_card":"summary_large_image","twitter_misc":{"Est. reading time":"1 minute"},"schema":{"@context":"https:\/\/schema.org","@graph":[{"@type":"WebPage","@id":"https:\/\/www.thokbikes.com\/fr\/negozio\/accessoires-et-composants\/wheels-fr\/ruota-posteriore-dt-swiss-h1900-29-is30-ms-sh12\/","url":"https:\/\/www.thokbikes.com\/fr\/negozio\/accessoires-et-composants\/wheels-fr\/ruota-posteriore-dt-swiss-h1900-29-is30-ms-sh12\/","name":"Roues arri\u00e8re DT Swiss H1900 29 IS30 MS SH12 - Thok","isPartOf":{"@id":"https:\/\/www.thokbikes.com\/fr\/#website"},"primaryImageOfPage":{"@id":"https:\/\/www.thokbikes.com\/fr\/negozio\/accessoires-et-composants\/wheels-fr\/ruota-posteriore-dt-swiss-h1900-29-is30-ms-sh12\/#primaryimage"},"image":{"@id":"https:\/\/www.thokbikes.com\/fr\/negozio\/accessoires-et-composants\/wheels-fr\/ruota-posteriore-dt-swiss-h1900-29-is30-ms-sh12\/#primaryimage"},"thumbnailUrl":"https:\/\/www.thokbikes.com\/wp-content\/uploads\/2026\/01\/DT-SWISS-RE-WHEEL-H1900-29.jpg","datePublished":"2026-01-20T05:07:44+00:00","dateModified":"2026-01-20T11:10:57+00:00","breadcrumb":{"@id":"https:\/\/www.thokbikes.com\/fr\/negozio\/accessoires-et-composants\/wheels-fr\/ruota-posteriore-dt-swiss-h1900-29-is30-ms-sh12\/#breadcrumb"},"inLanguage":"fr-FR","potentialAction":[{"@type":"ReadAction","target":["https:\/\/www.thokbikes.com\/fr\/negozio\/accessoires-et-composants\/wheels-fr\/ruota-posteriore-dt-swiss-h1900-29-is30-ms-sh12\/"]}]},{"@type":"ImageObject","inLanguage":"fr-FR","@id":"https:\/\/www.thokbikes.com\/fr\/negozio\/accessoires-et-composants\/wheels-fr\/ruota-posteriore-dt-swiss-h1900-29-is30-ms-sh12\/#primaryimage","url":"https:\/\/www.thokbikes.com\/wp-content\/uploads\/2026\/01\/DT-SWISS-RE-WHEEL-H1900-29.jpg","contentUrl":"https:\/\/www.thokbikes.com\/wp-content\/uploads\/2026\/01\/DT-SWISS-RE-WHEEL-H1900-29.jpg","width":1900,"height":1900},{"@type":"BreadcrumbList","@id":"https:\/\/www.thokbikes.com\/fr\/negozio\/accessoires-et-composants\/wheels-fr\/ruota-posteriore-dt-swiss-h1900-29-is30-ms-sh12\/#breadcrumb","itemListElement":[{"@type":"ListItem","position":1,"name":"Home","item":"https:\/\/www.thokbikes.com\/fr\/"},{"@type":"ListItem","position":2,"name":"Shop","item":"https:\/\/www.thokbikes.com\/negozio\/"},{"@type":"ListItem","position":3,"name":"Roues arri\u00e8re DT Swiss H1900 29 IS30 MS SH12"}]},{"@type":"WebSite","@id":"https:\/\/www.thokbikes.com\/fr\/#website","url":"https:\/\/www.thokbikes.com\/fr\/","name":"Thok E-bikes","description":"","publisher":{"@id":"https:\/\/www.thokbikes.com\/fr\/#organization"},"potentialAction":[{"@type":"SearchAction","target":{"@type":"EntryPoint","urlTemplate":"https:\/\/www.thokbikes.com\/fr\/?s={search_term_string}"},"query-input":{"@type":"PropertyValueSpecification","valueRequired":true,"valueName":"search_term_string"}}],"inLanguage":"fr-FR"},{"@type":"Organization","@id":"https:\/\/www.thokbikes.com\/fr\/#organization","name":"Thok E-bikes","url":"https:\/\/www.thokbikes.com\/fr\/","logo":{"@type":"ImageObject","inLanguage":"fr-FR","@id":"https:\/\/www.thokbikes.com\/fr\/#\/schema\/logo\/image\/","url":"https:\/\/www.thokbikes.com\/wp-content\/uploads\/2025\/11\/logo-thok-white.png","contentUrl":"https:\/\/www.thokbikes.com\/wp-content\/uploads\/2025\/11\/logo-thok-white.png","width":1920,"height":281,"caption":"Thok E-bikes"},"image":{"@id":"https:\/\/www.thokbikes.com\/fr\/#\/schema\/logo\/image\/"},"sameAs":["https:\/\/www.facebook.com\/thokebikes","https:\/\/www.instagram.com\/thok_ebikes\/","https:\/\/www.youtube.com\/channel\/UC-yfWNxPCJvVdRymE7tA8Ww"]}]}},"_links":{"self":[{"href":"https:\/\/www.thokbikes.com\/fr\/wp-json\/wp\/v2\/product\/34793","targetHints":{"allow":["GET"]}}],"collection":[{"href":"https:\/\/www.thokbikes.com\/fr\/wp-json\/wp\/v2\/product"}],"about":[{"href":"https:\/\/www.thokbikes.com\/fr\/wp-json\/wp\/v2\/types\/product"}],"replies":[{"embeddable":true,"href":"https:\/\/www.thokbikes.com\/fr\/wp-json\/wp\/v2\/comments?post=34793"}],"wp:featuredmedia":[{"embeddable":true,"href":"https:\/\/www.thokbikes.com\/fr\/wp-json\/wp\/v2\/media\/34689"}],"wp:attachment":[{"href":"https:\/\/www.thokbikes.com\/fr\/wp-json\/wp\/v2\/media?parent=34793"}],"wp:term":[{"taxonomy":"product_brand","embeddable":true,"href":"https:\/\/www.thokbikes.com\/fr\/wp-json\/wp\/v2\/product_brand?post=34793"},{"taxonomy":"product_cat","embeddable":true,"href":"https:\/\/www.thokbikes.com\/fr\/wp-json\/wp\/v2\/product_cat?post=34793"},{"taxonomy":"product_tag","embeddable":true,"href":"https:\/\/www.thokbikes.com\/fr\/wp-json\/wp\/v2\/product_tag?post=34793"}],"curies":[{"name":"wp","href":"https:\/\/api.w.org\/{rel}","templated":true}]}}