{"id":34810,"date":"2026-01-17T06:07:46","date_gmt":"2026-01-17T05:07:46","guid":{"rendered":"https:\/\/www.thokbikes.com\/negozio\/uncategorized\/kit-freno-magura-mt7-1800-anteriore-posteriore\/"},"modified":"2026-01-20T14:30:46","modified_gmt":"2026-01-20T13:30:46","slug":"kit-freno-magura-mt7-1800-anteriore-posteriore","status":"publish","type":"product","link":"https:\/\/www.thokbikes.com\/fr\/negozio\/accessoires-et-composants\/brakes-fr\/kit-freno-magura-mt7-1800-anteriore-posteriore\/","title":{"rendered":"Kit de frein MAGURA MT7 1800 ant\u00e9rieur\/post\u00e9rieur"},"content":{"rendered":"<p data-start=\"377\" data-end=\"594\">Les freins Magura MT7 offrent des performances \u00e9lev\u00e9es, garantissant puissance et pr\u00e9cision \u00e0 chaque freinage. \u00c9quip\u00e9s de quatre pistons, ils assurent un arr\u00eat rapide et une modulation optimale m\u00eame \u00e0 haute vitesse.<\/p>\n<p data-start=\"596\" data-end=\"657\"><strong data-start=\"596\" data-end=\"610\">Remarque :<\/strong> Kit simple, montable \u00e0 l\u2019avant ou \u00e0 l\u2019arri\u00e8re.<\/p>\n","protected":false},"excerpt":{"rendered":"<p>Les freins Magura MT7 offrent des performances \u00e9lev\u00e9es, garantissant puissance et pr\u00e9cision \u00e0 chaque freinage. \u00c9quip\u00e9s de quatre pistons, ils assurent un arr\u00eat rapide et une modulation optimale m\u00eame \u00e0 haute vitesse. Remarque : Kit simple, montable \u00e0 l\u2019avant ou \u00e0 l\u2019arri\u00e8re.<\/p>\n","protected":false},"featured_media":34556,"comment_status":"closed","ping_status":"closed","template":"","meta":{"_acf_changed":false},"product_brand":[],"product_cat":[122,146],"product_tag":[],"class_list":{"0":"post-34810","1":"product","2":"type-product","3":"status-publish","4":"has-post-thumbnail","6":"product_cat-accessoires-et-composants","7":"product_cat-brakes-fr","9":"first","10":"instock","11":"taxable","12":"shipping-taxable","13":"purchasable","14":"product-type-simple"},"acf":[],"yoast_head":"<!-- This site is optimized with the Yoast SEO plugin v27.3 - https:\/\/yoast.com\/product\/yoast-seo-wordpress\/ -->\n<title>Kit de frein MAGURA MT7 1800 ant\u00e9rieur\/post\u00e9rieur - Thok<\/title>\n<meta name=\"robots\" content=\"index, follow, max-snippet:-1, max-image-preview:large, max-video-preview:-1\" \/>\n<link rel=\"canonical\" href=\"https:\/\/www.thokbikes.com\/fr\/negozio\/accessoires-et-composants\/brakes-fr\/kit-freno-magura-mt7-1800-anteriore-posteriore\/\" \/>\n<meta property=\"og:locale\" content=\"fr_FR\" \/>\n<meta property=\"og:type\" content=\"article\" \/>\n<meta property=\"og:title\" content=\"Kit de frein MAGURA MT7 1800 ant\u00e9rieur\/post\u00e9rieur - Thok\" \/>\n<meta property=\"og:description\" content=\"Les freins Magura MT7 offrent des performances \u00e9lev\u00e9es, garantissant puissance et pr\u00e9cision \u00e0 chaque freinage. \u00c9quip\u00e9s de quatre pistons, ils assurent un arr\u00eat rapide et une modulation optimale m\u00eame \u00e0 haute vitesse. Remarque : Kit simple, montable \u00e0 l\u2019avant ou \u00e0 l\u2019arri\u00e8re.\" \/>\n<meta property=\"og:url\" content=\"https:\/\/www.thokbikes.com\/fr\/negozio\/accessoires-et-composants\/brakes-fr\/kit-freno-magura-mt7-1800-anteriore-posteriore\/\" \/>\n<meta property=\"og:site_name\" content=\"Thok\" \/>\n<meta property=\"article:publisher\" content=\"https:\/\/www.facebook.com\/thokebikes\" \/>\n<meta property=\"article:modified_time\" content=\"2026-01-20T13:30:46+00:00\" \/>\n<meta property=\"og:image\" content=\"https:\/\/www.thokbikes.com\/wp-content\/uploads\/2026\/01\/Shop-MAGURA-MT7-BRAKE-REARRIGH.jpg\" \/>\n\t<meta property=\"og:image:width\" content=\"1900\" \/>\n\t<meta property=\"og:image:height\" content=\"1900\" \/>\n\t<meta property=\"og:image:type\" content=\"image\/jpeg\" \/>\n<meta name=\"twitter:card\" content=\"summary_large_image\" \/>\n<meta name=\"twitter:label1\" content=\"Est. reading time\" \/>\n\t<meta name=\"twitter:data1\" content=\"1 minute\" \/>\n<script type=\"application\/ld+json\" class=\"yoast-schema-graph\">{\"@context\":\"https:\\\/\\\/schema.org\",\"@graph\":[{\"@type\":\"WebPage\",\"@id\":\"https:\\\/\\\/www.thokbikes.com\\\/fr\\\/negozio\\\/accessoires-et-composants\\\/brakes-fr\\\/kit-freno-magura-mt7-1800-anteriore-posteriore\\\/\",\"url\":\"https:\\\/\\\/www.thokbikes.com\\\/fr\\\/negozio\\\/accessoires-et-composants\\\/brakes-fr\\\/kit-freno-magura-mt7-1800-anteriore-posteriore\\\/\",\"name\":\"Kit de frein MAGURA MT7 1800 ant\u00e9rieur\\\/post\u00e9rieur - Thok\",\"isPartOf\":{\"@id\":\"https:\\\/\\\/www.thokbikes.com\\\/fr\\\/#website\"},\"primaryImageOfPage\":{\"@id\":\"https:\\\/\\\/www.thokbikes.com\\\/fr\\\/negozio\\\/accessoires-et-composants\\\/brakes-fr\\\/kit-freno-magura-mt7-1800-anteriore-posteriore\\\/#primaryimage\"},\"image\":{\"@id\":\"https:\\\/\\\/www.thokbikes.com\\\/fr\\\/negozio\\\/accessoires-et-composants\\\/brakes-fr\\\/kit-freno-magura-mt7-1800-anteriore-posteriore\\\/#primaryimage\"},\"thumbnailUrl\":\"https:\\\/\\\/www.thokbikes.com\\\/wp-content\\\/uploads\\\/2026\\\/01\\\/Shop-MAGURA-MT7-BRAKE-REARRIGH.jpg\",\"datePublished\":\"2026-01-17T05:07:46+00:00\",\"dateModified\":\"2026-01-20T13:30:46+00:00\",\"breadcrumb\":{\"@id\":\"https:\\\/\\\/www.thokbikes.com\\\/fr\\\/negozio\\\/accessoires-et-composants\\\/brakes-fr\\\/kit-freno-magura-mt7-1800-anteriore-posteriore\\\/#breadcrumb\"},\"inLanguage\":\"fr-FR\",\"potentialAction\":[{\"@type\":\"ReadAction\",\"target\":[\"https:\\\/\\\/www.thokbikes.com\\\/fr\\\/negozio\\\/accessoires-et-composants\\\/brakes-fr\\\/kit-freno-magura-mt7-1800-anteriore-posteriore\\\/\"]}]},{\"@type\":\"ImageObject\",\"inLanguage\":\"fr-FR\",\"@id\":\"https:\\\/\\\/www.thokbikes.com\\\/fr\\\/negozio\\\/accessoires-et-composants\\\/brakes-fr\\\/kit-freno-magura-mt7-1800-anteriore-posteriore\\\/#primaryimage\",\"url\":\"https:\\\/\\\/www.thokbikes.com\\\/wp-content\\\/uploads\\\/2026\\\/01\\\/Shop-MAGURA-MT7-BRAKE-REARRIGH.jpg\",\"contentUrl\":\"https:\\\/\\\/www.thokbikes.com\\\/wp-content\\\/uploads\\\/2026\\\/01\\\/Shop-MAGURA-MT7-BRAKE-REARRIGH.jpg\",\"width\":1900,\"height\":1900},{\"@type\":\"BreadcrumbList\",\"@id\":\"https:\\\/\\\/www.thokbikes.com\\\/fr\\\/negozio\\\/accessoires-et-composants\\\/brakes-fr\\\/kit-freno-magura-mt7-1800-anteriore-posteriore\\\/#breadcrumb\",\"itemListElement\":[{\"@type\":\"ListItem\",\"position\":1,\"name\":\"Home\",\"item\":\"https:\\\/\\\/www.thokbikes.com\\\/fr\\\/\"},{\"@type\":\"ListItem\",\"position\":2,\"name\":\"Shop\",\"item\":\"https:\\\/\\\/www.thokbikes.com\\\/negozio\\\/\"},{\"@type\":\"ListItem\",\"position\":3,\"name\":\"Kit de frein MAGURA MT7 1800 ant\u00e9rieur\\\/post\u00e9rieur\"}]},{\"@type\":\"WebSite\",\"@id\":\"https:\\\/\\\/www.thokbikes.com\\\/fr\\\/#website\",\"url\":\"https:\\\/\\\/www.thokbikes.com\\\/fr\\\/\",\"name\":\"Thok E-bikes\",\"description\":\"\",\"publisher\":{\"@id\":\"https:\\\/\\\/www.thokbikes.com\\\/fr\\\/#organization\"},\"potentialAction\":[{\"@type\":\"SearchAction\",\"target\":{\"@type\":\"EntryPoint\",\"urlTemplate\":\"https:\\\/\\\/www.thokbikes.com\\\/fr\\\/?s={search_term_string}\"},\"query-input\":{\"@type\":\"PropertyValueSpecification\",\"valueRequired\":true,\"valueName\":\"search_term_string\"}}],\"inLanguage\":\"fr-FR\"},{\"@type\":\"Organization\",\"@id\":\"https:\\\/\\\/www.thokbikes.com\\\/fr\\\/#organization\",\"name\":\"Thok E-bikes\",\"url\":\"https:\\\/\\\/www.thokbikes.com\\\/fr\\\/\",\"logo\":{\"@type\":\"ImageObject\",\"inLanguage\":\"fr-FR\",\"@id\":\"https:\\\/\\\/www.thokbikes.com\\\/fr\\\/#\\\/schema\\\/logo\\\/image\\\/\",\"url\":\"https:\\\/\\\/www.thokbikes.com\\\/wp-content\\\/uploads\\\/2025\\\/11\\\/logo-thok-white.png\",\"contentUrl\":\"https:\\\/\\\/www.thokbikes.com\\\/wp-content\\\/uploads\\\/2025\\\/11\\\/logo-thok-white.png\",\"width\":1920,\"height\":281,\"caption\":\"Thok E-bikes\"},\"image\":{\"@id\":\"https:\\\/\\\/www.thokbikes.com\\\/fr\\\/#\\\/schema\\\/logo\\\/image\\\/\"},\"sameAs\":[\"https:\\\/\\\/www.facebook.com\\\/thokebikes\",\"https:\\\/\\\/www.instagram.com\\\/thok_ebikes\\\/\",\"https:\\\/\\\/www.youtube.com\\\/channel\\\/UC-yfWNxPCJvVdRymE7tA8Ww\"]}]}<\/script>\n<!-- \/ Yoast SEO plugin. -->","yoast_head_json":{"title":"Kit de frein MAGURA MT7 1800 ant\u00e9rieur\/post\u00e9rieur - Thok","robots":{"index":"index","follow":"follow","max-snippet":"max-snippet:-1","max-image-preview":"max-image-preview:large","max-video-preview":"max-video-preview:-1"},"canonical":"https:\/\/www.thokbikes.com\/fr\/negozio\/accessoires-et-composants\/brakes-fr\/kit-freno-magura-mt7-1800-anteriore-posteriore\/","og_locale":"fr_FR","og_type":"article","og_title":"Kit de frein MAGURA MT7 1800 ant\u00e9rieur\/post\u00e9rieur - Thok","og_description":"Les freins Magura MT7 offrent des performances \u00e9lev\u00e9es, garantissant puissance et pr\u00e9cision \u00e0 chaque freinage. \u00c9quip\u00e9s de quatre pistons, ils assurent un arr\u00eat rapide et une modulation optimale m\u00eame \u00e0 haute vitesse. Remarque : Kit simple, montable \u00e0 l\u2019avant ou \u00e0 l\u2019arri\u00e8re.","og_url":"https:\/\/www.thokbikes.com\/fr\/negozio\/accessoires-et-composants\/brakes-fr\/kit-freno-magura-mt7-1800-anteriore-posteriore\/","og_site_name":"Thok","article_publisher":"https:\/\/www.facebook.com\/thokebikes","article_modified_time":"2026-01-20T13:30:46+00:00","og_image":[{"width":1900,"height":1900,"url":"https:\/\/www.thokbikes.com\/wp-content\/uploads\/2026\/01\/Shop-MAGURA-MT7-BRAKE-REARRIGH.jpg","type":"image\/jpeg"}],"twitter_card":"summary_large_image","twitter_misc":{"Est. reading time":"1 minute"},"schema":{"@context":"https:\/\/schema.org","@graph":[{"@type":"WebPage","@id":"https:\/\/www.thokbikes.com\/fr\/negozio\/accessoires-et-composants\/brakes-fr\/kit-freno-magura-mt7-1800-anteriore-posteriore\/","url":"https:\/\/www.thokbikes.com\/fr\/negozio\/accessoires-et-composants\/brakes-fr\/kit-freno-magura-mt7-1800-anteriore-posteriore\/","name":"Kit de frein MAGURA MT7 1800 ant\u00e9rieur\/post\u00e9rieur - Thok","isPartOf":{"@id":"https:\/\/www.thokbikes.com\/fr\/#website"},"primaryImageOfPage":{"@id":"https:\/\/www.thokbikes.com\/fr\/negozio\/accessoires-et-composants\/brakes-fr\/kit-freno-magura-mt7-1800-anteriore-posteriore\/#primaryimage"},"image":{"@id":"https:\/\/www.thokbikes.com\/fr\/negozio\/accessoires-et-composants\/brakes-fr\/kit-freno-magura-mt7-1800-anteriore-posteriore\/#primaryimage"},"thumbnailUrl":"https:\/\/www.thokbikes.com\/wp-content\/uploads\/2026\/01\/Shop-MAGURA-MT7-BRAKE-REARRIGH.jpg","datePublished":"2026-01-17T05:07:46+00:00","dateModified":"2026-01-20T13:30:46+00:00","breadcrumb":{"@id":"https:\/\/www.thokbikes.com\/fr\/negozio\/accessoires-et-composants\/brakes-fr\/kit-freno-magura-mt7-1800-anteriore-posteriore\/#breadcrumb"},"inLanguage":"fr-FR","potentialAction":[{"@type":"ReadAction","target":["https:\/\/www.thokbikes.com\/fr\/negozio\/accessoires-et-composants\/brakes-fr\/kit-freno-magura-mt7-1800-anteriore-posteriore\/"]}]},{"@type":"ImageObject","inLanguage":"fr-FR","@id":"https:\/\/www.thokbikes.com\/fr\/negozio\/accessoires-et-composants\/brakes-fr\/kit-freno-magura-mt7-1800-anteriore-posteriore\/#primaryimage","url":"https:\/\/www.thokbikes.com\/wp-content\/uploads\/2026\/01\/Shop-MAGURA-MT7-BRAKE-REARRIGH.jpg","contentUrl":"https:\/\/www.thokbikes.com\/wp-content\/uploads\/2026\/01\/Shop-MAGURA-MT7-BRAKE-REARRIGH.jpg","width":1900,"height":1900},{"@type":"BreadcrumbList","@id":"https:\/\/www.thokbikes.com\/fr\/negozio\/accessoires-et-composants\/brakes-fr\/kit-freno-magura-mt7-1800-anteriore-posteriore\/#breadcrumb","itemListElement":[{"@type":"ListItem","position":1,"name":"Home","item":"https:\/\/www.thokbikes.com\/fr\/"},{"@type":"ListItem","position":2,"name":"Shop","item":"https:\/\/www.thokbikes.com\/negozio\/"},{"@type":"ListItem","position":3,"name":"Kit de frein MAGURA MT7 1800 ant\u00e9rieur\/post\u00e9rieur"}]},{"@type":"WebSite","@id":"https:\/\/www.thokbikes.com\/fr\/#website","url":"https:\/\/www.thokbikes.com\/fr\/","name":"Thok E-bikes","description":"","publisher":{"@id":"https:\/\/www.thokbikes.com\/fr\/#organization"},"potentialAction":[{"@type":"SearchAction","target":{"@type":"EntryPoint","urlTemplate":"https:\/\/www.thokbikes.com\/fr\/?s={search_term_string}"},"query-input":{"@type":"PropertyValueSpecification","valueRequired":true,"valueName":"search_term_string"}}],"inLanguage":"fr-FR"},{"@type":"Organization","@id":"https:\/\/www.thokbikes.com\/fr\/#organization","name":"Thok E-bikes","url":"https:\/\/www.thokbikes.com\/fr\/","logo":{"@type":"ImageObject","inLanguage":"fr-FR","@id":"https:\/\/www.thokbikes.com\/fr\/#\/schema\/logo\/image\/","url":"https:\/\/www.thokbikes.com\/wp-content\/uploads\/2025\/11\/logo-thok-white.png","contentUrl":"https:\/\/www.thokbikes.com\/wp-content\/uploads\/2025\/11\/logo-thok-white.png","width":1920,"height":281,"caption":"Thok E-bikes"},"image":{"@id":"https:\/\/www.thokbikes.com\/fr\/#\/schema\/logo\/image\/"},"sameAs":["https:\/\/www.facebook.com\/thokebikes","https:\/\/www.instagram.com\/thok_ebikes\/","https:\/\/www.youtube.com\/channel\/UC-yfWNxPCJvVdRymE7tA8Ww"]}]}},"_links":{"self":[{"href":"https:\/\/www.thokbikes.com\/fr\/wp-json\/wp\/v2\/product\/34810","targetHints":{"allow":["GET"]}}],"collection":[{"href":"https:\/\/www.thokbikes.com\/fr\/wp-json\/wp\/v2\/product"}],"about":[{"href":"https:\/\/www.thokbikes.com\/fr\/wp-json\/wp\/v2\/types\/product"}],"replies":[{"embeddable":true,"href":"https:\/\/www.thokbikes.com\/fr\/wp-json\/wp\/v2\/comments?post=34810"}],"wp:featuredmedia":[{"embeddable":true,"href":"https:\/\/www.thokbikes.com\/fr\/wp-json\/wp\/v2\/media\/34556"}],"wp:attachment":[{"href":"https:\/\/www.thokbikes.com\/fr\/wp-json\/wp\/v2\/media?parent=34810"}],"wp:term":[{"taxonomy":"product_brand","embeddable":true,"href":"https:\/\/www.thokbikes.com\/fr\/wp-json\/wp\/v2\/product_brand?post=34810"},{"taxonomy":"product_cat","embeddable":true,"href":"https:\/\/www.thokbikes.com\/fr\/wp-json\/wp\/v2\/product_cat?post=34810"},{"taxonomy":"product_tag","embeddable":true,"href":"https:\/\/www.thokbikes.com\/fr\/wp-json\/wp\/v2\/product_tag?post=34810"}],"curies":[{"name":"wp","href":"https:\/\/api.w.org\/{rel}","templated":true}]}}