{"id":34898,"date":"2026-01-17T06:07:45","date_gmt":"2026-01-17T05:07:45","guid":{"rendered":"https:\/\/www.thokbikes.com\/?post_type=product&#038;p=34898"},"modified":"2026-01-22T12:40:24","modified_gmt":"2026-01-22T11:40:24","slug":"commando-de-derailleur-eagle-70-t-type-single-click","status":"publish","type":"product","link":"https:\/\/www.thokbikes.com\/fr\/negozio\/accessoires-et-composants\/transmission-fr\/commando-de-derailleur-eagle-70-t-type-single-click\/","title":{"rendered":"COMMANDO DE D\u00c9RAILLEUR EAGLE 70 T-TYPE SINGLE CLICK"},"content":{"rendered":"<p>Le shifter SRAM Eagle 70 T-Type Single Click est parfait pour les e-MTB. Le syst\u00e8me \u00e0 simple clic garantit des changements de vitesse rapides et pr\u00e9cis, r\u00e9duisant l\u2019usure de la cha\u00eene. Ergonomique et au design moderne, il offre confort et contr\u00f4le m\u00eame sur les sentiers les plus exigeants. Eagle 70 assure des changements de vitesse fluides et fiables, vous permettant d\u2019affronter chaque sentier avec des performances optimales et un contr\u00f4le maximal.<\/p>\n","protected":false},"excerpt":{"rendered":"<p>Le shifter SRAM Eagle 70 T-Type Single Click est parfait pour les e-MTB. Le syst\u00e8me \u00e0 simple clic garantit des changements de vitesse rapides et pr\u00e9cis, r\u00e9duisant l\u2019usure de la cha\u00eene. Ergonomique et au design moderne, il offre confort et contr\u00f4le m\u00eame sur les sentiers les plus exigeants. Eagle 70 assure des changements de vitesse [&hellip;]<\/p>\n","protected":false},"featured_media":34541,"comment_status":"closed","ping_status":"closed","template":"","meta":{"_acf_changed":false},"product_brand":[],"product_cat":[122,130],"product_tag":[],"class_list":{"0":"post-34898","1":"product","2":"type-product","3":"status-publish","4":"has-post-thumbnail","6":"product_cat-accessoires-et-composants","7":"product_cat-transmission-fr","9":"first","10":"instock","11":"taxable","12":"shipping-taxable","13":"purchasable","14":"product-type-simple"},"acf":[],"yoast_head":"<!-- This site is optimized with the Yoast SEO plugin v27.3 - https:\/\/yoast.com\/product\/yoast-seo-wordpress\/ -->\n<title>COMMANDO DE D\u00c9RAILLEUR EAGLE 70 T-TYPE SINGLE CLICK - Thok<\/title>\n<meta name=\"robots\" content=\"index, follow, max-snippet:-1, max-image-preview:large, max-video-preview:-1\" \/>\n<link rel=\"canonical\" href=\"https:\/\/www.thokbikes.com\/fr\/negozio\/accessoires-et-composants\/transmission-fr\/commando-de-derailleur-eagle-70-t-type-single-click\/\" \/>\n<meta property=\"og:locale\" content=\"fr_FR\" \/>\n<meta property=\"og:type\" content=\"article\" \/>\n<meta property=\"og:title\" content=\"COMMANDO DE D\u00c9RAILLEUR EAGLE 70 T-TYPE SINGLE CLICK - Thok\" \/>\n<meta property=\"og:description\" content=\"Le shifter SRAM Eagle 70 T-Type Single Click est parfait pour les e-MTB. Le syst\u00e8me \u00e0 simple clic garantit des changements de vitesse rapides et pr\u00e9cis, r\u00e9duisant l\u2019usure de la cha\u00eene. Ergonomique et au design moderne, il offre confort et contr\u00f4le m\u00eame sur les sentiers les plus exigeants. Eagle 70 assure des changements de vitesse [&hellip;]\" \/>\n<meta property=\"og:url\" content=\"https:\/\/www.thokbikes.com\/fr\/negozio\/accessoires-et-composants\/transmission-fr\/commando-de-derailleur-eagle-70-t-type-single-click\/\" \/>\n<meta property=\"og:site_name\" content=\"Thok\" \/>\n<meta property=\"article:publisher\" content=\"https:\/\/www.facebook.com\/thokebikes\" \/>\n<meta property=\"article:modified_time\" content=\"2026-01-22T11:40:24+00:00\" \/>\n<meta property=\"og:image\" content=\"https:\/\/www.thokbikes.com\/wp-content\/uploads\/2026\/01\/Shop-SRAM-SHIFTER-EAGLE70-T-TYPE-SINGLE-CLICK-.jpg\" \/>\n\t<meta property=\"og:image:width\" content=\"1900\" \/>\n\t<meta property=\"og:image:height\" content=\"1900\" \/>\n\t<meta property=\"og:image:type\" content=\"image\/jpeg\" \/>\n<meta name=\"twitter:card\" content=\"summary_large_image\" \/>\n<meta name=\"twitter:label1\" content=\"Est. reading time\" \/>\n\t<meta name=\"twitter:data1\" content=\"1 minute\" \/>\n<script type=\"application\/ld+json\" class=\"yoast-schema-graph\">{\"@context\":\"https:\\\/\\\/schema.org\",\"@graph\":[{\"@type\":\"WebPage\",\"@id\":\"https:\\\/\\\/www.thokbikes.com\\\/fr\\\/negozio\\\/accessoires-et-composants\\\/transmission-fr\\\/commando-de-derailleur-eagle-70-t-type-single-click\\\/\",\"url\":\"https:\\\/\\\/www.thokbikes.com\\\/fr\\\/negozio\\\/accessoires-et-composants\\\/transmission-fr\\\/commando-de-derailleur-eagle-70-t-type-single-click\\\/\",\"name\":\"COMMANDO DE D\u00c9RAILLEUR EAGLE 70 T-TYPE SINGLE CLICK - Thok\",\"isPartOf\":{\"@id\":\"https:\\\/\\\/www.thokbikes.com\\\/fr\\\/#website\"},\"primaryImageOfPage\":{\"@id\":\"https:\\\/\\\/www.thokbikes.com\\\/fr\\\/negozio\\\/accessoires-et-composants\\\/transmission-fr\\\/commando-de-derailleur-eagle-70-t-type-single-click\\\/#primaryimage\"},\"image\":{\"@id\":\"https:\\\/\\\/www.thokbikes.com\\\/fr\\\/negozio\\\/accessoires-et-composants\\\/transmission-fr\\\/commando-de-derailleur-eagle-70-t-type-single-click\\\/#primaryimage\"},\"thumbnailUrl\":\"https:\\\/\\\/www.thokbikes.com\\\/wp-content\\\/uploads\\\/2026\\\/01\\\/Shop-SRAM-SHIFTER-EAGLE70-T-TYPE-SINGLE-CLICK-.jpg\",\"datePublished\":\"2026-01-17T05:07:45+00:00\",\"dateModified\":\"2026-01-22T11:40:24+00:00\",\"breadcrumb\":{\"@id\":\"https:\\\/\\\/www.thokbikes.com\\\/fr\\\/negozio\\\/accessoires-et-composants\\\/transmission-fr\\\/commando-de-derailleur-eagle-70-t-type-single-click\\\/#breadcrumb\"},\"inLanguage\":\"fr-FR\",\"potentialAction\":[{\"@type\":\"ReadAction\",\"target\":[\"https:\\\/\\\/www.thokbikes.com\\\/fr\\\/negozio\\\/accessoires-et-composants\\\/transmission-fr\\\/commando-de-derailleur-eagle-70-t-type-single-click\\\/\"]}]},{\"@type\":\"ImageObject\",\"inLanguage\":\"fr-FR\",\"@id\":\"https:\\\/\\\/www.thokbikes.com\\\/fr\\\/negozio\\\/accessoires-et-composants\\\/transmission-fr\\\/commando-de-derailleur-eagle-70-t-type-single-click\\\/#primaryimage\",\"url\":\"https:\\\/\\\/www.thokbikes.com\\\/wp-content\\\/uploads\\\/2026\\\/01\\\/Shop-SRAM-SHIFTER-EAGLE70-T-TYPE-SINGLE-CLICK-.jpg\",\"contentUrl\":\"https:\\\/\\\/www.thokbikes.com\\\/wp-content\\\/uploads\\\/2026\\\/01\\\/Shop-SRAM-SHIFTER-EAGLE70-T-TYPE-SINGLE-CLICK-.jpg\",\"width\":1900,\"height\":1900},{\"@type\":\"BreadcrumbList\",\"@id\":\"https:\\\/\\\/www.thokbikes.com\\\/fr\\\/negozio\\\/accessoires-et-composants\\\/transmission-fr\\\/commando-de-derailleur-eagle-70-t-type-single-click\\\/#breadcrumb\",\"itemListElement\":[{\"@type\":\"ListItem\",\"position\":1,\"name\":\"Home\",\"item\":\"https:\\\/\\\/www.thokbikes.com\\\/fr\\\/\"},{\"@type\":\"ListItem\",\"position\":2,\"name\":\"Shop\",\"item\":\"https:\\\/\\\/www.thokbikes.com\\\/negozio\\\/\"},{\"@type\":\"ListItem\",\"position\":3,\"name\":\"COMMANDO DE D\u00c9RAILLEUR EAGLE 70 T-TYPE SINGLE CLICK\"}]},{\"@type\":\"WebSite\",\"@id\":\"https:\\\/\\\/www.thokbikes.com\\\/fr\\\/#website\",\"url\":\"https:\\\/\\\/www.thokbikes.com\\\/fr\\\/\",\"name\":\"Thok E-bikes\",\"description\":\"\",\"publisher\":{\"@id\":\"https:\\\/\\\/www.thokbikes.com\\\/fr\\\/#organization\"},\"potentialAction\":[{\"@type\":\"SearchAction\",\"target\":{\"@type\":\"EntryPoint\",\"urlTemplate\":\"https:\\\/\\\/www.thokbikes.com\\\/fr\\\/?s={search_term_string}\"},\"query-input\":{\"@type\":\"PropertyValueSpecification\",\"valueRequired\":true,\"valueName\":\"search_term_string\"}}],\"inLanguage\":\"fr-FR\"},{\"@type\":\"Organization\",\"@id\":\"https:\\\/\\\/www.thokbikes.com\\\/fr\\\/#organization\",\"name\":\"Thok E-bikes\",\"url\":\"https:\\\/\\\/www.thokbikes.com\\\/fr\\\/\",\"logo\":{\"@type\":\"ImageObject\",\"inLanguage\":\"fr-FR\",\"@id\":\"https:\\\/\\\/www.thokbikes.com\\\/fr\\\/#\\\/schema\\\/logo\\\/image\\\/\",\"url\":\"https:\\\/\\\/www.thokbikes.com\\\/wp-content\\\/uploads\\\/2025\\\/11\\\/logo-thok-white.png\",\"contentUrl\":\"https:\\\/\\\/www.thokbikes.com\\\/wp-content\\\/uploads\\\/2025\\\/11\\\/logo-thok-white.png\",\"width\":1920,\"height\":281,\"caption\":\"Thok E-bikes\"},\"image\":{\"@id\":\"https:\\\/\\\/www.thokbikes.com\\\/fr\\\/#\\\/schema\\\/logo\\\/image\\\/\"},\"sameAs\":[\"https:\\\/\\\/www.facebook.com\\\/thokebikes\",\"https:\\\/\\\/www.instagram.com\\\/thok_ebikes\\\/\",\"https:\\\/\\\/www.youtube.com\\\/channel\\\/UC-yfWNxPCJvVdRymE7tA8Ww\"]}]}<\/script>\n<!-- \/ Yoast SEO plugin. -->","yoast_head_json":{"title":"COMMANDO DE D\u00c9RAILLEUR EAGLE 70 T-TYPE SINGLE CLICK - Thok","robots":{"index":"index","follow":"follow","max-snippet":"max-snippet:-1","max-image-preview":"max-image-preview:large","max-video-preview":"max-video-preview:-1"},"canonical":"https:\/\/www.thokbikes.com\/fr\/negozio\/accessoires-et-composants\/transmission-fr\/commando-de-derailleur-eagle-70-t-type-single-click\/","og_locale":"fr_FR","og_type":"article","og_title":"COMMANDO DE D\u00c9RAILLEUR EAGLE 70 T-TYPE SINGLE CLICK - Thok","og_description":"Le shifter SRAM Eagle 70 T-Type Single Click est parfait pour les e-MTB. Le syst\u00e8me \u00e0 simple clic garantit des changements de vitesse rapides et pr\u00e9cis, r\u00e9duisant l\u2019usure de la cha\u00eene. Ergonomique et au design moderne, il offre confort et contr\u00f4le m\u00eame sur les sentiers les plus exigeants. Eagle 70 assure des changements de vitesse [&hellip;]","og_url":"https:\/\/www.thokbikes.com\/fr\/negozio\/accessoires-et-composants\/transmission-fr\/commando-de-derailleur-eagle-70-t-type-single-click\/","og_site_name":"Thok","article_publisher":"https:\/\/www.facebook.com\/thokebikes","article_modified_time":"2026-01-22T11:40:24+00:00","og_image":[{"width":1900,"height":1900,"url":"https:\/\/www.thokbikes.com\/wp-content\/uploads\/2026\/01\/Shop-SRAM-SHIFTER-EAGLE70-T-TYPE-SINGLE-CLICK-.jpg","type":"image\/jpeg"}],"twitter_card":"summary_large_image","twitter_misc":{"Est. reading time":"1 minute"},"schema":{"@context":"https:\/\/schema.org","@graph":[{"@type":"WebPage","@id":"https:\/\/www.thokbikes.com\/fr\/negozio\/accessoires-et-composants\/transmission-fr\/commando-de-derailleur-eagle-70-t-type-single-click\/","url":"https:\/\/www.thokbikes.com\/fr\/negozio\/accessoires-et-composants\/transmission-fr\/commando-de-derailleur-eagle-70-t-type-single-click\/","name":"COMMANDO DE D\u00c9RAILLEUR EAGLE 70 T-TYPE SINGLE CLICK - Thok","isPartOf":{"@id":"https:\/\/www.thokbikes.com\/fr\/#website"},"primaryImageOfPage":{"@id":"https:\/\/www.thokbikes.com\/fr\/negozio\/accessoires-et-composants\/transmission-fr\/commando-de-derailleur-eagle-70-t-type-single-click\/#primaryimage"},"image":{"@id":"https:\/\/www.thokbikes.com\/fr\/negozio\/accessoires-et-composants\/transmission-fr\/commando-de-derailleur-eagle-70-t-type-single-click\/#primaryimage"},"thumbnailUrl":"https:\/\/www.thokbikes.com\/wp-content\/uploads\/2026\/01\/Shop-SRAM-SHIFTER-EAGLE70-T-TYPE-SINGLE-CLICK-.jpg","datePublished":"2026-01-17T05:07:45+00:00","dateModified":"2026-01-22T11:40:24+00:00","breadcrumb":{"@id":"https:\/\/www.thokbikes.com\/fr\/negozio\/accessoires-et-composants\/transmission-fr\/commando-de-derailleur-eagle-70-t-type-single-click\/#breadcrumb"},"inLanguage":"fr-FR","potentialAction":[{"@type":"ReadAction","target":["https:\/\/www.thokbikes.com\/fr\/negozio\/accessoires-et-composants\/transmission-fr\/commando-de-derailleur-eagle-70-t-type-single-click\/"]}]},{"@type":"ImageObject","inLanguage":"fr-FR","@id":"https:\/\/www.thokbikes.com\/fr\/negozio\/accessoires-et-composants\/transmission-fr\/commando-de-derailleur-eagle-70-t-type-single-click\/#primaryimage","url":"https:\/\/www.thokbikes.com\/wp-content\/uploads\/2026\/01\/Shop-SRAM-SHIFTER-EAGLE70-T-TYPE-SINGLE-CLICK-.jpg","contentUrl":"https:\/\/www.thokbikes.com\/wp-content\/uploads\/2026\/01\/Shop-SRAM-SHIFTER-EAGLE70-T-TYPE-SINGLE-CLICK-.jpg","width":1900,"height":1900},{"@type":"BreadcrumbList","@id":"https:\/\/www.thokbikes.com\/fr\/negozio\/accessoires-et-composants\/transmission-fr\/commando-de-derailleur-eagle-70-t-type-single-click\/#breadcrumb","itemListElement":[{"@type":"ListItem","position":1,"name":"Home","item":"https:\/\/www.thokbikes.com\/fr\/"},{"@type":"ListItem","position":2,"name":"Shop","item":"https:\/\/www.thokbikes.com\/negozio\/"},{"@type":"ListItem","position":3,"name":"COMMANDO DE D\u00c9RAILLEUR EAGLE 70 T-TYPE SINGLE CLICK"}]},{"@type":"WebSite","@id":"https:\/\/www.thokbikes.com\/fr\/#website","url":"https:\/\/www.thokbikes.com\/fr\/","name":"Thok E-bikes","description":"","publisher":{"@id":"https:\/\/www.thokbikes.com\/fr\/#organization"},"potentialAction":[{"@type":"SearchAction","target":{"@type":"EntryPoint","urlTemplate":"https:\/\/www.thokbikes.com\/fr\/?s={search_term_string}"},"query-input":{"@type":"PropertyValueSpecification","valueRequired":true,"valueName":"search_term_string"}}],"inLanguage":"fr-FR"},{"@type":"Organization","@id":"https:\/\/www.thokbikes.com\/fr\/#organization","name":"Thok E-bikes","url":"https:\/\/www.thokbikes.com\/fr\/","logo":{"@type":"ImageObject","inLanguage":"fr-FR","@id":"https:\/\/www.thokbikes.com\/fr\/#\/schema\/logo\/image\/","url":"https:\/\/www.thokbikes.com\/wp-content\/uploads\/2025\/11\/logo-thok-white.png","contentUrl":"https:\/\/www.thokbikes.com\/wp-content\/uploads\/2025\/11\/logo-thok-white.png","width":1920,"height":281,"caption":"Thok E-bikes"},"image":{"@id":"https:\/\/www.thokbikes.com\/fr\/#\/schema\/logo\/image\/"},"sameAs":["https:\/\/www.facebook.com\/thokebikes","https:\/\/www.instagram.com\/thok_ebikes\/","https:\/\/www.youtube.com\/channel\/UC-yfWNxPCJvVdRymE7tA8Ww"]}]}},"_links":{"self":[{"href":"https:\/\/www.thokbikes.com\/fr\/wp-json\/wp\/v2\/product\/34898","targetHints":{"allow":["GET"]}}],"collection":[{"href":"https:\/\/www.thokbikes.com\/fr\/wp-json\/wp\/v2\/product"}],"about":[{"href":"https:\/\/www.thokbikes.com\/fr\/wp-json\/wp\/v2\/types\/product"}],"replies":[{"embeddable":true,"href":"https:\/\/www.thokbikes.com\/fr\/wp-json\/wp\/v2\/comments?post=34898"}],"wp:featuredmedia":[{"embeddable":true,"href":"https:\/\/www.thokbikes.com\/fr\/wp-json\/wp\/v2\/media\/34541"}],"wp:attachment":[{"href":"https:\/\/www.thokbikes.com\/fr\/wp-json\/wp\/v2\/media?parent=34898"}],"wp:term":[{"taxonomy":"product_brand","embeddable":true,"href":"https:\/\/www.thokbikes.com\/fr\/wp-json\/wp\/v2\/product_brand?post=34898"},{"taxonomy":"product_cat","embeddable":true,"href":"https:\/\/www.thokbikes.com\/fr\/wp-json\/wp\/v2\/product_cat?post=34898"},{"taxonomy":"product_tag","embeddable":true,"href":"https:\/\/www.thokbikes.com\/fr\/wp-json\/wp\/v2\/product_tag?post=34898"}],"curies":[{"name":"wp","href":"https:\/\/api.w.org\/{rel}","templated":true}]}}