{"id":37387,"date":"2026-03-27T06:07:59","date_gmt":"2026-03-27T05:07:59","guid":{"rendered":"https:\/\/www.thokbikes.com\/?post_type=product&#038;p=37387"},"modified":"2026-04-16T10:26:30","modified_gmt":"2026-04-16T08:26:30","slug":"tk01-color-edition-tg-l-outlet","status":"publish","type":"product","link":"https:\/\/www.thokbikes.com\/fr\/negozio\/outlet-fr\/tk01-color-edition-tg-l-outlet\/","title":{"rendered":"TK01 Color Edition TAILLE L"},"content":{"rendered":"<ul>\n<li data-start=\"601\" data-end=\"755\"><strong data-start=\"601\" data-end=\"613\">MOD\u00c8LE :<\/strong> TK01 Color Edition<\/li>\n<li data-start=\"601\" data-end=\"755\"><strong data-start=\"637\" data-end=\"649\">TAILLE :<\/strong> L<\/li>\n<li data-start=\"601\" data-end=\"755\"><strong data-start=\"654\" data-end=\"662\">KM :<\/strong> 762<\/li>\n<li data-start=\"601\" data-end=\"755\"><strong data-start=\"667\" data-end=\"677\">TYPE :<\/strong> V\u00e9lo de test<\/li>\n<li data-start=\"601\" data-end=\"755\"><strong data-start=\"697\" data-end=\"720\">DUR\u00c9E DE GARANTIE :<\/strong> 12 mois<\/li>\n<\/ul>\n<p data-start=\"757\" data-end=\"1028\"><strong data-start=\"757\" data-end=\"790\">Caract\u00e9ristiques techniques :<\/strong><\/p>\n<p data-start=\"757\" data-end=\"1028\">Enduro avec cadre en aluminium, moteur Shimano EP8, batterie int\u00e9gr\u00e9e de 630 Wh, d\u00e9battement avant de 170 mm, freins \u00e0 4 pistons, roues mullet, tige de selle t\u00e9lescopique.<\/p>\n<p data-start=\"1030\" data-end=\"1166\"><strong data-start=\"1030\" data-end=\"1047\">Description :<\/strong><\/p>\n<p data-start=\"1030\" data-end=\"1166\">V\u00e9lo d\u2019occasion utilis\u00e9 \u00e0 des fins de test. Toujours entretenu par le personnel technique de THOK. Remis \u00e0 neuf. Pr\u00e9sente des signes d\u2019usure sur les pi\u00e8ces soumises \u00e0 forte sollicitation (p\u00e9dalier, plongeurs de fourche\u2026) ainsi que des rayures et de petits d\u00e9g\u00e2ts de peinture.<\/p>\n","protected":false},"excerpt":{"rendered":"<p>MOD\u00c8LE : TK01 Color Edition TAILLE : L KM : 762 TYPE : V\u00e9lo de test DUR\u00c9E DE GARANTIE : 12 mois Caract\u00e9ristiques techniques : Enduro avec cadre en aluminium, moteur Shimano EP8, batterie int\u00e9gr\u00e9e de 630 Wh, d\u00e9battement avant de 170 mm, freins \u00e0 4 pistons, roues mullet, tige de selle t\u00e9lescopique. Description : [&hellip;]<\/p>\n","protected":false},"featured_media":37352,"comment_status":"closed","ping_status":"closed","template":"","meta":{"_acf_changed":false},"product_brand":[],"product_cat":[263],"product_tag":[],"class_list":{"0":"post-37387","1":"product","2":"type-product","3":"status-publish","4":"has-post-thumbnail","6":"product_cat-outlet-fr","8":"first","9":"instock","10":"taxable","11":"shipping-taxable","12":"purchasable","13":"product-type-simple"},"acf":[],"yoast_head":"<!-- This site is optimized with the Yoast SEO plugin v27.3 - https:\/\/yoast.com\/product\/yoast-seo-wordpress\/ -->\n<title>TK01 Color Edition TAILLE L - Thok<\/title>\n<meta name=\"robots\" content=\"index, follow, max-snippet:-1, max-image-preview:large, max-video-preview:-1\" \/>\n<link rel=\"canonical\" href=\"https:\/\/www.thokbikes.com\/fr\/negozio\/outlet-fr\/tk01-color-edition-tg-l-outlet\/\" \/>\n<meta property=\"og:locale\" content=\"fr_FR\" \/>\n<meta property=\"og:type\" content=\"article\" \/>\n<meta property=\"og:title\" content=\"TK01 Color Edition TAILLE L - Thok\" \/>\n<meta property=\"og:description\" content=\"MOD\u00c8LE : TK01 Color Edition TAILLE : L KM : 762 TYPE : V\u00e9lo de test DUR\u00c9E DE GARANTIE : 12 mois Caract\u00e9ristiques techniques : Enduro avec cadre en aluminium, moteur Shimano EP8, batterie int\u00e9gr\u00e9e de 630 Wh, d\u00e9battement avant de 170 mm, freins \u00e0 4 pistons, roues mullet, tige de selle t\u00e9lescopique. Description : [&hellip;]\" \/>\n<meta property=\"og:url\" content=\"https:\/\/www.thokbikes.com\/fr\/negozio\/outlet-fr\/tk01-color-edition-tg-l-outlet\/\" \/>\n<meta property=\"og:site_name\" content=\"Thok\" \/>\n<meta property=\"article:publisher\" content=\"https:\/\/www.facebook.com\/thokebikes\" \/>\n<meta property=\"article:modified_time\" content=\"2026-04-16T08:26:30+00:00\" \/>\n<meta property=\"og:image\" content=\"https:\/\/www.thokbikes.com\/wp-content\/uploads\/2026\/03\/Outlet-Tk01-Green.jpg\" \/>\n\t<meta property=\"og:image:width\" content=\"900\" \/>\n\t<meta property=\"og:image:height\" content=\"900\" \/>\n\t<meta property=\"og:image:type\" content=\"image\/jpeg\" \/>\n<meta name=\"twitter:card\" content=\"summary_large_image\" \/>\n<meta name=\"twitter:label1\" content=\"Est. reading time\" \/>\n\t<meta name=\"twitter:data1\" content=\"1 minute\" \/>\n<script type=\"application\/ld+json\" class=\"yoast-schema-graph\">{\"@context\":\"https:\\\/\\\/schema.org\",\"@graph\":[{\"@type\":\"WebPage\",\"@id\":\"https:\\\/\\\/www.thokbikes.com\\\/fr\\\/negozio\\\/outlet-fr\\\/tk01-color-edition-tg-l-outlet\\\/\",\"url\":\"https:\\\/\\\/www.thokbikes.com\\\/fr\\\/negozio\\\/outlet-fr\\\/tk01-color-edition-tg-l-outlet\\\/\",\"name\":\"TK01 Color Edition TAILLE L - Thok\",\"isPartOf\":{\"@id\":\"https:\\\/\\\/www.thokbikes.com\\\/fr\\\/#website\"},\"primaryImageOfPage\":{\"@id\":\"https:\\\/\\\/www.thokbikes.com\\\/fr\\\/negozio\\\/outlet-fr\\\/tk01-color-edition-tg-l-outlet\\\/#primaryimage\"},\"image\":{\"@id\":\"https:\\\/\\\/www.thokbikes.com\\\/fr\\\/negozio\\\/outlet-fr\\\/tk01-color-edition-tg-l-outlet\\\/#primaryimage\"},\"thumbnailUrl\":\"https:\\\/\\\/www.thokbikes.com\\\/wp-content\\\/uploads\\\/2026\\\/03\\\/Outlet-Tk01-Green.jpg\",\"datePublished\":\"2026-03-27T05:07:59+00:00\",\"dateModified\":\"2026-04-16T08:26:30+00:00\",\"breadcrumb\":{\"@id\":\"https:\\\/\\\/www.thokbikes.com\\\/fr\\\/negozio\\\/outlet-fr\\\/tk01-color-edition-tg-l-outlet\\\/#breadcrumb\"},\"inLanguage\":\"fr-FR\",\"potentialAction\":[{\"@type\":\"ReadAction\",\"target\":[\"https:\\\/\\\/www.thokbikes.com\\\/fr\\\/negozio\\\/outlet-fr\\\/tk01-color-edition-tg-l-outlet\\\/\"]}]},{\"@type\":\"ImageObject\",\"inLanguage\":\"fr-FR\",\"@id\":\"https:\\\/\\\/www.thokbikes.com\\\/fr\\\/negozio\\\/outlet-fr\\\/tk01-color-edition-tg-l-outlet\\\/#primaryimage\",\"url\":\"https:\\\/\\\/www.thokbikes.com\\\/wp-content\\\/uploads\\\/2026\\\/03\\\/Outlet-Tk01-Green.jpg\",\"contentUrl\":\"https:\\\/\\\/www.thokbikes.com\\\/wp-content\\\/uploads\\\/2026\\\/03\\\/Outlet-Tk01-Green.jpg\",\"width\":900,\"height\":900},{\"@type\":\"BreadcrumbList\",\"@id\":\"https:\\\/\\\/www.thokbikes.com\\\/fr\\\/negozio\\\/outlet-fr\\\/tk01-color-edition-tg-l-outlet\\\/#breadcrumb\",\"itemListElement\":[{\"@type\":\"ListItem\",\"position\":1,\"name\":\"Home\",\"item\":\"https:\\\/\\\/www.thokbikes.com\\\/fr\\\/\"},{\"@type\":\"ListItem\",\"position\":2,\"name\":\"Shop\",\"item\":\"https:\\\/\\\/www.thokbikes.com\\\/negozio\\\/\"},{\"@type\":\"ListItem\",\"position\":3,\"name\":\"TK01 Color Edition TAILLE L\"}]},{\"@type\":\"WebSite\",\"@id\":\"https:\\\/\\\/www.thokbikes.com\\\/fr\\\/#website\",\"url\":\"https:\\\/\\\/www.thokbikes.com\\\/fr\\\/\",\"name\":\"Thok E-bikes\",\"description\":\"\",\"publisher\":{\"@id\":\"https:\\\/\\\/www.thokbikes.com\\\/fr\\\/#organization\"},\"potentialAction\":[{\"@type\":\"SearchAction\",\"target\":{\"@type\":\"EntryPoint\",\"urlTemplate\":\"https:\\\/\\\/www.thokbikes.com\\\/fr\\\/?s={search_term_string}\"},\"query-input\":{\"@type\":\"PropertyValueSpecification\",\"valueRequired\":true,\"valueName\":\"search_term_string\"}}],\"inLanguage\":\"fr-FR\"},{\"@type\":\"Organization\",\"@id\":\"https:\\\/\\\/www.thokbikes.com\\\/fr\\\/#organization\",\"name\":\"Thok E-bikes\",\"url\":\"https:\\\/\\\/www.thokbikes.com\\\/fr\\\/\",\"logo\":{\"@type\":\"ImageObject\",\"inLanguage\":\"fr-FR\",\"@id\":\"https:\\\/\\\/www.thokbikes.com\\\/fr\\\/#\\\/schema\\\/logo\\\/image\\\/\",\"url\":\"https:\\\/\\\/www.thokbikes.com\\\/wp-content\\\/uploads\\\/2025\\\/11\\\/logo-thok-white.png\",\"contentUrl\":\"https:\\\/\\\/www.thokbikes.com\\\/wp-content\\\/uploads\\\/2025\\\/11\\\/logo-thok-white.png\",\"width\":1920,\"height\":281,\"caption\":\"Thok E-bikes\"},\"image\":{\"@id\":\"https:\\\/\\\/www.thokbikes.com\\\/fr\\\/#\\\/schema\\\/logo\\\/image\\\/\"},\"sameAs\":[\"https:\\\/\\\/www.facebook.com\\\/thokebikes\",\"https:\\\/\\\/www.instagram.com\\\/thok_ebikes\\\/\",\"https:\\\/\\\/www.youtube.com\\\/channel\\\/UC-yfWNxPCJvVdRymE7tA8Ww\"]}]}<\/script>\n<!-- \/ Yoast SEO plugin. -->","yoast_head_json":{"title":"TK01 Color Edition TAILLE L - Thok","robots":{"index":"index","follow":"follow","max-snippet":"max-snippet:-1","max-image-preview":"max-image-preview:large","max-video-preview":"max-video-preview:-1"},"canonical":"https:\/\/www.thokbikes.com\/fr\/negozio\/outlet-fr\/tk01-color-edition-tg-l-outlet\/","og_locale":"fr_FR","og_type":"article","og_title":"TK01 Color Edition TAILLE L - Thok","og_description":"MOD\u00c8LE : TK01 Color Edition TAILLE : L KM : 762 TYPE : V\u00e9lo de test DUR\u00c9E DE GARANTIE : 12 mois Caract\u00e9ristiques techniques : Enduro avec cadre en aluminium, moteur Shimano EP8, batterie int\u00e9gr\u00e9e de 630 Wh, d\u00e9battement avant de 170 mm, freins \u00e0 4 pistons, roues mullet, tige de selle t\u00e9lescopique. Description : [&hellip;]","og_url":"https:\/\/www.thokbikes.com\/fr\/negozio\/outlet-fr\/tk01-color-edition-tg-l-outlet\/","og_site_name":"Thok","article_publisher":"https:\/\/www.facebook.com\/thokebikes","article_modified_time":"2026-04-16T08:26:30+00:00","og_image":[{"width":900,"height":900,"url":"https:\/\/www.thokbikes.com\/wp-content\/uploads\/2026\/03\/Outlet-Tk01-Green.jpg","type":"image\/jpeg"}],"twitter_card":"summary_large_image","twitter_misc":{"Est. reading time":"1 minute"},"schema":{"@context":"https:\/\/schema.org","@graph":[{"@type":"WebPage","@id":"https:\/\/www.thokbikes.com\/fr\/negozio\/outlet-fr\/tk01-color-edition-tg-l-outlet\/","url":"https:\/\/www.thokbikes.com\/fr\/negozio\/outlet-fr\/tk01-color-edition-tg-l-outlet\/","name":"TK01 Color Edition TAILLE L - Thok","isPartOf":{"@id":"https:\/\/www.thokbikes.com\/fr\/#website"},"primaryImageOfPage":{"@id":"https:\/\/www.thokbikes.com\/fr\/negozio\/outlet-fr\/tk01-color-edition-tg-l-outlet\/#primaryimage"},"image":{"@id":"https:\/\/www.thokbikes.com\/fr\/negozio\/outlet-fr\/tk01-color-edition-tg-l-outlet\/#primaryimage"},"thumbnailUrl":"https:\/\/www.thokbikes.com\/wp-content\/uploads\/2026\/03\/Outlet-Tk01-Green.jpg","datePublished":"2026-03-27T05:07:59+00:00","dateModified":"2026-04-16T08:26:30+00:00","breadcrumb":{"@id":"https:\/\/www.thokbikes.com\/fr\/negozio\/outlet-fr\/tk01-color-edition-tg-l-outlet\/#breadcrumb"},"inLanguage":"fr-FR","potentialAction":[{"@type":"ReadAction","target":["https:\/\/www.thokbikes.com\/fr\/negozio\/outlet-fr\/tk01-color-edition-tg-l-outlet\/"]}]},{"@type":"ImageObject","inLanguage":"fr-FR","@id":"https:\/\/www.thokbikes.com\/fr\/negozio\/outlet-fr\/tk01-color-edition-tg-l-outlet\/#primaryimage","url":"https:\/\/www.thokbikes.com\/wp-content\/uploads\/2026\/03\/Outlet-Tk01-Green.jpg","contentUrl":"https:\/\/www.thokbikes.com\/wp-content\/uploads\/2026\/03\/Outlet-Tk01-Green.jpg","width":900,"height":900},{"@type":"BreadcrumbList","@id":"https:\/\/www.thokbikes.com\/fr\/negozio\/outlet-fr\/tk01-color-edition-tg-l-outlet\/#breadcrumb","itemListElement":[{"@type":"ListItem","position":1,"name":"Home","item":"https:\/\/www.thokbikes.com\/fr\/"},{"@type":"ListItem","position":2,"name":"Shop","item":"https:\/\/www.thokbikes.com\/negozio\/"},{"@type":"ListItem","position":3,"name":"TK01 Color Edition TAILLE L"}]},{"@type":"WebSite","@id":"https:\/\/www.thokbikes.com\/fr\/#website","url":"https:\/\/www.thokbikes.com\/fr\/","name":"Thok E-bikes","description":"","publisher":{"@id":"https:\/\/www.thokbikes.com\/fr\/#organization"},"potentialAction":[{"@type":"SearchAction","target":{"@type":"EntryPoint","urlTemplate":"https:\/\/www.thokbikes.com\/fr\/?s={search_term_string}"},"query-input":{"@type":"PropertyValueSpecification","valueRequired":true,"valueName":"search_term_string"}}],"inLanguage":"fr-FR"},{"@type":"Organization","@id":"https:\/\/www.thokbikes.com\/fr\/#organization","name":"Thok E-bikes","url":"https:\/\/www.thokbikes.com\/fr\/","logo":{"@type":"ImageObject","inLanguage":"fr-FR","@id":"https:\/\/www.thokbikes.com\/fr\/#\/schema\/logo\/image\/","url":"https:\/\/www.thokbikes.com\/wp-content\/uploads\/2025\/11\/logo-thok-white.png","contentUrl":"https:\/\/www.thokbikes.com\/wp-content\/uploads\/2025\/11\/logo-thok-white.png","width":1920,"height":281,"caption":"Thok E-bikes"},"image":{"@id":"https:\/\/www.thokbikes.com\/fr\/#\/schema\/logo\/image\/"},"sameAs":["https:\/\/www.facebook.com\/thokebikes","https:\/\/www.instagram.com\/thok_ebikes\/","https:\/\/www.youtube.com\/channel\/UC-yfWNxPCJvVdRymE7tA8Ww"]}]}},"_links":{"self":[{"href":"https:\/\/www.thokbikes.com\/fr\/wp-json\/wp\/v2\/product\/37387","targetHints":{"allow":["GET"]}}],"collection":[{"href":"https:\/\/www.thokbikes.com\/fr\/wp-json\/wp\/v2\/product"}],"about":[{"href":"https:\/\/www.thokbikes.com\/fr\/wp-json\/wp\/v2\/types\/product"}],"replies":[{"embeddable":true,"href":"https:\/\/www.thokbikes.com\/fr\/wp-json\/wp\/v2\/comments?post=37387"}],"wp:featuredmedia":[{"embeddable":true,"href":"https:\/\/www.thokbikes.com\/fr\/wp-json\/wp\/v2\/media\/37352"}],"wp:attachment":[{"href":"https:\/\/www.thokbikes.com\/fr\/wp-json\/wp\/v2\/media?parent=37387"}],"wp:term":[{"taxonomy":"product_brand","embeddable":true,"href":"https:\/\/www.thokbikes.com\/fr\/wp-json\/wp\/v2\/product_brand?post=37387"},{"taxonomy":"product_cat","embeddable":true,"href":"https:\/\/www.thokbikes.com\/fr\/wp-json\/wp\/v2\/product_cat?post=37387"},{"taxonomy":"product_tag","embeddable":true,"href":"https:\/\/www.thokbikes.com\/fr\/wp-json\/wp\/v2\/product_tag?post=37387"}],"curies":[{"name":"wp","href":"https:\/\/api.w.org\/{rel}","templated":true}]}}