{"id":37892,"date":"2026-04-14T06:07:51","date_gmt":"2026-04-14T04:07:51","guid":{"rendered":"https:\/\/www.thokbikes.com\/?post_type=product&#038;p=37892"},"modified":"2026-04-22T13:21:51","modified_gmt":"2026-04-22T11:21:51","slug":"h-crew-off-white","status":"publish","type":"product","link":"https:\/\/www.thokbikes.com\/fr\/negozio\/vetements\/collection-printemps-fr\/h-crew-off-white\/","title":{"rendered":"H-CREW OFF-WHITE"},"content":{"rendered":"<p>Le sweat \u00e0 capuche CREW est con\u00e7u pour accompagner les moments apr\u00e8s la sortie et de d\u00e9tente, en associant un design \u00e9pur\u00e9 \u00e0 une coupe confortable dans un v\u00eatement polyvalent, pens\u00e9 pour offrir confort et style en toute situation.<\/p>\n<p><strong>Poids<\/strong> : 350 GSM<\/p>\n<h4>Caract\u00e9ristiques :<\/h4>\n<ul>\n<li>Coupe Medium Fit<\/li>\n<li>Capuche avec cordon de serrage<\/li>\n<li>Int\u00e9rieur en molleton doux gratt\u00e9<\/li>\n<li>Poche kangourou frontale<\/li>\n<li>Logo THOK sur la poitrine et la manche<\/li>\n<li>Poignets et bas c\u00f4tel\u00e9s<\/li>\n<li>Coupe unisexe<\/li>\n<li>Couleur : Off-White<\/li>\n<\/ul>\n<h4>Composition :<\/h4>\n<p>Ext\u00e9rieur : molleton gratt\u00e9, 100 % coton \u2013 coton biologique peign\u00e9 fil\u00e9 \u00e0 l\u2019anneau \/ Heather Haze : 80 % coton biologique \u2013 20 % coton recycl\u00e9, peign\u00e9 fil\u00e9 \u00e0 l\u2019anneau, tissu lav\u00e9<\/p>\n<p><img decoding=\"async\" class=\"alignnone wp-image-38606\" src=\"https:\/\/www.thokbikes.com\/wp-content\/uploads\/2026\/04\/Cruiser-2.0.jpg\" alt=\"\" width=\"600\" height=\"366\" srcset=\"https:\/\/www.thokbikes.com\/wp-content\/uploads\/2026\/04\/Cruiser-2.0.jpg 1684w, https:\/\/www.thokbikes.com\/wp-content\/uploads\/2026\/04\/Cruiser-2.0-300x183.jpg 300w, https:\/\/www.thokbikes.com\/wp-content\/uploads\/2026\/04\/Cruiser-2.0-1024x625.jpg 1024w, https:\/\/www.thokbikes.com\/wp-content\/uploads\/2026\/04\/Cruiser-2.0-768x469.jpg 768w, https:\/\/www.thokbikes.com\/wp-content\/uploads\/2026\/04\/Cruiser-2.0-1536x938.jpg 1536w, https:\/\/www.thokbikes.com\/wp-content\/uploads\/2026\/04\/Cruiser-2.0-50x31.jpg 50w, https:\/\/www.thokbikes.com\/wp-content\/uploads\/2026\/04\/Cruiser-2.0-600x366.jpg 600w\" sizes=\"(max-width: 600px) 100vw, 600px\" \/><\/p>\n","protected":false},"excerpt":{"rendered":"<p>Le sweat \u00e0 capuche CREW est con\u00e7u pour accompagner les moments apr\u00e8s la sortie et de d\u00e9tente, en associant un design \u00e9pur\u00e9 \u00e0 une coupe confortable dans un v\u00eatement polyvalent, pens\u00e9 pour offrir confort et style en toute situation. Poids : 350 GSM Caract\u00e9ristiques : Coupe Medium Fit Capuche avec cordon de serrage Int\u00e9rieur en [&hellip;]<\/p>\n","protected":false},"featured_media":38552,"comment_status":"closed","ping_status":"closed","template":"","meta":{"_acf_changed":false},"product_brand":[],"product_cat":[236],"product_tag":[],"class_list":{"0":"post-37892","1":"product","2":"type-product","3":"status-publish","4":"has-post-thumbnail","6":"product_cat-collection-printemps-fr","7":"pa_taglia-l-fr","8":"pa_taglia-m-fr","9":"pa_taglia-s-fr","10":"pa_taglia-xl-fr","12":"first","13":"instock","14":"taxable","15":"shipping-taxable","16":"purchasable","17":"product-type-variable"},"acf":[],"yoast_head":"<!-- This site is optimized with the Yoast SEO plugin v27.3 - https:\/\/yoast.com\/product\/yoast-seo-wordpress\/ -->\n<title>H-CREW OFF-WHITE - Thok<\/title>\n<meta name=\"robots\" content=\"index, follow, max-snippet:-1, max-image-preview:large, max-video-preview:-1\" \/>\n<link rel=\"canonical\" href=\"https:\/\/www.thokbikes.com\/fr\/negozio\/vetements\/collection-printemps-fr\/h-crew-off-white\/\" \/>\n<meta property=\"og:locale\" content=\"fr_FR\" \/>\n<meta property=\"og:type\" content=\"article\" \/>\n<meta property=\"og:title\" content=\"H-CREW OFF-WHITE - Thok\" \/>\n<meta property=\"og:description\" content=\"Le sweat \u00e0 capuche CREW est con\u00e7u pour accompagner les moments apr\u00e8s la sortie et de d\u00e9tente, en associant un design \u00e9pur\u00e9 \u00e0 une coupe confortable dans un v\u00eatement polyvalent, pens\u00e9 pour offrir confort et style en toute situation. Poids : 350 GSM Caract\u00e9ristiques : Coupe Medium Fit Capuche avec cordon de serrage Int\u00e9rieur en [&hellip;]\" \/>\n<meta property=\"og:url\" content=\"https:\/\/www.thokbikes.com\/fr\/negozio\/vetements\/collection-printemps-fr\/h-crew-off-white\/\" \/>\n<meta property=\"og:site_name\" content=\"Thok\" \/>\n<meta property=\"article:publisher\" content=\"https:\/\/www.facebook.com\/thokebikes\" \/>\n<meta property=\"article:modified_time\" content=\"2026-04-22T11:21:51+00:00\" \/>\n<meta property=\"og:image\" content=\"https:\/\/www.thokbikes.com\/wp-content\/uploads\/2026\/04\/Prodotto-15.jpg\" \/>\n\t<meta property=\"og:image:width\" content=\"1900\" \/>\n\t<meta property=\"og:image:height\" content=\"1900\" \/>\n\t<meta property=\"og:image:type\" content=\"image\/jpeg\" \/>\n<meta name=\"twitter:card\" content=\"summary_large_image\" \/>\n<meta name=\"twitter:label1\" content=\"Est. reading time\" \/>\n\t<meta name=\"twitter:data1\" content=\"1 minute\" \/>\n<script type=\"application\/ld+json\" class=\"yoast-schema-graph\">{\"@context\":\"https:\\\/\\\/schema.org\",\"@graph\":[{\"@type\":\"WebPage\",\"@id\":\"https:\\\/\\\/www.thokbikes.com\\\/fr\\\/negozio\\\/vetements\\\/collection-printemps-fr\\\/h-crew-off-white\\\/\",\"url\":\"https:\\\/\\\/www.thokbikes.com\\\/fr\\\/negozio\\\/vetements\\\/collection-printemps-fr\\\/h-crew-off-white\\\/\",\"name\":\"H-CREW OFF-WHITE - Thok\",\"isPartOf\":{\"@id\":\"https:\\\/\\\/www.thokbikes.com\\\/fr\\\/#website\"},\"primaryImageOfPage\":{\"@id\":\"https:\\\/\\\/www.thokbikes.com\\\/fr\\\/negozio\\\/vetements\\\/collection-printemps-fr\\\/h-crew-off-white\\\/#primaryimage\"},\"image\":{\"@id\":\"https:\\\/\\\/www.thokbikes.com\\\/fr\\\/negozio\\\/vetements\\\/collection-printemps-fr\\\/h-crew-off-white\\\/#primaryimage\"},\"thumbnailUrl\":\"https:\\\/\\\/www.thokbikes.com\\\/wp-content\\\/uploads\\\/2026\\\/04\\\/Prodotto-15.jpg\",\"datePublished\":\"2026-04-14T04:07:51+00:00\",\"dateModified\":\"2026-04-22T11:21:51+00:00\",\"breadcrumb\":{\"@id\":\"https:\\\/\\\/www.thokbikes.com\\\/fr\\\/negozio\\\/vetements\\\/collection-printemps-fr\\\/h-crew-off-white\\\/#breadcrumb\"},\"inLanguage\":\"fr-FR\",\"potentialAction\":[{\"@type\":\"ReadAction\",\"target\":[\"https:\\\/\\\/www.thokbikes.com\\\/fr\\\/negozio\\\/vetements\\\/collection-printemps-fr\\\/h-crew-off-white\\\/\"]}]},{\"@type\":\"ImageObject\",\"inLanguage\":\"fr-FR\",\"@id\":\"https:\\\/\\\/www.thokbikes.com\\\/fr\\\/negozio\\\/vetements\\\/collection-printemps-fr\\\/h-crew-off-white\\\/#primaryimage\",\"url\":\"https:\\\/\\\/www.thokbikes.com\\\/wp-content\\\/uploads\\\/2026\\\/04\\\/Prodotto-15.jpg\",\"contentUrl\":\"https:\\\/\\\/www.thokbikes.com\\\/wp-content\\\/uploads\\\/2026\\\/04\\\/Prodotto-15.jpg\",\"width\":1900,\"height\":1900},{\"@type\":\"BreadcrumbList\",\"@id\":\"https:\\\/\\\/www.thokbikes.com\\\/fr\\\/negozio\\\/vetements\\\/collection-printemps-fr\\\/h-crew-off-white\\\/#breadcrumb\",\"itemListElement\":[{\"@type\":\"ListItem\",\"position\":1,\"name\":\"Home\",\"item\":\"https:\\\/\\\/www.thokbikes.com\\\/fr\\\/\"},{\"@type\":\"ListItem\",\"position\":2,\"name\":\"Shop\",\"item\":\"https:\\\/\\\/www.thokbikes.com\\\/negozio\\\/\"},{\"@type\":\"ListItem\",\"position\":3,\"name\":\"H-CREW OFF-WHITE\"}]},{\"@type\":\"WebSite\",\"@id\":\"https:\\\/\\\/www.thokbikes.com\\\/fr\\\/#website\",\"url\":\"https:\\\/\\\/www.thokbikes.com\\\/fr\\\/\",\"name\":\"Thok E-bikes\",\"description\":\"\",\"publisher\":{\"@id\":\"https:\\\/\\\/www.thokbikes.com\\\/fr\\\/#organization\"},\"potentialAction\":[{\"@type\":\"SearchAction\",\"target\":{\"@type\":\"EntryPoint\",\"urlTemplate\":\"https:\\\/\\\/www.thokbikes.com\\\/fr\\\/?s={search_term_string}\"},\"query-input\":{\"@type\":\"PropertyValueSpecification\",\"valueRequired\":true,\"valueName\":\"search_term_string\"}}],\"inLanguage\":\"fr-FR\"},{\"@type\":\"Organization\",\"@id\":\"https:\\\/\\\/www.thokbikes.com\\\/fr\\\/#organization\",\"name\":\"Thok E-bikes\",\"url\":\"https:\\\/\\\/www.thokbikes.com\\\/fr\\\/\",\"logo\":{\"@type\":\"ImageObject\",\"inLanguage\":\"fr-FR\",\"@id\":\"https:\\\/\\\/www.thokbikes.com\\\/fr\\\/#\\\/schema\\\/logo\\\/image\\\/\",\"url\":\"https:\\\/\\\/www.thokbikes.com\\\/wp-content\\\/uploads\\\/2025\\\/11\\\/logo-thok-white.png\",\"contentUrl\":\"https:\\\/\\\/www.thokbikes.com\\\/wp-content\\\/uploads\\\/2025\\\/11\\\/logo-thok-white.png\",\"width\":1920,\"height\":281,\"caption\":\"Thok E-bikes\"},\"image\":{\"@id\":\"https:\\\/\\\/www.thokbikes.com\\\/fr\\\/#\\\/schema\\\/logo\\\/image\\\/\"},\"sameAs\":[\"https:\\\/\\\/www.facebook.com\\\/thokebikes\",\"https:\\\/\\\/www.instagram.com\\\/thok_ebikes\\\/\",\"https:\\\/\\\/www.youtube.com\\\/channel\\\/UC-yfWNxPCJvVdRymE7tA8Ww\"]}]}<\/script>\n<!-- \/ Yoast SEO plugin. -->","yoast_head_json":{"title":"H-CREW OFF-WHITE - Thok","robots":{"index":"index","follow":"follow","max-snippet":"max-snippet:-1","max-image-preview":"max-image-preview:large","max-video-preview":"max-video-preview:-1"},"canonical":"https:\/\/www.thokbikes.com\/fr\/negozio\/vetements\/collection-printemps-fr\/h-crew-off-white\/","og_locale":"fr_FR","og_type":"article","og_title":"H-CREW OFF-WHITE - Thok","og_description":"Le sweat \u00e0 capuche CREW est con\u00e7u pour accompagner les moments apr\u00e8s la sortie et de d\u00e9tente, en associant un design \u00e9pur\u00e9 \u00e0 une coupe confortable dans un v\u00eatement polyvalent, pens\u00e9 pour offrir confort et style en toute situation. Poids : 350 GSM Caract\u00e9ristiques : Coupe Medium Fit Capuche avec cordon de serrage Int\u00e9rieur en [&hellip;]","og_url":"https:\/\/www.thokbikes.com\/fr\/negozio\/vetements\/collection-printemps-fr\/h-crew-off-white\/","og_site_name":"Thok","article_publisher":"https:\/\/www.facebook.com\/thokebikes","article_modified_time":"2026-04-22T11:21:51+00:00","og_image":[{"width":1900,"height":1900,"url":"https:\/\/www.thokbikes.com\/wp-content\/uploads\/2026\/04\/Prodotto-15.jpg","type":"image\/jpeg"}],"twitter_card":"summary_large_image","twitter_misc":{"Est. reading time":"1 minute"},"schema":{"@context":"https:\/\/schema.org","@graph":[{"@type":"WebPage","@id":"https:\/\/www.thokbikes.com\/fr\/negozio\/vetements\/collection-printemps-fr\/h-crew-off-white\/","url":"https:\/\/www.thokbikes.com\/fr\/negozio\/vetements\/collection-printemps-fr\/h-crew-off-white\/","name":"H-CREW OFF-WHITE - Thok","isPartOf":{"@id":"https:\/\/www.thokbikes.com\/fr\/#website"},"primaryImageOfPage":{"@id":"https:\/\/www.thokbikes.com\/fr\/negozio\/vetements\/collection-printemps-fr\/h-crew-off-white\/#primaryimage"},"image":{"@id":"https:\/\/www.thokbikes.com\/fr\/negozio\/vetements\/collection-printemps-fr\/h-crew-off-white\/#primaryimage"},"thumbnailUrl":"https:\/\/www.thokbikes.com\/wp-content\/uploads\/2026\/04\/Prodotto-15.jpg","datePublished":"2026-04-14T04:07:51+00:00","dateModified":"2026-04-22T11:21:51+00:00","breadcrumb":{"@id":"https:\/\/www.thokbikes.com\/fr\/negozio\/vetements\/collection-printemps-fr\/h-crew-off-white\/#breadcrumb"},"inLanguage":"fr-FR","potentialAction":[{"@type":"ReadAction","target":["https:\/\/www.thokbikes.com\/fr\/negozio\/vetements\/collection-printemps-fr\/h-crew-off-white\/"]}]},{"@type":"ImageObject","inLanguage":"fr-FR","@id":"https:\/\/www.thokbikes.com\/fr\/negozio\/vetements\/collection-printemps-fr\/h-crew-off-white\/#primaryimage","url":"https:\/\/www.thokbikes.com\/wp-content\/uploads\/2026\/04\/Prodotto-15.jpg","contentUrl":"https:\/\/www.thokbikes.com\/wp-content\/uploads\/2026\/04\/Prodotto-15.jpg","width":1900,"height":1900},{"@type":"BreadcrumbList","@id":"https:\/\/www.thokbikes.com\/fr\/negozio\/vetements\/collection-printemps-fr\/h-crew-off-white\/#breadcrumb","itemListElement":[{"@type":"ListItem","position":1,"name":"Home","item":"https:\/\/www.thokbikes.com\/fr\/"},{"@type":"ListItem","position":2,"name":"Shop","item":"https:\/\/www.thokbikes.com\/negozio\/"},{"@type":"ListItem","position":3,"name":"H-CREW OFF-WHITE"}]},{"@type":"WebSite","@id":"https:\/\/www.thokbikes.com\/fr\/#website","url":"https:\/\/www.thokbikes.com\/fr\/","name":"Thok E-bikes","description":"","publisher":{"@id":"https:\/\/www.thokbikes.com\/fr\/#organization"},"potentialAction":[{"@type":"SearchAction","target":{"@type":"EntryPoint","urlTemplate":"https:\/\/www.thokbikes.com\/fr\/?s={search_term_string}"},"query-input":{"@type":"PropertyValueSpecification","valueRequired":true,"valueName":"search_term_string"}}],"inLanguage":"fr-FR"},{"@type":"Organization","@id":"https:\/\/www.thokbikes.com\/fr\/#organization","name":"Thok E-bikes","url":"https:\/\/www.thokbikes.com\/fr\/","logo":{"@type":"ImageObject","inLanguage":"fr-FR","@id":"https:\/\/www.thokbikes.com\/fr\/#\/schema\/logo\/image\/","url":"https:\/\/www.thokbikes.com\/wp-content\/uploads\/2025\/11\/logo-thok-white.png","contentUrl":"https:\/\/www.thokbikes.com\/wp-content\/uploads\/2025\/11\/logo-thok-white.png","width":1920,"height":281,"caption":"Thok E-bikes"},"image":{"@id":"https:\/\/www.thokbikes.com\/fr\/#\/schema\/logo\/image\/"},"sameAs":["https:\/\/www.facebook.com\/thokebikes","https:\/\/www.instagram.com\/thok_ebikes\/","https:\/\/www.youtube.com\/channel\/UC-yfWNxPCJvVdRymE7tA8Ww"]}]}},"_links":{"self":[{"href":"https:\/\/www.thokbikes.com\/fr\/wp-json\/wp\/v2\/product\/37892","targetHints":{"allow":["GET"]}}],"collection":[{"href":"https:\/\/www.thokbikes.com\/fr\/wp-json\/wp\/v2\/product"}],"about":[{"href":"https:\/\/www.thokbikes.com\/fr\/wp-json\/wp\/v2\/types\/product"}],"replies":[{"embeddable":true,"href":"https:\/\/www.thokbikes.com\/fr\/wp-json\/wp\/v2\/comments?post=37892"}],"wp:featuredmedia":[{"embeddable":true,"href":"https:\/\/www.thokbikes.com\/fr\/wp-json\/wp\/v2\/media\/38552"}],"wp:attachment":[{"href":"https:\/\/www.thokbikes.com\/fr\/wp-json\/wp\/v2\/media?parent=37892"}],"wp:term":[{"taxonomy":"product_brand","embeddable":true,"href":"https:\/\/www.thokbikes.com\/fr\/wp-json\/wp\/v2\/product_brand?post=37892"},{"taxonomy":"product_cat","embeddable":true,"href":"https:\/\/www.thokbikes.com\/fr\/wp-json\/wp\/v2\/product_cat?post=37892"},{"taxonomy":"product_tag","embeddable":true,"href":"https:\/\/www.thokbikes.com\/fr\/wp-json\/wp\/v2\/product_tag?post=37892"}],"curies":[{"name":"wp","href":"https:\/\/api.w.org\/{rel}","templated":true}]}}