{"id":38074,"date":"2026-04-14T06:07:55","date_gmt":"2026-04-14T04:07:55","guid":{"rendered":"https:\/\/www.thokbikes.com\/?post_type=product&#038;p=38074"},"modified":"2026-04-22T08:43:13","modified_gmt":"2026-04-22T06:43:13","slug":"bear-vest-fleece","status":"publish","type":"product","link":"https:\/\/www.thokbikes.com\/fr\/negozio\/vetements\/collection-printemps-fr\/bear-vest-fleece\/","title":{"rendered":"Bear &#8211;  Vest fleece"},"content":{"rendered":"<p>Le THOK Bear \u2013 Vest fleece est un gilet en sherpa con\u00e7u pour garantir confort thermique et l\u00e9g\u00e8ret\u00e9.<\/p>\n<p><strong>Poids<\/strong> : 450 GSM<\/p>\n<h4>Caract\u00e9ristiques :<\/h4>\n<ul>\n<li>Coupe Medium Fit<\/li>\n<li>Col montant<\/li>\n<li>Bande de propret\u00e9 avec boucle au dos du col<\/li>\n<li>Zip Vislon\u00ae avec curseur en m\u00e9tal et finition cordon<\/li>\n<li>Poches passepoil\u00e9es en softshell avec zip dissimul\u00e9<\/li>\n<li>Biais \u00e9lastique recycl\u00e9 aux emmanchures et \u00e0 l\u2019ourlet<\/li>\n<li>Tissu softshell sur le col ext\u00e9rieur, l\u2019empi\u00e8cement dos et la poche poitrine<\/li>\n<li>Tissu enti\u00e8rement assembl\u00e9 avec doublure en polaire anti-boulochage<\/li>\n<li>Zip interne invisible sur la poitrine gauche pour personnalisation<\/li>\n<li>Logo THOK sur le devant<\/li>\n<li>Logo THOK \u00e0 l\u2019arri\u00e8re du cou<\/li>\n<li>Coupe unisexe<\/li>\n<li>Couleur : Noir<\/li>\n<\/ul>\n<h4>Composition :<\/h4>\n<p>Ext\u00e9rieur : sherpa bonded, 100 % polyester recycl\u00e9, tissu lav\u00e9, bross\u00e9<br \/>\nDoublure : polaire, 100 % polyester recycl\u00e9, bross\u00e9<\/p>\n<p><img decoding=\"async\" class=\"alignnone wp-image-38611\" src=\"https:\/\/www.thokbikes.com\/wp-content\/uploads\/2026\/04\/Liner-1024x600.jpg\" alt=\"\" width=\"600\" height=\"352\" srcset=\"https:\/\/www.thokbikes.com\/wp-content\/uploads\/2026\/04\/Liner-1024x600.jpg 1024w, https:\/\/www.thokbikes.com\/wp-content\/uploads\/2026\/04\/Liner-300x176.jpg 300w, https:\/\/www.thokbikes.com\/wp-content\/uploads\/2026\/04\/Liner-768x450.jpg 768w, https:\/\/www.thokbikes.com\/wp-content\/uploads\/2026\/04\/Liner-1536x900.jpg 1536w, https:\/\/www.thokbikes.com\/wp-content\/uploads\/2026\/04\/Liner-50x29.jpg 50w, https:\/\/www.thokbikes.com\/wp-content\/uploads\/2026\/04\/Liner-600x352.jpg 600w, https:\/\/www.thokbikes.com\/wp-content\/uploads\/2026\/04\/Liner.jpg 1652w\" sizes=\"(max-width: 600px) 100vw, 600px\" \/><\/p>\n","protected":false},"excerpt":{"rendered":"<p>Le THOK Bear \u2013 Vest fleece est un gilet en sherpa con\u00e7u pour garantir confort thermique et l\u00e9g\u00e8ret\u00e9. Poids : 450 GSM Caract\u00e9ristiques : Coupe Medium Fit Col montant Bande de propret\u00e9 avec boucle au dos du col Zip Vislon\u00ae avec curseur en m\u00e9tal et finition cordon Poches passepoil\u00e9es en softshell avec zip dissimul\u00e9 Biais [&hellip;]<\/p>\n","protected":false},"featured_media":38582,"comment_status":"closed","ping_status":"closed","template":"","meta":{"_acf_changed":false},"product_brand":[],"product_cat":[236],"product_tag":[],"class_list":{"0":"post-38074","1":"product","2":"type-product","3":"status-publish","4":"has-post-thumbnail","6":"product_cat-collection-printemps-fr","7":"pa_taglia-l-fr","8":"pa_taglia-m-fr","9":"pa_taglia-s-fr","10":"pa_taglia-xl-fr","12":"first","13":"instock","14":"taxable","15":"shipping-taxable","16":"purchasable","17":"product-type-variable"},"acf":[],"yoast_head":"<!-- This site is optimized with the Yoast SEO plugin v27.3 - https:\/\/yoast.com\/product\/yoast-seo-wordpress\/ -->\n<title>Bear - Vest fleece - Thok<\/title>\n<meta name=\"robots\" content=\"index, follow, max-snippet:-1, max-image-preview:large, max-video-preview:-1\" \/>\n<link rel=\"canonical\" href=\"https:\/\/www.thokbikes.com\/fr\/negozio\/vetements\/collection-printemps-fr\/bear-vest-fleece\/\" \/>\n<meta property=\"og:locale\" content=\"fr_FR\" \/>\n<meta property=\"og:type\" content=\"article\" \/>\n<meta property=\"og:title\" content=\"Bear - Vest fleece - Thok\" \/>\n<meta property=\"og:description\" content=\"Le THOK Bear \u2013 Vest fleece est un gilet en sherpa con\u00e7u pour garantir confort thermique et l\u00e9g\u00e8ret\u00e9. Poids : 450 GSM Caract\u00e9ristiques : Coupe Medium Fit Col montant Bande de propret\u00e9 avec boucle au dos du col Zip Vislon\u00ae avec curseur en m\u00e9tal et finition cordon Poches passepoil\u00e9es en softshell avec zip dissimul\u00e9 Biais [&hellip;]\" \/>\n<meta property=\"og:url\" content=\"https:\/\/www.thokbikes.com\/fr\/negozio\/vetements\/collection-printemps-fr\/bear-vest-fleece\/\" \/>\n<meta property=\"og:site_name\" content=\"Thok\" \/>\n<meta property=\"article:publisher\" content=\"https:\/\/www.facebook.com\/thokebikes\" \/>\n<meta property=\"article:modified_time\" content=\"2026-04-22T06:43:13+00:00\" \/>\n<meta property=\"og:image\" content=\"https:\/\/www.thokbikes.com\/wp-content\/uploads\/2026\/04\/Prodotto-17.jpg\" \/>\n\t<meta property=\"og:image:width\" content=\"1900\" \/>\n\t<meta property=\"og:image:height\" content=\"1900\" \/>\n\t<meta property=\"og:image:type\" content=\"image\/jpeg\" \/>\n<meta name=\"twitter:card\" content=\"summary_large_image\" \/>\n<meta name=\"twitter:label1\" content=\"Est. reading time\" \/>\n\t<meta name=\"twitter:data1\" content=\"2 minutes\" \/>\n<script type=\"application\/ld+json\" class=\"yoast-schema-graph\">{\"@context\":\"https:\\\/\\\/schema.org\",\"@graph\":[{\"@type\":\"WebPage\",\"@id\":\"https:\\\/\\\/www.thokbikes.com\\\/fr\\\/negozio\\\/vetements\\\/collection-printemps-fr\\\/bear-vest-fleece\\\/\",\"url\":\"https:\\\/\\\/www.thokbikes.com\\\/fr\\\/negozio\\\/vetements\\\/collection-printemps-fr\\\/bear-vest-fleece\\\/\",\"name\":\"Bear - Vest fleece - Thok\",\"isPartOf\":{\"@id\":\"https:\\\/\\\/www.thokbikes.com\\\/fr\\\/#website\"},\"primaryImageOfPage\":{\"@id\":\"https:\\\/\\\/www.thokbikes.com\\\/fr\\\/negozio\\\/vetements\\\/collection-printemps-fr\\\/bear-vest-fleece\\\/#primaryimage\"},\"image\":{\"@id\":\"https:\\\/\\\/www.thokbikes.com\\\/fr\\\/negozio\\\/vetements\\\/collection-printemps-fr\\\/bear-vest-fleece\\\/#primaryimage\"},\"thumbnailUrl\":\"https:\\\/\\\/www.thokbikes.com\\\/wp-content\\\/uploads\\\/2026\\\/04\\\/Prodotto-17.jpg\",\"datePublished\":\"2026-04-14T04:07:55+00:00\",\"dateModified\":\"2026-04-22T06:43:13+00:00\",\"breadcrumb\":{\"@id\":\"https:\\\/\\\/www.thokbikes.com\\\/fr\\\/negozio\\\/vetements\\\/collection-printemps-fr\\\/bear-vest-fleece\\\/#breadcrumb\"},\"inLanguage\":\"fr-FR\",\"potentialAction\":[{\"@type\":\"ReadAction\",\"target\":[\"https:\\\/\\\/www.thokbikes.com\\\/fr\\\/negozio\\\/vetements\\\/collection-printemps-fr\\\/bear-vest-fleece\\\/\"]}]},{\"@type\":\"ImageObject\",\"inLanguage\":\"fr-FR\",\"@id\":\"https:\\\/\\\/www.thokbikes.com\\\/fr\\\/negozio\\\/vetements\\\/collection-printemps-fr\\\/bear-vest-fleece\\\/#primaryimage\",\"url\":\"https:\\\/\\\/www.thokbikes.com\\\/wp-content\\\/uploads\\\/2026\\\/04\\\/Prodotto-17.jpg\",\"contentUrl\":\"https:\\\/\\\/www.thokbikes.com\\\/wp-content\\\/uploads\\\/2026\\\/04\\\/Prodotto-17.jpg\",\"width\":1900,\"height\":1900},{\"@type\":\"BreadcrumbList\",\"@id\":\"https:\\\/\\\/www.thokbikes.com\\\/fr\\\/negozio\\\/vetements\\\/collection-printemps-fr\\\/bear-vest-fleece\\\/#breadcrumb\",\"itemListElement\":[{\"@type\":\"ListItem\",\"position\":1,\"name\":\"Home\",\"item\":\"https:\\\/\\\/www.thokbikes.com\\\/fr\\\/\"},{\"@type\":\"ListItem\",\"position\":2,\"name\":\"Shop\",\"item\":\"https:\\\/\\\/www.thokbikes.com\\\/negozio\\\/\"},{\"@type\":\"ListItem\",\"position\":3,\"name\":\"Bear &#8211; Vest fleece\"}]},{\"@type\":\"WebSite\",\"@id\":\"https:\\\/\\\/www.thokbikes.com\\\/fr\\\/#website\",\"url\":\"https:\\\/\\\/www.thokbikes.com\\\/fr\\\/\",\"name\":\"Thok E-bikes\",\"description\":\"\",\"publisher\":{\"@id\":\"https:\\\/\\\/www.thokbikes.com\\\/fr\\\/#organization\"},\"potentialAction\":[{\"@type\":\"SearchAction\",\"target\":{\"@type\":\"EntryPoint\",\"urlTemplate\":\"https:\\\/\\\/www.thokbikes.com\\\/fr\\\/?s={search_term_string}\"},\"query-input\":{\"@type\":\"PropertyValueSpecification\",\"valueRequired\":true,\"valueName\":\"search_term_string\"}}],\"inLanguage\":\"fr-FR\"},{\"@type\":\"Organization\",\"@id\":\"https:\\\/\\\/www.thokbikes.com\\\/fr\\\/#organization\",\"name\":\"Thok E-bikes\",\"url\":\"https:\\\/\\\/www.thokbikes.com\\\/fr\\\/\",\"logo\":{\"@type\":\"ImageObject\",\"inLanguage\":\"fr-FR\",\"@id\":\"https:\\\/\\\/www.thokbikes.com\\\/fr\\\/#\\\/schema\\\/logo\\\/image\\\/\",\"url\":\"https:\\\/\\\/www.thokbikes.com\\\/wp-content\\\/uploads\\\/2025\\\/11\\\/logo-thok-white.png\",\"contentUrl\":\"https:\\\/\\\/www.thokbikes.com\\\/wp-content\\\/uploads\\\/2025\\\/11\\\/logo-thok-white.png\",\"width\":1920,\"height\":281,\"caption\":\"Thok E-bikes\"},\"image\":{\"@id\":\"https:\\\/\\\/www.thokbikes.com\\\/fr\\\/#\\\/schema\\\/logo\\\/image\\\/\"},\"sameAs\":[\"https:\\\/\\\/www.facebook.com\\\/thokebikes\",\"https:\\\/\\\/www.instagram.com\\\/thok_ebikes\\\/\",\"https:\\\/\\\/www.youtube.com\\\/channel\\\/UC-yfWNxPCJvVdRymE7tA8Ww\"]}]}<\/script>\n<!-- \/ Yoast SEO plugin. -->","yoast_head_json":{"title":"Bear - Vest fleece - Thok","robots":{"index":"index","follow":"follow","max-snippet":"max-snippet:-1","max-image-preview":"max-image-preview:large","max-video-preview":"max-video-preview:-1"},"canonical":"https:\/\/www.thokbikes.com\/fr\/negozio\/vetements\/collection-printemps-fr\/bear-vest-fleece\/","og_locale":"fr_FR","og_type":"article","og_title":"Bear - Vest fleece - Thok","og_description":"Le THOK Bear \u2013 Vest fleece est un gilet en sherpa con\u00e7u pour garantir confort thermique et l\u00e9g\u00e8ret\u00e9. Poids : 450 GSM Caract\u00e9ristiques : Coupe Medium Fit Col montant Bande de propret\u00e9 avec boucle au dos du col Zip Vislon\u00ae avec curseur en m\u00e9tal et finition cordon Poches passepoil\u00e9es en softshell avec zip dissimul\u00e9 Biais [&hellip;]","og_url":"https:\/\/www.thokbikes.com\/fr\/negozio\/vetements\/collection-printemps-fr\/bear-vest-fleece\/","og_site_name":"Thok","article_publisher":"https:\/\/www.facebook.com\/thokebikes","article_modified_time":"2026-04-22T06:43:13+00:00","og_image":[{"width":1900,"height":1900,"url":"https:\/\/www.thokbikes.com\/wp-content\/uploads\/2026\/04\/Prodotto-17.jpg","type":"image\/jpeg"}],"twitter_card":"summary_large_image","twitter_misc":{"Est. reading time":"2 minutes"},"schema":{"@context":"https:\/\/schema.org","@graph":[{"@type":"WebPage","@id":"https:\/\/www.thokbikes.com\/fr\/negozio\/vetements\/collection-printemps-fr\/bear-vest-fleece\/","url":"https:\/\/www.thokbikes.com\/fr\/negozio\/vetements\/collection-printemps-fr\/bear-vest-fleece\/","name":"Bear - Vest fleece - Thok","isPartOf":{"@id":"https:\/\/www.thokbikes.com\/fr\/#website"},"primaryImageOfPage":{"@id":"https:\/\/www.thokbikes.com\/fr\/negozio\/vetements\/collection-printemps-fr\/bear-vest-fleece\/#primaryimage"},"image":{"@id":"https:\/\/www.thokbikes.com\/fr\/negozio\/vetements\/collection-printemps-fr\/bear-vest-fleece\/#primaryimage"},"thumbnailUrl":"https:\/\/www.thokbikes.com\/wp-content\/uploads\/2026\/04\/Prodotto-17.jpg","datePublished":"2026-04-14T04:07:55+00:00","dateModified":"2026-04-22T06:43:13+00:00","breadcrumb":{"@id":"https:\/\/www.thokbikes.com\/fr\/negozio\/vetements\/collection-printemps-fr\/bear-vest-fleece\/#breadcrumb"},"inLanguage":"fr-FR","potentialAction":[{"@type":"ReadAction","target":["https:\/\/www.thokbikes.com\/fr\/negozio\/vetements\/collection-printemps-fr\/bear-vest-fleece\/"]}]},{"@type":"ImageObject","inLanguage":"fr-FR","@id":"https:\/\/www.thokbikes.com\/fr\/negozio\/vetements\/collection-printemps-fr\/bear-vest-fleece\/#primaryimage","url":"https:\/\/www.thokbikes.com\/wp-content\/uploads\/2026\/04\/Prodotto-17.jpg","contentUrl":"https:\/\/www.thokbikes.com\/wp-content\/uploads\/2026\/04\/Prodotto-17.jpg","width":1900,"height":1900},{"@type":"BreadcrumbList","@id":"https:\/\/www.thokbikes.com\/fr\/negozio\/vetements\/collection-printemps-fr\/bear-vest-fleece\/#breadcrumb","itemListElement":[{"@type":"ListItem","position":1,"name":"Home","item":"https:\/\/www.thokbikes.com\/fr\/"},{"@type":"ListItem","position":2,"name":"Shop","item":"https:\/\/www.thokbikes.com\/negozio\/"},{"@type":"ListItem","position":3,"name":"Bear &#8211; Vest fleece"}]},{"@type":"WebSite","@id":"https:\/\/www.thokbikes.com\/fr\/#website","url":"https:\/\/www.thokbikes.com\/fr\/","name":"Thok E-bikes","description":"","publisher":{"@id":"https:\/\/www.thokbikes.com\/fr\/#organization"},"potentialAction":[{"@type":"SearchAction","target":{"@type":"EntryPoint","urlTemplate":"https:\/\/www.thokbikes.com\/fr\/?s={search_term_string}"},"query-input":{"@type":"PropertyValueSpecification","valueRequired":true,"valueName":"search_term_string"}}],"inLanguage":"fr-FR"},{"@type":"Organization","@id":"https:\/\/www.thokbikes.com\/fr\/#organization","name":"Thok E-bikes","url":"https:\/\/www.thokbikes.com\/fr\/","logo":{"@type":"ImageObject","inLanguage":"fr-FR","@id":"https:\/\/www.thokbikes.com\/fr\/#\/schema\/logo\/image\/","url":"https:\/\/www.thokbikes.com\/wp-content\/uploads\/2025\/11\/logo-thok-white.png","contentUrl":"https:\/\/www.thokbikes.com\/wp-content\/uploads\/2025\/11\/logo-thok-white.png","width":1920,"height":281,"caption":"Thok E-bikes"},"image":{"@id":"https:\/\/www.thokbikes.com\/fr\/#\/schema\/logo\/image\/"},"sameAs":["https:\/\/www.facebook.com\/thokebikes","https:\/\/www.instagram.com\/thok_ebikes\/","https:\/\/www.youtube.com\/channel\/UC-yfWNxPCJvVdRymE7tA8Ww"]}]}},"_links":{"self":[{"href":"https:\/\/www.thokbikes.com\/fr\/wp-json\/wp\/v2\/product\/38074","targetHints":{"allow":["GET"]}}],"collection":[{"href":"https:\/\/www.thokbikes.com\/fr\/wp-json\/wp\/v2\/product"}],"about":[{"href":"https:\/\/www.thokbikes.com\/fr\/wp-json\/wp\/v2\/types\/product"}],"replies":[{"embeddable":true,"href":"https:\/\/www.thokbikes.com\/fr\/wp-json\/wp\/v2\/comments?post=38074"}],"wp:featuredmedia":[{"embeddable":true,"href":"https:\/\/www.thokbikes.com\/fr\/wp-json\/wp\/v2\/media\/38582"}],"wp:attachment":[{"href":"https:\/\/www.thokbikes.com\/fr\/wp-json\/wp\/v2\/media?parent=38074"}],"wp:term":[{"taxonomy":"product_brand","embeddable":true,"href":"https:\/\/www.thokbikes.com\/fr\/wp-json\/wp\/v2\/product_brand?post=38074"},{"taxonomy":"product_cat","embeddable":true,"href":"https:\/\/www.thokbikes.com\/fr\/wp-json\/wp\/v2\/product_cat?post=38074"},{"taxonomy":"product_tag","embeddable":true,"href":"https:\/\/www.thokbikes.com\/fr\/wp-json\/wp\/v2\/product_tag?post=38074"}],"curies":[{"name":"wp","href":"https:\/\/api.w.org\/{rel}","templated":true}]}}