{"id":8348,"date":"2023-11-13T11:43:12","date_gmt":"2023-11-13T10:43:12","guid":{"rendered":"https:\/\/www.thokbikes.com\/prodotto\/comando-destro-cambio-shimano-xt-8050gs-di2-11v\/"},"modified":"2026-01-13T11:13:23","modified_gmt":"2026-01-13T10:13:23","slug":"commande-droite-shimano-xt-8050gs-di2-11v","status":"publish","type":"product","link":"https:\/\/www.thokbikes.com\/fr\/negozio\/accessoires-et-composants\/transmission-fr\/commande-droite-shimano-xt-8050gs-di2-11v\/","title":{"rendered":"COMMANDE DROITE SHIMANO XT 8050R Di2 \u00e9lectronique 11V"},"content":{"rendered":"<ul>\n<li>Levier de vitesses \u00e9lectronique Shimano XT 11 vitesses, contr\u00f4le imm\u00e9diat et r\u00e9ponse fluide et pr\u00e9cise.<\/li>\n<li>COMPATIBILIT\u00c9 AVEC TOUS LES MOD\u00c8LES THOK \u00e9quip\u00e9s de la TRANSMISSION SHIMANO 11V (d\u00e9railleur arri\u00e8re et c\u00e2bles de connexion non inclus).<\/li>\n<\/ul>\n","protected":false},"excerpt":{"rendered":"<p>Levier de vitesses \u00e9lectronique Shimano XT 11 vitesses, contr\u00f4le imm\u00e9diat et r\u00e9ponse fluide et pr\u00e9cise. COMPATIBILIT\u00c9 AVEC TOUS LES MOD\u00c8LES THOK \u00e9quip\u00e9s de la TRANSMISSION SHIMANO 11V (d\u00e9railleur arri\u00e8re et c\u00e2bles de connexion non inclus).<\/p>\n","protected":false},"featured_media":7505,"comment_status":"closed","ping_status":"closed","template":"","meta":{"_acf_changed":false},"product_brand":[],"product_cat":[122,150,288,130],"product_tag":[],"class_list":{"0":"post-8348","1":"product","2":"type-product","3":"status-publish","4":"has-post-thumbnail","6":"product_cat-accessoires-et-composants","7":"product_cat-electric-parts-fr","8":"product_cat-sales","9":"product_cat-transmission-fr","11":"first","12":"instock","13":"taxable","14":"shipping-taxable","15":"purchasable","16":"product-type-simple"},"acf":[],"yoast_head":"<!-- This site is optimized with the Yoast SEO plugin v27.3 - https:\/\/yoast.com\/product\/yoast-seo-wordpress\/ -->\n<title>COMMANDE DROITE SHIMANO XT 8050R Di2 \u00e9lectronique 11V - Thok<\/title>\n<meta name=\"robots\" content=\"index, follow, max-snippet:-1, max-image-preview:large, max-video-preview:-1\" \/>\n<link rel=\"canonical\" href=\"https:\/\/www.thokbikes.com\/fr\/negozio\/accessoires-et-composants\/transmission-fr\/commande-droite-shimano-xt-8050gs-di2-11v\/\" \/>\n<meta property=\"og:locale\" content=\"fr_FR\" \/>\n<meta property=\"og:type\" content=\"article\" \/>\n<meta property=\"og:title\" content=\"COMMANDE DROITE SHIMANO XT 8050R Di2 \u00e9lectronique 11V - Thok\" \/>\n<meta property=\"og:description\" content=\"Levier de vitesses \u00e9lectronique Shimano XT 11 vitesses, contr\u00f4le imm\u00e9diat et r\u00e9ponse fluide et pr\u00e9cise. COMPATIBILIT\u00c9 AVEC TOUS LES MOD\u00c8LES THOK \u00e9quip\u00e9s de la TRANSMISSION SHIMANO 11V (d\u00e9railleur arri\u00e8re et c\u00e2bles de connexion non inclus).\" \/>\n<meta property=\"og:url\" content=\"https:\/\/www.thokbikes.com\/fr\/negozio\/accessoires-et-composants\/transmission-fr\/commande-droite-shimano-xt-8050gs-di2-11v\/\" \/>\n<meta property=\"og:site_name\" content=\"Thok\" \/>\n<meta property=\"article:publisher\" content=\"https:\/\/www.facebook.com\/thokebikes\" \/>\n<meta property=\"article:modified_time\" content=\"2026-01-13T10:13:23+00:00\" \/>\n<meta property=\"og:image\" content=\"https:\/\/www.thokbikes.com\/wp-content\/uploads\/2024\/01\/Shop-COMANDO-CAMBIO-SHIMANO-XT-DI2-jpg.webp\" \/>\n\t<meta property=\"og:image:width\" content=\"1900\" \/>\n\t<meta property=\"og:image:height\" content=\"1900\" \/>\n\t<meta property=\"og:image:type\" content=\"image\/jpeg\" \/>\n<meta name=\"twitter:card\" content=\"summary_large_image\" \/>\n<meta name=\"twitter:label1\" content=\"Est. reading time\" \/>\n\t<meta name=\"twitter:data1\" content=\"1 minute\" \/>\n<script type=\"application\/ld+json\" class=\"yoast-schema-graph\">{\"@context\":\"https:\\\/\\\/schema.org\",\"@graph\":[{\"@type\":\"WebPage\",\"@id\":\"https:\\\/\\\/www.thokbikes.com\\\/fr\\\/negozio\\\/accessoires-et-composants\\\/transmission-fr\\\/commande-droite-shimano-xt-8050gs-di2-11v\\\/\",\"url\":\"https:\\\/\\\/www.thokbikes.com\\\/fr\\\/negozio\\\/accessoires-et-composants\\\/transmission-fr\\\/commande-droite-shimano-xt-8050gs-di2-11v\\\/\",\"name\":\"COMMANDE DROITE SHIMANO XT 8050R Di2 \u00e9lectronique 11V - Thok\",\"isPartOf\":{\"@id\":\"https:\\\/\\\/www.thokbikes.com\\\/fr\\\/#website\"},\"primaryImageOfPage\":{\"@id\":\"https:\\\/\\\/www.thokbikes.com\\\/fr\\\/negozio\\\/accessoires-et-composants\\\/transmission-fr\\\/commande-droite-shimano-xt-8050gs-di2-11v\\\/#primaryimage\"},\"image\":{\"@id\":\"https:\\\/\\\/www.thokbikes.com\\\/fr\\\/negozio\\\/accessoires-et-composants\\\/transmission-fr\\\/commande-droite-shimano-xt-8050gs-di2-11v\\\/#primaryimage\"},\"thumbnailUrl\":\"https:\\\/\\\/www.thokbikes.com\\\/wp-content\\\/uploads\\\/2024\\\/01\\\/Shop-COMANDO-CAMBIO-SHIMANO-XT-DI2-jpg.webp\",\"datePublished\":\"2023-11-13T10:43:12+00:00\",\"dateModified\":\"2026-01-13T10:13:23+00:00\",\"breadcrumb\":{\"@id\":\"https:\\\/\\\/www.thokbikes.com\\\/fr\\\/negozio\\\/accessoires-et-composants\\\/transmission-fr\\\/commande-droite-shimano-xt-8050gs-di2-11v\\\/#breadcrumb\"},\"inLanguage\":\"fr-FR\",\"potentialAction\":[{\"@type\":\"ReadAction\",\"target\":[\"https:\\\/\\\/www.thokbikes.com\\\/fr\\\/negozio\\\/accessoires-et-composants\\\/transmission-fr\\\/commande-droite-shimano-xt-8050gs-di2-11v\\\/\"]}]},{\"@type\":\"ImageObject\",\"inLanguage\":\"fr-FR\",\"@id\":\"https:\\\/\\\/www.thokbikes.com\\\/fr\\\/negozio\\\/accessoires-et-composants\\\/transmission-fr\\\/commande-droite-shimano-xt-8050gs-di2-11v\\\/#primaryimage\",\"url\":\"https:\\\/\\\/www.thokbikes.com\\\/wp-content\\\/uploads\\\/2024\\\/01\\\/Shop-COMANDO-CAMBIO-SHIMANO-XT-DI2-jpg.webp\",\"contentUrl\":\"https:\\\/\\\/www.thokbikes.com\\\/wp-content\\\/uploads\\\/2024\\\/01\\\/Shop-COMANDO-CAMBIO-SHIMANO-XT-DI2-jpg.webp\",\"width\":1900,\"height\":1900},{\"@type\":\"BreadcrumbList\",\"@id\":\"https:\\\/\\\/www.thokbikes.com\\\/fr\\\/negozio\\\/accessoires-et-composants\\\/transmission-fr\\\/commande-droite-shimano-xt-8050gs-di2-11v\\\/#breadcrumb\",\"itemListElement\":[{\"@type\":\"ListItem\",\"position\":1,\"name\":\"Home\",\"item\":\"https:\\\/\\\/www.thokbikes.com\\\/fr\\\/\"},{\"@type\":\"ListItem\",\"position\":2,\"name\":\"Shop\",\"item\":\"https:\\\/\\\/www.thokbikes.com\\\/negozio\\\/\"},{\"@type\":\"ListItem\",\"position\":3,\"name\":\"COMMANDE DROITE SHIMANO XT 8050R Di2 \u00e9lectronique 11V\"}]},{\"@type\":\"WebSite\",\"@id\":\"https:\\\/\\\/www.thokbikes.com\\\/fr\\\/#website\",\"url\":\"https:\\\/\\\/www.thokbikes.com\\\/fr\\\/\",\"name\":\"Thok E-bikes\",\"description\":\"\",\"publisher\":{\"@id\":\"https:\\\/\\\/www.thokbikes.com\\\/fr\\\/#organization\"},\"potentialAction\":[{\"@type\":\"SearchAction\",\"target\":{\"@type\":\"EntryPoint\",\"urlTemplate\":\"https:\\\/\\\/www.thokbikes.com\\\/fr\\\/?s={search_term_string}\"},\"query-input\":{\"@type\":\"PropertyValueSpecification\",\"valueRequired\":true,\"valueName\":\"search_term_string\"}}],\"inLanguage\":\"fr-FR\"},{\"@type\":\"Organization\",\"@id\":\"https:\\\/\\\/www.thokbikes.com\\\/fr\\\/#organization\",\"name\":\"Thok E-bikes\",\"url\":\"https:\\\/\\\/www.thokbikes.com\\\/fr\\\/\",\"logo\":{\"@type\":\"ImageObject\",\"inLanguage\":\"fr-FR\",\"@id\":\"https:\\\/\\\/www.thokbikes.com\\\/fr\\\/#\\\/schema\\\/logo\\\/image\\\/\",\"url\":\"https:\\\/\\\/www.thokbikes.com\\\/wp-content\\\/uploads\\\/2025\\\/11\\\/logo-thok-white.png\",\"contentUrl\":\"https:\\\/\\\/www.thokbikes.com\\\/wp-content\\\/uploads\\\/2025\\\/11\\\/logo-thok-white.png\",\"width\":1920,\"height\":281,\"caption\":\"Thok E-bikes\"},\"image\":{\"@id\":\"https:\\\/\\\/www.thokbikes.com\\\/fr\\\/#\\\/schema\\\/logo\\\/image\\\/\"},\"sameAs\":[\"https:\\\/\\\/www.facebook.com\\\/thokebikes\",\"https:\\\/\\\/www.instagram.com\\\/thok_ebikes\\\/\",\"https:\\\/\\\/www.youtube.com\\\/channel\\\/UC-yfWNxPCJvVdRymE7tA8Ww\"]}]}<\/script>\n<!-- \/ Yoast SEO plugin. -->","yoast_head_json":{"title":"COMMANDE DROITE SHIMANO XT 8050R Di2 \u00e9lectronique 11V - Thok","robots":{"index":"index","follow":"follow","max-snippet":"max-snippet:-1","max-image-preview":"max-image-preview:large","max-video-preview":"max-video-preview:-1"},"canonical":"https:\/\/www.thokbikes.com\/fr\/negozio\/accessoires-et-composants\/transmission-fr\/commande-droite-shimano-xt-8050gs-di2-11v\/","og_locale":"fr_FR","og_type":"article","og_title":"COMMANDE DROITE SHIMANO XT 8050R Di2 \u00e9lectronique 11V - Thok","og_description":"Levier de vitesses \u00e9lectronique Shimano XT 11 vitesses, contr\u00f4le imm\u00e9diat et r\u00e9ponse fluide et pr\u00e9cise. COMPATIBILIT\u00c9 AVEC TOUS LES MOD\u00c8LES THOK \u00e9quip\u00e9s de la TRANSMISSION SHIMANO 11V (d\u00e9railleur arri\u00e8re et c\u00e2bles de connexion non inclus).","og_url":"https:\/\/www.thokbikes.com\/fr\/negozio\/accessoires-et-composants\/transmission-fr\/commande-droite-shimano-xt-8050gs-di2-11v\/","og_site_name":"Thok","article_publisher":"https:\/\/www.facebook.com\/thokebikes","article_modified_time":"2026-01-13T10:13:23+00:00","og_image":[{"width":1900,"height":1900,"url":"https:\/\/www.thokbikes.com\/wp-content\/uploads\/2024\/01\/Shop-COMANDO-CAMBIO-SHIMANO-XT-DI2-jpg.webp","type":"image\/jpeg"}],"twitter_card":"summary_large_image","twitter_misc":{"Est. reading time":"1 minute"},"schema":{"@context":"https:\/\/schema.org","@graph":[{"@type":"WebPage","@id":"https:\/\/www.thokbikes.com\/fr\/negozio\/accessoires-et-composants\/transmission-fr\/commande-droite-shimano-xt-8050gs-di2-11v\/","url":"https:\/\/www.thokbikes.com\/fr\/negozio\/accessoires-et-composants\/transmission-fr\/commande-droite-shimano-xt-8050gs-di2-11v\/","name":"COMMANDE DROITE SHIMANO XT 8050R Di2 \u00e9lectronique 11V - Thok","isPartOf":{"@id":"https:\/\/www.thokbikes.com\/fr\/#website"},"primaryImageOfPage":{"@id":"https:\/\/www.thokbikes.com\/fr\/negozio\/accessoires-et-composants\/transmission-fr\/commande-droite-shimano-xt-8050gs-di2-11v\/#primaryimage"},"image":{"@id":"https:\/\/www.thokbikes.com\/fr\/negozio\/accessoires-et-composants\/transmission-fr\/commande-droite-shimano-xt-8050gs-di2-11v\/#primaryimage"},"thumbnailUrl":"https:\/\/www.thokbikes.com\/wp-content\/uploads\/2024\/01\/Shop-COMANDO-CAMBIO-SHIMANO-XT-DI2-jpg.webp","datePublished":"2023-11-13T10:43:12+00:00","dateModified":"2026-01-13T10:13:23+00:00","breadcrumb":{"@id":"https:\/\/www.thokbikes.com\/fr\/negozio\/accessoires-et-composants\/transmission-fr\/commande-droite-shimano-xt-8050gs-di2-11v\/#breadcrumb"},"inLanguage":"fr-FR","potentialAction":[{"@type":"ReadAction","target":["https:\/\/www.thokbikes.com\/fr\/negozio\/accessoires-et-composants\/transmission-fr\/commande-droite-shimano-xt-8050gs-di2-11v\/"]}]},{"@type":"ImageObject","inLanguage":"fr-FR","@id":"https:\/\/www.thokbikes.com\/fr\/negozio\/accessoires-et-composants\/transmission-fr\/commande-droite-shimano-xt-8050gs-di2-11v\/#primaryimage","url":"https:\/\/www.thokbikes.com\/wp-content\/uploads\/2024\/01\/Shop-COMANDO-CAMBIO-SHIMANO-XT-DI2-jpg.webp","contentUrl":"https:\/\/www.thokbikes.com\/wp-content\/uploads\/2024\/01\/Shop-COMANDO-CAMBIO-SHIMANO-XT-DI2-jpg.webp","width":1900,"height":1900},{"@type":"BreadcrumbList","@id":"https:\/\/www.thokbikes.com\/fr\/negozio\/accessoires-et-composants\/transmission-fr\/commande-droite-shimano-xt-8050gs-di2-11v\/#breadcrumb","itemListElement":[{"@type":"ListItem","position":1,"name":"Home","item":"https:\/\/www.thokbikes.com\/fr\/"},{"@type":"ListItem","position":2,"name":"Shop","item":"https:\/\/www.thokbikes.com\/negozio\/"},{"@type":"ListItem","position":3,"name":"COMMANDE DROITE SHIMANO XT 8050R Di2 \u00e9lectronique 11V"}]},{"@type":"WebSite","@id":"https:\/\/www.thokbikes.com\/fr\/#website","url":"https:\/\/www.thokbikes.com\/fr\/","name":"Thok E-bikes","description":"","publisher":{"@id":"https:\/\/www.thokbikes.com\/fr\/#organization"},"potentialAction":[{"@type":"SearchAction","target":{"@type":"EntryPoint","urlTemplate":"https:\/\/www.thokbikes.com\/fr\/?s={search_term_string}"},"query-input":{"@type":"PropertyValueSpecification","valueRequired":true,"valueName":"search_term_string"}}],"inLanguage":"fr-FR"},{"@type":"Organization","@id":"https:\/\/www.thokbikes.com\/fr\/#organization","name":"Thok E-bikes","url":"https:\/\/www.thokbikes.com\/fr\/","logo":{"@type":"ImageObject","inLanguage":"fr-FR","@id":"https:\/\/www.thokbikes.com\/fr\/#\/schema\/logo\/image\/","url":"https:\/\/www.thokbikes.com\/wp-content\/uploads\/2025\/11\/logo-thok-white.png","contentUrl":"https:\/\/www.thokbikes.com\/wp-content\/uploads\/2025\/11\/logo-thok-white.png","width":1920,"height":281,"caption":"Thok E-bikes"},"image":{"@id":"https:\/\/www.thokbikes.com\/fr\/#\/schema\/logo\/image\/"},"sameAs":["https:\/\/www.facebook.com\/thokebikes","https:\/\/www.instagram.com\/thok_ebikes\/","https:\/\/www.youtube.com\/channel\/UC-yfWNxPCJvVdRymE7tA8Ww"]}]}},"_links":{"self":[{"href":"https:\/\/www.thokbikes.com\/fr\/wp-json\/wp\/v2\/product\/8348","targetHints":{"allow":["GET"]}}],"collection":[{"href":"https:\/\/www.thokbikes.com\/fr\/wp-json\/wp\/v2\/product"}],"about":[{"href":"https:\/\/www.thokbikes.com\/fr\/wp-json\/wp\/v2\/types\/product"}],"replies":[{"embeddable":true,"href":"https:\/\/www.thokbikes.com\/fr\/wp-json\/wp\/v2\/comments?post=8348"}],"wp:featuredmedia":[{"embeddable":true,"href":"https:\/\/www.thokbikes.com\/fr\/wp-json\/wp\/v2\/media\/7505"}],"wp:attachment":[{"href":"https:\/\/www.thokbikes.com\/fr\/wp-json\/wp\/v2\/media?parent=8348"}],"wp:term":[{"taxonomy":"product_brand","embeddable":true,"href":"https:\/\/www.thokbikes.com\/fr\/wp-json\/wp\/v2\/product_brand?post=8348"},{"taxonomy":"product_cat","embeddable":true,"href":"https:\/\/www.thokbikes.com\/fr\/wp-json\/wp\/v2\/product_cat?post=8348"},{"taxonomy":"product_tag","embeddable":true,"href":"https:\/\/www.thokbikes.com\/fr\/wp-json\/wp\/v2\/product_tag?post=8348"}],"curies":[{"name":"wp","href":"https:\/\/api.w.org\/{rel}","templated":true}]}}