{"id":8551,"date":"2023-11-13T11:43:49","date_gmt":"2023-11-13T10:43:49","guid":{"rendered":"https:\/\/www.thokbikes.com\/prodotto\/black-anodized-aluminium-318mm-760mm-rise-12mm\/"},"modified":"2024-02-05T15:16:56","modified_gmt":"2024-02-05T14:16:56","slug":"guidon-en-aluminium-anodise-318mm-760mm-rise-12mm","status":"publish","type":"product","link":"https:\/\/www.thokbikes.com\/fr\/negozio\/accessoires-et-composants\/cockpit-fr\/guidon-en-aluminium-anodise-318mm-760mm-rise-12mm\/","title":{"rendered":"GUIDON EN ALUMINIUM ANODIS\u00c9 NOIR 31,8mm, 760mm, RISE 12mm"},"content":{"rendered":"<p>GUIDON EN ALUMINIUM ANODIS\u00c9 NOIR 31,8mm, 760mm, RISE 12mm<\/p>\n<ul>\n<li>Guidon en aluminium pour potences de 31,8mm, largeur de 760mm.<\/li>\n<li>COMPATIBILIT\u00c9 AVEC TOUS LES MOD\u00c8LES THOK AVEC UNE POTENCE DE GUIDON DE 31,8mm.<\/li>\n<\/ul>\n","protected":false},"excerpt":{"rendered":"<p>GUIDON EN ALUMINIUM ANODIS\u00c9 NOIR 31,8mm, 760mm, RISE 12mm Guidon en aluminium pour potences de 31,8mm, largeur de 760mm. COMPATIBILIT\u00c9 AVEC TOUS LES MOD\u00c8LES THOK AVEC UNE POTENCE DE GUIDON DE 31,8mm.<\/p>\n","protected":false},"featured_media":7825,"comment_status":"closed","ping_status":"closed","template":"","meta":{"_acf_changed":false},"product_brand":[],"product_cat":[122,139],"product_tag":[],"class_list":{"0":"post-8551","1":"product","2":"type-product","3":"status-publish","4":"has-post-thumbnail","6":"product_cat-accessoires-et-composants","7":"product_cat-cockpit-fr","9":"first","10":"instock","11":"taxable","12":"shipping-taxable","13":"purchasable","14":"product-type-simple"},"acf":[],"yoast_head":"<!-- This site is optimized with the Yoast SEO plugin v27.3 - https:\/\/yoast.com\/product\/yoast-seo-wordpress\/ -->\n<title>GUIDON EN ALUMINIUM ANODIS\u00c9 NOIR 31,8mm, 760mm, RISE 12mm - Thok<\/title>\n<meta name=\"robots\" content=\"index, follow, max-snippet:-1, max-image-preview:large, max-video-preview:-1\" \/>\n<link rel=\"canonical\" href=\"https:\/\/www.thokbikes.com\/fr\/negozio\/accessoires-et-composants\/cockpit-fr\/guidon-en-aluminium-anodise-318mm-760mm-rise-12mm\/\" \/>\n<meta property=\"og:locale\" content=\"fr_FR\" \/>\n<meta property=\"og:type\" content=\"article\" \/>\n<meta property=\"og:title\" content=\"GUIDON EN ALUMINIUM ANODIS\u00c9 NOIR 31,8mm, 760mm, RISE 12mm - Thok\" \/>\n<meta property=\"og:description\" content=\"GUIDON EN ALUMINIUM ANODIS\u00c9 NOIR 31,8mm, 760mm, RISE 12mm Guidon en aluminium pour potences de 31,8mm, largeur de 760mm. COMPATIBILIT\u00c9 AVEC TOUS LES MOD\u00c8LES THOK AVEC UNE POTENCE DE GUIDON DE 31,8mm.\" \/>\n<meta property=\"og:url\" content=\"https:\/\/www.thokbikes.com\/fr\/negozio\/accessoires-et-composants\/cockpit-fr\/guidon-en-aluminium-anodise-318mm-760mm-rise-12mm\/\" \/>\n<meta property=\"og:site_name\" content=\"Thok\" \/>\n<meta property=\"article:publisher\" content=\"https:\/\/www.facebook.com\/thokebikes\" \/>\n<meta property=\"article:modified_time\" content=\"2024-02-05T14:16:56+00:00\" \/>\n<meta property=\"og:image\" content=\"https:\/\/www.thokbikes.com\/wp-content\/uploads\/2024\/01\/Shop-THOK-HANDLEBAR-MIGMIR-RMIG2.0-jpg.webp\" \/>\n\t<meta property=\"og:image:width\" content=\"1900\" \/>\n\t<meta property=\"og:image:height\" content=\"1900\" \/>\n\t<meta property=\"og:image:type\" content=\"image\/jpeg\" \/>\n<meta name=\"twitter:card\" content=\"summary_large_image\" \/>\n<meta name=\"twitter:label1\" content=\"Est. reading time\" \/>\n\t<meta name=\"twitter:data1\" content=\"1 minute\" \/>\n<script type=\"application\/ld+json\" class=\"yoast-schema-graph\">{\"@context\":\"https:\\\/\\\/schema.org\",\"@graph\":[{\"@type\":\"WebPage\",\"@id\":\"https:\\\/\\\/www.thokbikes.com\\\/fr\\\/negozio\\\/accessoires-et-composants\\\/cockpit-fr\\\/guidon-en-aluminium-anodise-318mm-760mm-rise-12mm\\\/\",\"url\":\"https:\\\/\\\/www.thokbikes.com\\\/fr\\\/negozio\\\/accessoires-et-composants\\\/cockpit-fr\\\/guidon-en-aluminium-anodise-318mm-760mm-rise-12mm\\\/\",\"name\":\"GUIDON EN ALUMINIUM ANODIS\u00c9 NOIR 31,8mm, 760mm, RISE 12mm - Thok\",\"isPartOf\":{\"@id\":\"https:\\\/\\\/www.thokbikes.com\\\/fr\\\/#website\"},\"primaryImageOfPage\":{\"@id\":\"https:\\\/\\\/www.thokbikes.com\\\/fr\\\/negozio\\\/accessoires-et-composants\\\/cockpit-fr\\\/guidon-en-aluminium-anodise-318mm-760mm-rise-12mm\\\/#primaryimage\"},\"image\":{\"@id\":\"https:\\\/\\\/www.thokbikes.com\\\/fr\\\/negozio\\\/accessoires-et-composants\\\/cockpit-fr\\\/guidon-en-aluminium-anodise-318mm-760mm-rise-12mm\\\/#primaryimage\"},\"thumbnailUrl\":\"https:\\\/\\\/www.thokbikes.com\\\/wp-content\\\/uploads\\\/2024\\\/01\\\/Shop-THOK-HANDLEBAR-MIGMIR-RMIG2.0-jpg.webp\",\"datePublished\":\"2023-11-13T10:43:49+00:00\",\"dateModified\":\"2024-02-05T14:16:56+00:00\",\"breadcrumb\":{\"@id\":\"https:\\\/\\\/www.thokbikes.com\\\/fr\\\/negozio\\\/accessoires-et-composants\\\/cockpit-fr\\\/guidon-en-aluminium-anodise-318mm-760mm-rise-12mm\\\/#breadcrumb\"},\"inLanguage\":\"fr-FR\",\"potentialAction\":[{\"@type\":\"ReadAction\",\"target\":[\"https:\\\/\\\/www.thokbikes.com\\\/fr\\\/negozio\\\/accessoires-et-composants\\\/cockpit-fr\\\/guidon-en-aluminium-anodise-318mm-760mm-rise-12mm\\\/\"]}]},{\"@type\":\"ImageObject\",\"inLanguage\":\"fr-FR\",\"@id\":\"https:\\\/\\\/www.thokbikes.com\\\/fr\\\/negozio\\\/accessoires-et-composants\\\/cockpit-fr\\\/guidon-en-aluminium-anodise-318mm-760mm-rise-12mm\\\/#primaryimage\",\"url\":\"https:\\\/\\\/www.thokbikes.com\\\/wp-content\\\/uploads\\\/2024\\\/01\\\/Shop-THOK-HANDLEBAR-MIGMIR-RMIG2.0-jpg.webp\",\"contentUrl\":\"https:\\\/\\\/www.thokbikes.com\\\/wp-content\\\/uploads\\\/2024\\\/01\\\/Shop-THOK-HANDLEBAR-MIGMIR-RMIG2.0-jpg.webp\",\"width\":1900,\"height\":1900},{\"@type\":\"BreadcrumbList\",\"@id\":\"https:\\\/\\\/www.thokbikes.com\\\/fr\\\/negozio\\\/accessoires-et-composants\\\/cockpit-fr\\\/guidon-en-aluminium-anodise-318mm-760mm-rise-12mm\\\/#breadcrumb\",\"itemListElement\":[{\"@type\":\"ListItem\",\"position\":1,\"name\":\"Home\",\"item\":\"https:\\\/\\\/www.thokbikes.com\\\/fr\\\/\"},{\"@type\":\"ListItem\",\"position\":2,\"name\":\"Shop\",\"item\":\"https:\\\/\\\/www.thokbikes.com\\\/negozio\\\/\"},{\"@type\":\"ListItem\",\"position\":3,\"name\":\"GUIDON EN ALUMINIUM ANODIS\u00c9 NOIR 31,8mm, 760mm, RISE 12mm\"}]},{\"@type\":\"WebSite\",\"@id\":\"https:\\\/\\\/www.thokbikes.com\\\/fr\\\/#website\",\"url\":\"https:\\\/\\\/www.thokbikes.com\\\/fr\\\/\",\"name\":\"Thok E-bikes\",\"description\":\"\",\"publisher\":{\"@id\":\"https:\\\/\\\/www.thokbikes.com\\\/fr\\\/#organization\"},\"potentialAction\":[{\"@type\":\"SearchAction\",\"target\":{\"@type\":\"EntryPoint\",\"urlTemplate\":\"https:\\\/\\\/www.thokbikes.com\\\/fr\\\/?s={search_term_string}\"},\"query-input\":{\"@type\":\"PropertyValueSpecification\",\"valueRequired\":true,\"valueName\":\"search_term_string\"}}],\"inLanguage\":\"fr-FR\"},{\"@type\":\"Organization\",\"@id\":\"https:\\\/\\\/www.thokbikes.com\\\/fr\\\/#organization\",\"name\":\"Thok E-bikes\",\"url\":\"https:\\\/\\\/www.thokbikes.com\\\/fr\\\/\",\"logo\":{\"@type\":\"ImageObject\",\"inLanguage\":\"fr-FR\",\"@id\":\"https:\\\/\\\/www.thokbikes.com\\\/fr\\\/#\\\/schema\\\/logo\\\/image\\\/\",\"url\":\"https:\\\/\\\/www.thokbikes.com\\\/wp-content\\\/uploads\\\/2025\\\/11\\\/logo-thok-white.png\",\"contentUrl\":\"https:\\\/\\\/www.thokbikes.com\\\/wp-content\\\/uploads\\\/2025\\\/11\\\/logo-thok-white.png\",\"width\":1920,\"height\":281,\"caption\":\"Thok E-bikes\"},\"image\":{\"@id\":\"https:\\\/\\\/www.thokbikes.com\\\/fr\\\/#\\\/schema\\\/logo\\\/image\\\/\"},\"sameAs\":[\"https:\\\/\\\/www.facebook.com\\\/thokebikes\",\"https:\\\/\\\/www.instagram.com\\\/thok_ebikes\\\/\",\"https:\\\/\\\/www.youtube.com\\\/channel\\\/UC-yfWNxPCJvVdRymE7tA8Ww\"]}]}<\/script>\n<!-- \/ Yoast SEO plugin. -->","yoast_head_json":{"title":"GUIDON EN ALUMINIUM ANODIS\u00c9 NOIR 31,8mm, 760mm, RISE 12mm - Thok","robots":{"index":"index","follow":"follow","max-snippet":"max-snippet:-1","max-image-preview":"max-image-preview:large","max-video-preview":"max-video-preview:-1"},"canonical":"https:\/\/www.thokbikes.com\/fr\/negozio\/accessoires-et-composants\/cockpit-fr\/guidon-en-aluminium-anodise-318mm-760mm-rise-12mm\/","og_locale":"fr_FR","og_type":"article","og_title":"GUIDON EN ALUMINIUM ANODIS\u00c9 NOIR 31,8mm, 760mm, RISE 12mm - Thok","og_description":"GUIDON EN ALUMINIUM ANODIS\u00c9 NOIR 31,8mm, 760mm, RISE 12mm Guidon en aluminium pour potences de 31,8mm, largeur de 760mm. COMPATIBILIT\u00c9 AVEC TOUS LES MOD\u00c8LES THOK AVEC UNE POTENCE DE GUIDON DE 31,8mm.","og_url":"https:\/\/www.thokbikes.com\/fr\/negozio\/accessoires-et-composants\/cockpit-fr\/guidon-en-aluminium-anodise-318mm-760mm-rise-12mm\/","og_site_name":"Thok","article_publisher":"https:\/\/www.facebook.com\/thokebikes","article_modified_time":"2024-02-05T14:16:56+00:00","og_image":[{"width":1900,"height":1900,"url":"https:\/\/www.thokbikes.com\/wp-content\/uploads\/2024\/01\/Shop-THOK-HANDLEBAR-MIGMIR-RMIG2.0-jpg.webp","type":"image\/jpeg"}],"twitter_card":"summary_large_image","twitter_misc":{"Est. reading time":"1 minute"},"schema":{"@context":"https:\/\/schema.org","@graph":[{"@type":"WebPage","@id":"https:\/\/www.thokbikes.com\/fr\/negozio\/accessoires-et-composants\/cockpit-fr\/guidon-en-aluminium-anodise-318mm-760mm-rise-12mm\/","url":"https:\/\/www.thokbikes.com\/fr\/negozio\/accessoires-et-composants\/cockpit-fr\/guidon-en-aluminium-anodise-318mm-760mm-rise-12mm\/","name":"GUIDON EN ALUMINIUM ANODIS\u00c9 NOIR 31,8mm, 760mm, RISE 12mm - Thok","isPartOf":{"@id":"https:\/\/www.thokbikes.com\/fr\/#website"},"primaryImageOfPage":{"@id":"https:\/\/www.thokbikes.com\/fr\/negozio\/accessoires-et-composants\/cockpit-fr\/guidon-en-aluminium-anodise-318mm-760mm-rise-12mm\/#primaryimage"},"image":{"@id":"https:\/\/www.thokbikes.com\/fr\/negozio\/accessoires-et-composants\/cockpit-fr\/guidon-en-aluminium-anodise-318mm-760mm-rise-12mm\/#primaryimage"},"thumbnailUrl":"https:\/\/www.thokbikes.com\/wp-content\/uploads\/2024\/01\/Shop-THOK-HANDLEBAR-MIGMIR-RMIG2.0-jpg.webp","datePublished":"2023-11-13T10:43:49+00:00","dateModified":"2024-02-05T14:16:56+00:00","breadcrumb":{"@id":"https:\/\/www.thokbikes.com\/fr\/negozio\/accessoires-et-composants\/cockpit-fr\/guidon-en-aluminium-anodise-318mm-760mm-rise-12mm\/#breadcrumb"},"inLanguage":"fr-FR","potentialAction":[{"@type":"ReadAction","target":["https:\/\/www.thokbikes.com\/fr\/negozio\/accessoires-et-composants\/cockpit-fr\/guidon-en-aluminium-anodise-318mm-760mm-rise-12mm\/"]}]},{"@type":"ImageObject","inLanguage":"fr-FR","@id":"https:\/\/www.thokbikes.com\/fr\/negozio\/accessoires-et-composants\/cockpit-fr\/guidon-en-aluminium-anodise-318mm-760mm-rise-12mm\/#primaryimage","url":"https:\/\/www.thokbikes.com\/wp-content\/uploads\/2024\/01\/Shop-THOK-HANDLEBAR-MIGMIR-RMIG2.0-jpg.webp","contentUrl":"https:\/\/www.thokbikes.com\/wp-content\/uploads\/2024\/01\/Shop-THOK-HANDLEBAR-MIGMIR-RMIG2.0-jpg.webp","width":1900,"height":1900},{"@type":"BreadcrumbList","@id":"https:\/\/www.thokbikes.com\/fr\/negozio\/accessoires-et-composants\/cockpit-fr\/guidon-en-aluminium-anodise-318mm-760mm-rise-12mm\/#breadcrumb","itemListElement":[{"@type":"ListItem","position":1,"name":"Home","item":"https:\/\/www.thokbikes.com\/fr\/"},{"@type":"ListItem","position":2,"name":"Shop","item":"https:\/\/www.thokbikes.com\/negozio\/"},{"@type":"ListItem","position":3,"name":"GUIDON EN ALUMINIUM ANODIS\u00c9 NOIR 31,8mm, 760mm, RISE 12mm"}]},{"@type":"WebSite","@id":"https:\/\/www.thokbikes.com\/fr\/#website","url":"https:\/\/www.thokbikes.com\/fr\/","name":"Thok E-bikes","description":"","publisher":{"@id":"https:\/\/www.thokbikes.com\/fr\/#organization"},"potentialAction":[{"@type":"SearchAction","target":{"@type":"EntryPoint","urlTemplate":"https:\/\/www.thokbikes.com\/fr\/?s={search_term_string}"},"query-input":{"@type":"PropertyValueSpecification","valueRequired":true,"valueName":"search_term_string"}}],"inLanguage":"fr-FR"},{"@type":"Organization","@id":"https:\/\/www.thokbikes.com\/fr\/#organization","name":"Thok E-bikes","url":"https:\/\/www.thokbikes.com\/fr\/","logo":{"@type":"ImageObject","inLanguage":"fr-FR","@id":"https:\/\/www.thokbikes.com\/fr\/#\/schema\/logo\/image\/","url":"https:\/\/www.thokbikes.com\/wp-content\/uploads\/2025\/11\/logo-thok-white.png","contentUrl":"https:\/\/www.thokbikes.com\/wp-content\/uploads\/2025\/11\/logo-thok-white.png","width":1920,"height":281,"caption":"Thok E-bikes"},"image":{"@id":"https:\/\/www.thokbikes.com\/fr\/#\/schema\/logo\/image\/"},"sameAs":["https:\/\/www.facebook.com\/thokebikes","https:\/\/www.instagram.com\/thok_ebikes\/","https:\/\/www.youtube.com\/channel\/UC-yfWNxPCJvVdRymE7tA8Ww"]}]}},"_links":{"self":[{"href":"https:\/\/www.thokbikes.com\/fr\/wp-json\/wp\/v2\/product\/8551","targetHints":{"allow":["GET"]}}],"collection":[{"href":"https:\/\/www.thokbikes.com\/fr\/wp-json\/wp\/v2\/product"}],"about":[{"href":"https:\/\/www.thokbikes.com\/fr\/wp-json\/wp\/v2\/types\/product"}],"replies":[{"embeddable":true,"href":"https:\/\/www.thokbikes.com\/fr\/wp-json\/wp\/v2\/comments?post=8551"}],"wp:featuredmedia":[{"embeddable":true,"href":"https:\/\/www.thokbikes.com\/fr\/wp-json\/wp\/v2\/media\/7825"}],"wp:attachment":[{"href":"https:\/\/www.thokbikes.com\/fr\/wp-json\/wp\/v2\/media?parent=8551"}],"wp:term":[{"taxonomy":"product_brand","embeddable":true,"href":"https:\/\/www.thokbikes.com\/fr\/wp-json\/wp\/v2\/product_brand?post=8551"},{"taxonomy":"product_cat","embeddable":true,"href":"https:\/\/www.thokbikes.com\/fr\/wp-json\/wp\/v2\/product_cat?post=8551"},{"taxonomy":"product_tag","embeddable":true,"href":"https:\/\/www.thokbikes.com\/fr\/wp-json\/wp\/v2\/product_tag?post=8551"}],"curies":[{"name":"wp","href":"https:\/\/api.w.org\/{rel}","templated":true}]}}