{"id":8568,"date":"2023-11-13T11:45:41","date_gmt":"2023-11-13T10:45:41","guid":{"rendered":"https:\/\/www.thokbikes.com\/prodotto\/fox-shock-float-dpx2-fs-evol\/"},"modified":"2026-01-13T10:38:22","modified_gmt":"2026-01-13T09:38:22","slug":"amortisseur-fox-float-dpx2-fs-evol","status":"publish","type":"product","link":"https:\/\/www.thokbikes.com\/fr\/negozio\/accessoires-et-composants\/suspensions-fr\/amortisseur-fox-float-dpx2-fs-evol\/","title":{"rendered":"AMORTISSEUR FOX FLOAT DPX2 FS EVOL"},"content":{"rendered":"<p>L&#8217;amortisseur Fox FLOAT DPX2 est \u00e9quip\u00e9 d&#8217;une bague de r\u00e9glage de compression \u00e0 trois positions et d&#8217;un r\u00e9gulateur de vitesse de retour. La technologie EVOL garantit une fluidit\u00e9 maximale et une absorption des chocs, am\u00e9liorant \u00e9galement le support en milieu et fin de course.<\/p>\n<p>Adapt\u00e9 \u00e0 tous les mod\u00e8les MIG.<\/p>\n<p>Utilisation : All Mountain<\/p>\n<p>S\u00e9rie : FLOAT DPX2<\/p>\n<p>Entraxe et d\u00e9battement : 210&#215;55<\/p>\n<p>Contr\u00f4les : 3 pos adj + rebound<\/p>\n","protected":false},"excerpt":{"rendered":"<p>L&#8217;amortisseur Fox FLOAT DPX2 est \u00e9quip\u00e9 d&#8217;une bague de r\u00e9glage de compression \u00e0 trois positions et d&#8217;un r\u00e9gulateur de vitesse de retour. La technologie EVOL garantit une fluidit\u00e9 maximale et une absorption des chocs, am\u00e9liorant \u00e9galement le support en milieu et fin de course. Adapt\u00e9 \u00e0 tous les mod\u00e8les MIG. Utilisation : All Mountain S\u00e9rie [&hellip;]<\/p>\n","protected":false},"featured_media":7590,"comment_status":"closed","ping_status":"closed","template":"","meta":{"_acf_changed":false},"product_brand":[],"product_cat":[122,70,288,158],"product_tag":[],"class_list":{"0":"post-8568","1":"product","2":"type-product","3":"status-publish","4":"has-post-thumbnail","6":"product_cat-accessoires-et-composants","7":"product_cat-all-mountain-fr","8":"product_cat-sales","9":"product_cat-suspensions-fr","11":"first","12":"instock","13":"taxable","14":"shipping-taxable","15":"purchasable","16":"product-type-simple"},"acf":[],"yoast_head":"<!-- This site is optimized with the Yoast SEO plugin v27.3 - https:\/\/yoast.com\/product\/yoast-seo-wordpress\/ -->\n<title>AMORTISSEUR FOX FLOAT DPX2 FS EVOL - Thok<\/title>\n<meta name=\"robots\" content=\"index, follow, max-snippet:-1, max-image-preview:large, max-video-preview:-1\" \/>\n<link rel=\"canonical\" href=\"https:\/\/www.thokbikes.com\/fr\/negozio\/accessoires-et-composants\/suspensions-fr\/amortisseur-fox-float-dpx2-fs-evol\/\" \/>\n<meta property=\"og:locale\" content=\"fr_FR\" \/>\n<meta property=\"og:type\" content=\"article\" \/>\n<meta property=\"og:title\" content=\"AMORTISSEUR FOX FLOAT DPX2 FS EVOL - Thok\" \/>\n<meta property=\"og:description\" content=\"L&#8217;amortisseur Fox FLOAT DPX2 est \u00e9quip\u00e9 d&#8217;une bague de r\u00e9glage de compression \u00e0 trois positions et d&#8217;un r\u00e9gulateur de vitesse de retour. La technologie EVOL garantit une fluidit\u00e9 maximale et une absorption des chocs, am\u00e9liorant \u00e9galement le support en milieu et fin de course. Adapt\u00e9 \u00e0 tous les mod\u00e8les MIG. Utilisation : All Mountain S\u00e9rie [&hellip;]\" \/>\n<meta property=\"og:url\" content=\"https:\/\/www.thokbikes.com\/fr\/negozio\/accessoires-et-composants\/suspensions-fr\/amortisseur-fox-float-dpx2-fs-evol\/\" \/>\n<meta property=\"og:site_name\" content=\"Thok\" \/>\n<meta property=\"article:publisher\" content=\"https:\/\/www.facebook.com\/thokebikes\" \/>\n<meta property=\"article:modified_time\" content=\"2026-01-13T09:38:22+00:00\" \/>\n<meta property=\"og:image\" content=\"https:\/\/www.thokbikes.com\/wp-content\/uploads\/2024\/01\/Shop-FOX-FLOAD-DPX2-PERFORMANCE-jpg.webp\" \/>\n\t<meta property=\"og:image:width\" content=\"1900\" \/>\n\t<meta property=\"og:image:height\" content=\"1900\" \/>\n\t<meta property=\"og:image:type\" content=\"image\/jpeg\" \/>\n<meta name=\"twitter:card\" content=\"summary_large_image\" \/>\n<meta name=\"twitter:label1\" content=\"Est. reading time\" \/>\n\t<meta name=\"twitter:data1\" content=\"1 minute\" \/>\n<script type=\"application\/ld+json\" class=\"yoast-schema-graph\">{\"@context\":\"https:\\\/\\\/schema.org\",\"@graph\":[{\"@type\":\"WebPage\",\"@id\":\"https:\\\/\\\/www.thokbikes.com\\\/fr\\\/negozio\\\/accessoires-et-composants\\\/suspensions-fr\\\/amortisseur-fox-float-dpx2-fs-evol\\\/\",\"url\":\"https:\\\/\\\/www.thokbikes.com\\\/fr\\\/negozio\\\/accessoires-et-composants\\\/suspensions-fr\\\/amortisseur-fox-float-dpx2-fs-evol\\\/\",\"name\":\"AMORTISSEUR FOX FLOAT DPX2 FS EVOL - Thok\",\"isPartOf\":{\"@id\":\"https:\\\/\\\/www.thokbikes.com\\\/fr\\\/#website\"},\"primaryImageOfPage\":{\"@id\":\"https:\\\/\\\/www.thokbikes.com\\\/fr\\\/negozio\\\/accessoires-et-composants\\\/suspensions-fr\\\/amortisseur-fox-float-dpx2-fs-evol\\\/#primaryimage\"},\"image\":{\"@id\":\"https:\\\/\\\/www.thokbikes.com\\\/fr\\\/negozio\\\/accessoires-et-composants\\\/suspensions-fr\\\/amortisseur-fox-float-dpx2-fs-evol\\\/#primaryimage\"},\"thumbnailUrl\":\"https:\\\/\\\/www.thokbikes.com\\\/wp-content\\\/uploads\\\/2024\\\/01\\\/Shop-FOX-FLOAD-DPX2-PERFORMANCE-jpg.webp\",\"datePublished\":\"2023-11-13T10:45:41+00:00\",\"dateModified\":\"2026-01-13T09:38:22+00:00\",\"breadcrumb\":{\"@id\":\"https:\\\/\\\/www.thokbikes.com\\\/fr\\\/negozio\\\/accessoires-et-composants\\\/suspensions-fr\\\/amortisseur-fox-float-dpx2-fs-evol\\\/#breadcrumb\"},\"inLanguage\":\"fr-FR\",\"potentialAction\":[{\"@type\":\"ReadAction\",\"target\":[\"https:\\\/\\\/www.thokbikes.com\\\/fr\\\/negozio\\\/accessoires-et-composants\\\/suspensions-fr\\\/amortisseur-fox-float-dpx2-fs-evol\\\/\"]}]},{\"@type\":\"ImageObject\",\"inLanguage\":\"fr-FR\",\"@id\":\"https:\\\/\\\/www.thokbikes.com\\\/fr\\\/negozio\\\/accessoires-et-composants\\\/suspensions-fr\\\/amortisseur-fox-float-dpx2-fs-evol\\\/#primaryimage\",\"url\":\"https:\\\/\\\/www.thokbikes.com\\\/wp-content\\\/uploads\\\/2024\\\/01\\\/Shop-FOX-FLOAD-DPX2-PERFORMANCE-jpg.webp\",\"contentUrl\":\"https:\\\/\\\/www.thokbikes.com\\\/wp-content\\\/uploads\\\/2024\\\/01\\\/Shop-FOX-FLOAD-DPX2-PERFORMANCE-jpg.webp\",\"width\":1900,\"height\":1900},{\"@type\":\"BreadcrumbList\",\"@id\":\"https:\\\/\\\/www.thokbikes.com\\\/fr\\\/negozio\\\/accessoires-et-composants\\\/suspensions-fr\\\/amortisseur-fox-float-dpx2-fs-evol\\\/#breadcrumb\",\"itemListElement\":[{\"@type\":\"ListItem\",\"position\":1,\"name\":\"Home\",\"item\":\"https:\\\/\\\/www.thokbikes.com\\\/fr\\\/\"},{\"@type\":\"ListItem\",\"position\":2,\"name\":\"Shop\",\"item\":\"https:\\\/\\\/www.thokbikes.com\\\/negozio\\\/\"},{\"@type\":\"ListItem\",\"position\":3,\"name\":\"AMORTISSEUR FOX FLOAT DPX2 FS EVOL\"}]},{\"@type\":\"WebSite\",\"@id\":\"https:\\\/\\\/www.thokbikes.com\\\/fr\\\/#website\",\"url\":\"https:\\\/\\\/www.thokbikes.com\\\/fr\\\/\",\"name\":\"Thok E-bikes\",\"description\":\"\",\"publisher\":{\"@id\":\"https:\\\/\\\/www.thokbikes.com\\\/fr\\\/#organization\"},\"potentialAction\":[{\"@type\":\"SearchAction\",\"target\":{\"@type\":\"EntryPoint\",\"urlTemplate\":\"https:\\\/\\\/www.thokbikes.com\\\/fr\\\/?s={search_term_string}\"},\"query-input\":{\"@type\":\"PropertyValueSpecification\",\"valueRequired\":true,\"valueName\":\"search_term_string\"}}],\"inLanguage\":\"fr-FR\"},{\"@type\":\"Organization\",\"@id\":\"https:\\\/\\\/www.thokbikes.com\\\/fr\\\/#organization\",\"name\":\"Thok E-bikes\",\"url\":\"https:\\\/\\\/www.thokbikes.com\\\/fr\\\/\",\"logo\":{\"@type\":\"ImageObject\",\"inLanguage\":\"fr-FR\",\"@id\":\"https:\\\/\\\/www.thokbikes.com\\\/fr\\\/#\\\/schema\\\/logo\\\/image\\\/\",\"url\":\"https:\\\/\\\/www.thokbikes.com\\\/wp-content\\\/uploads\\\/2025\\\/11\\\/logo-thok-white.png\",\"contentUrl\":\"https:\\\/\\\/www.thokbikes.com\\\/wp-content\\\/uploads\\\/2025\\\/11\\\/logo-thok-white.png\",\"width\":1920,\"height\":281,\"caption\":\"Thok E-bikes\"},\"image\":{\"@id\":\"https:\\\/\\\/www.thokbikes.com\\\/fr\\\/#\\\/schema\\\/logo\\\/image\\\/\"},\"sameAs\":[\"https:\\\/\\\/www.facebook.com\\\/thokebikes\",\"https:\\\/\\\/www.instagram.com\\\/thok_ebikes\\\/\",\"https:\\\/\\\/www.youtube.com\\\/channel\\\/UC-yfWNxPCJvVdRymE7tA8Ww\"]}]}<\/script>\n<!-- \/ Yoast SEO plugin. -->","yoast_head_json":{"title":"AMORTISSEUR FOX FLOAT DPX2 FS EVOL - Thok","robots":{"index":"index","follow":"follow","max-snippet":"max-snippet:-1","max-image-preview":"max-image-preview:large","max-video-preview":"max-video-preview:-1"},"canonical":"https:\/\/www.thokbikes.com\/fr\/negozio\/accessoires-et-composants\/suspensions-fr\/amortisseur-fox-float-dpx2-fs-evol\/","og_locale":"fr_FR","og_type":"article","og_title":"AMORTISSEUR FOX FLOAT DPX2 FS EVOL - Thok","og_description":"L&#8217;amortisseur Fox FLOAT DPX2 est \u00e9quip\u00e9 d&#8217;une bague de r\u00e9glage de compression \u00e0 trois positions et d&#8217;un r\u00e9gulateur de vitesse de retour. La technologie EVOL garantit une fluidit\u00e9 maximale et une absorption des chocs, am\u00e9liorant \u00e9galement le support en milieu et fin de course. Adapt\u00e9 \u00e0 tous les mod\u00e8les MIG. Utilisation : All Mountain S\u00e9rie [&hellip;]","og_url":"https:\/\/www.thokbikes.com\/fr\/negozio\/accessoires-et-composants\/suspensions-fr\/amortisseur-fox-float-dpx2-fs-evol\/","og_site_name":"Thok","article_publisher":"https:\/\/www.facebook.com\/thokebikes","article_modified_time":"2026-01-13T09:38:22+00:00","og_image":[{"width":1900,"height":1900,"url":"https:\/\/www.thokbikes.com\/wp-content\/uploads\/2024\/01\/Shop-FOX-FLOAD-DPX2-PERFORMANCE-jpg.webp","type":"image\/jpeg"}],"twitter_card":"summary_large_image","twitter_misc":{"Est. reading time":"1 minute"},"schema":{"@context":"https:\/\/schema.org","@graph":[{"@type":"WebPage","@id":"https:\/\/www.thokbikes.com\/fr\/negozio\/accessoires-et-composants\/suspensions-fr\/amortisseur-fox-float-dpx2-fs-evol\/","url":"https:\/\/www.thokbikes.com\/fr\/negozio\/accessoires-et-composants\/suspensions-fr\/amortisseur-fox-float-dpx2-fs-evol\/","name":"AMORTISSEUR FOX FLOAT DPX2 FS EVOL - Thok","isPartOf":{"@id":"https:\/\/www.thokbikes.com\/fr\/#website"},"primaryImageOfPage":{"@id":"https:\/\/www.thokbikes.com\/fr\/negozio\/accessoires-et-composants\/suspensions-fr\/amortisseur-fox-float-dpx2-fs-evol\/#primaryimage"},"image":{"@id":"https:\/\/www.thokbikes.com\/fr\/negozio\/accessoires-et-composants\/suspensions-fr\/amortisseur-fox-float-dpx2-fs-evol\/#primaryimage"},"thumbnailUrl":"https:\/\/www.thokbikes.com\/wp-content\/uploads\/2024\/01\/Shop-FOX-FLOAD-DPX2-PERFORMANCE-jpg.webp","datePublished":"2023-11-13T10:45:41+00:00","dateModified":"2026-01-13T09:38:22+00:00","breadcrumb":{"@id":"https:\/\/www.thokbikes.com\/fr\/negozio\/accessoires-et-composants\/suspensions-fr\/amortisseur-fox-float-dpx2-fs-evol\/#breadcrumb"},"inLanguage":"fr-FR","potentialAction":[{"@type":"ReadAction","target":["https:\/\/www.thokbikes.com\/fr\/negozio\/accessoires-et-composants\/suspensions-fr\/amortisseur-fox-float-dpx2-fs-evol\/"]}]},{"@type":"ImageObject","inLanguage":"fr-FR","@id":"https:\/\/www.thokbikes.com\/fr\/negozio\/accessoires-et-composants\/suspensions-fr\/amortisseur-fox-float-dpx2-fs-evol\/#primaryimage","url":"https:\/\/www.thokbikes.com\/wp-content\/uploads\/2024\/01\/Shop-FOX-FLOAD-DPX2-PERFORMANCE-jpg.webp","contentUrl":"https:\/\/www.thokbikes.com\/wp-content\/uploads\/2024\/01\/Shop-FOX-FLOAD-DPX2-PERFORMANCE-jpg.webp","width":1900,"height":1900},{"@type":"BreadcrumbList","@id":"https:\/\/www.thokbikes.com\/fr\/negozio\/accessoires-et-composants\/suspensions-fr\/amortisseur-fox-float-dpx2-fs-evol\/#breadcrumb","itemListElement":[{"@type":"ListItem","position":1,"name":"Home","item":"https:\/\/www.thokbikes.com\/fr\/"},{"@type":"ListItem","position":2,"name":"Shop","item":"https:\/\/www.thokbikes.com\/negozio\/"},{"@type":"ListItem","position":3,"name":"AMORTISSEUR FOX FLOAT DPX2 FS EVOL"}]},{"@type":"WebSite","@id":"https:\/\/www.thokbikes.com\/fr\/#website","url":"https:\/\/www.thokbikes.com\/fr\/","name":"Thok E-bikes","description":"","publisher":{"@id":"https:\/\/www.thokbikes.com\/fr\/#organization"},"potentialAction":[{"@type":"SearchAction","target":{"@type":"EntryPoint","urlTemplate":"https:\/\/www.thokbikes.com\/fr\/?s={search_term_string}"},"query-input":{"@type":"PropertyValueSpecification","valueRequired":true,"valueName":"search_term_string"}}],"inLanguage":"fr-FR"},{"@type":"Organization","@id":"https:\/\/www.thokbikes.com\/fr\/#organization","name":"Thok E-bikes","url":"https:\/\/www.thokbikes.com\/fr\/","logo":{"@type":"ImageObject","inLanguage":"fr-FR","@id":"https:\/\/www.thokbikes.com\/fr\/#\/schema\/logo\/image\/","url":"https:\/\/www.thokbikes.com\/wp-content\/uploads\/2025\/11\/logo-thok-white.png","contentUrl":"https:\/\/www.thokbikes.com\/wp-content\/uploads\/2025\/11\/logo-thok-white.png","width":1920,"height":281,"caption":"Thok E-bikes"},"image":{"@id":"https:\/\/www.thokbikes.com\/fr\/#\/schema\/logo\/image\/"},"sameAs":["https:\/\/www.facebook.com\/thokebikes","https:\/\/www.instagram.com\/thok_ebikes\/","https:\/\/www.youtube.com\/channel\/UC-yfWNxPCJvVdRymE7tA8Ww"]}]}},"_links":{"self":[{"href":"https:\/\/www.thokbikes.com\/fr\/wp-json\/wp\/v2\/product\/8568","targetHints":{"allow":["GET"]}}],"collection":[{"href":"https:\/\/www.thokbikes.com\/fr\/wp-json\/wp\/v2\/product"}],"about":[{"href":"https:\/\/www.thokbikes.com\/fr\/wp-json\/wp\/v2\/types\/product"}],"replies":[{"embeddable":true,"href":"https:\/\/www.thokbikes.com\/fr\/wp-json\/wp\/v2\/comments?post=8568"}],"wp:featuredmedia":[{"embeddable":true,"href":"https:\/\/www.thokbikes.com\/fr\/wp-json\/wp\/v2\/media\/7590"}],"wp:attachment":[{"href":"https:\/\/www.thokbikes.com\/fr\/wp-json\/wp\/v2\/media?parent=8568"}],"wp:term":[{"taxonomy":"product_brand","embeddable":true,"href":"https:\/\/www.thokbikes.com\/fr\/wp-json\/wp\/v2\/product_brand?post=8568"},{"taxonomy":"product_cat","embeddable":true,"href":"https:\/\/www.thokbikes.com\/fr\/wp-json\/wp\/v2\/product_cat?post=8568"},{"taxonomy":"product_tag","embeddable":true,"href":"https:\/\/www.thokbikes.com\/fr\/wp-json\/wp\/v2\/product_tag?post=8568"}],"curies":[{"name":"wp","href":"https:\/\/api.w.org\/{rel}","templated":true}]}}