{"id":8604,"date":"2023-11-13T11:45:19","date_gmt":"2023-11-13T10:45:19","guid":{"rendered":"https:\/\/www.thokbikes.com\/prodotto\/ohlins-shock-ttx1-210x55-air\/"},"modified":"2026-01-13T09:22:43","modified_gmt":"2026-01-13T08:22:43","slug":"amortisseur-ohlins-ttx1-210x55-air","status":"publish","type":"product","link":"https:\/\/www.thokbikes.com\/fr\/negozio\/accessoires-et-composants\/suspensions-fr\/amortisseur-ohlins-ttx1-210x55-air\/","title":{"rendered":"AMORTISSEUR OHLINS TTX1 210X55 AIR"},"content":{"rendered":"<p>L&#8217;amortisseur OHLINS TTX1 Air offre les m\u00eames performances que le mod\u00e8le TTX2 mais avec des dimensions et un poids r\u00e9duits. Con\u00e7u pour une utilisation polyvalente sans compromis en termes de performances, de fiabilit\u00e9 et de r\u00e9glages.<\/p>\n<p>Caract\u00e9ristiques:<\/p>\n<ul>\n<li>Entraxe et d\u00e9battement : 210&#215;55<\/li>\n<li>S\u00e9rie : TTX1Air<\/li>\n<li>Contr\u00f4les : HSC\/LSC + rebound<\/li>\n<\/ul>\n","protected":false},"excerpt":{"rendered":"<p>L&#8217;amortisseur OHLINS TTX1 Air offre les m\u00eames performances que le mod\u00e8le TTX2 mais avec des dimensions et un poids r\u00e9duits. Con\u00e7u pour une utilisation polyvalente sans compromis en termes de performances, de fiabilit\u00e9 et de r\u00e9glages. Caract\u00e9ristiques: Entraxe et d\u00e9battement : 210&#215;55 S\u00e9rie : TTX1Air Contr\u00f4les : HSC\/LSC + rebound<\/p>\n","protected":false},"featured_media":37760,"comment_status":"closed","ping_status":"closed","template":"","meta":{"_acf_changed":false},"product_brand":[],"product_cat":[122,70,288,158],"product_tag":[],"class_list":{"0":"post-8604","1":"product","2":"type-product","3":"status-publish","4":"has-post-thumbnail","6":"product_cat-accessoires-et-composants","7":"product_cat-all-mountain-fr","8":"product_cat-sales","9":"product_cat-suspensions-fr","11":"first","12":"instock","13":"taxable","14":"shipping-taxable","15":"purchasable","16":"product-type-simple"},"acf":[],"yoast_head":"<!-- This site is optimized with the Yoast SEO plugin v27.3 - https:\/\/yoast.com\/product\/yoast-seo-wordpress\/ -->\n<title>AMORTISSEUR OHLINS TTX1 210X55 AIR - Thok<\/title>\n<meta name=\"robots\" content=\"index, follow, max-snippet:-1, max-image-preview:large, max-video-preview:-1\" \/>\n<link rel=\"canonical\" href=\"https:\/\/www.thokbikes.com\/fr\/negozio\/accessoires-et-composants\/suspensions-fr\/amortisseur-ohlins-ttx1-210x55-air\/\" \/>\n<meta property=\"og:locale\" content=\"fr_FR\" \/>\n<meta property=\"og:type\" content=\"article\" \/>\n<meta property=\"og:title\" content=\"AMORTISSEUR OHLINS TTX1 210X55 AIR - Thok\" \/>\n<meta property=\"og:description\" content=\"L&#8217;amortisseur OHLINS TTX1 Air offre les m\u00eames performances que le mod\u00e8le TTX2 mais avec des dimensions et un poids r\u00e9duits. Con\u00e7u pour une utilisation polyvalente sans compromis en termes de performances, de fiabilit\u00e9 et de r\u00e9glages. Caract\u00e9ristiques: Entraxe et d\u00e9battement : 210&#215;55 S\u00e9rie : TTX1Air Contr\u00f4les : HSC\/LSC + rebound\" \/>\n<meta property=\"og:url\" content=\"https:\/\/www.thokbikes.com\/fr\/negozio\/accessoires-et-composants\/suspensions-fr\/amortisseur-ohlins-ttx1-210x55-air\/\" \/>\n<meta property=\"og:site_name\" content=\"Thok\" \/>\n<meta property=\"article:publisher\" content=\"https:\/\/www.facebook.com\/thokebikes\" \/>\n<meta property=\"article:modified_time\" content=\"2026-01-13T08:22:43+00:00\" \/>\n<meta property=\"og:image\" content=\"https:\/\/www.thokbikes.com\/wp-content\/uploads\/2023\/11\/Shop-OHLINS-TTX1-AIR-jpg.webp\" \/>\n\t<meta property=\"og:image:width\" content=\"1900\" \/>\n\t<meta property=\"og:image:height\" content=\"1900\" \/>\n\t<meta property=\"og:image:type\" content=\"image\/jpeg\" \/>\n<meta name=\"twitter:card\" content=\"summary_large_image\" \/>\n<meta name=\"twitter:label1\" content=\"Est. reading time\" \/>\n\t<meta name=\"twitter:data1\" content=\"1 minute\" \/>\n<script type=\"application\/ld+json\" class=\"yoast-schema-graph\">{\"@context\":\"https:\\\/\\\/schema.org\",\"@graph\":[{\"@type\":\"WebPage\",\"@id\":\"https:\\\/\\\/www.thokbikes.com\\\/fr\\\/negozio\\\/accessoires-et-composants\\\/suspensions-fr\\\/amortisseur-ohlins-ttx1-210x55-air\\\/\",\"url\":\"https:\\\/\\\/www.thokbikes.com\\\/fr\\\/negozio\\\/accessoires-et-composants\\\/suspensions-fr\\\/amortisseur-ohlins-ttx1-210x55-air\\\/\",\"name\":\"AMORTISSEUR OHLINS TTX1 210X55 AIR - Thok\",\"isPartOf\":{\"@id\":\"https:\\\/\\\/www.thokbikes.com\\\/fr\\\/#website\"},\"primaryImageOfPage\":{\"@id\":\"https:\\\/\\\/www.thokbikes.com\\\/fr\\\/negozio\\\/accessoires-et-composants\\\/suspensions-fr\\\/amortisseur-ohlins-ttx1-210x55-air\\\/#primaryimage\"},\"image\":{\"@id\":\"https:\\\/\\\/www.thokbikes.com\\\/fr\\\/negozio\\\/accessoires-et-composants\\\/suspensions-fr\\\/amortisseur-ohlins-ttx1-210x55-air\\\/#primaryimage\"},\"thumbnailUrl\":\"https:\\\/\\\/www.thokbikes.com\\\/wp-content\\\/uploads\\\/2023\\\/11\\\/Ohlins-TTX.jpg\",\"datePublished\":\"2023-11-13T10:45:19+00:00\",\"dateModified\":\"2026-01-13T08:22:43+00:00\",\"breadcrumb\":{\"@id\":\"https:\\\/\\\/www.thokbikes.com\\\/fr\\\/negozio\\\/accessoires-et-composants\\\/suspensions-fr\\\/amortisseur-ohlins-ttx1-210x55-air\\\/#breadcrumb\"},\"inLanguage\":\"fr-FR\",\"potentialAction\":[{\"@type\":\"ReadAction\",\"target\":[\"https:\\\/\\\/www.thokbikes.com\\\/fr\\\/negozio\\\/accessoires-et-composants\\\/suspensions-fr\\\/amortisseur-ohlins-ttx1-210x55-air\\\/\"]}]},{\"@type\":\"ImageObject\",\"inLanguage\":\"fr-FR\",\"@id\":\"https:\\\/\\\/www.thokbikes.com\\\/fr\\\/negozio\\\/accessoires-et-composants\\\/suspensions-fr\\\/amortisseur-ohlins-ttx1-210x55-air\\\/#primaryimage\",\"url\":\"https:\\\/\\\/www.thokbikes.com\\\/wp-content\\\/uploads\\\/2023\\\/11\\\/Ohlins-TTX.jpg\",\"contentUrl\":\"https:\\\/\\\/www.thokbikes.com\\\/wp-content\\\/uploads\\\/2023\\\/11\\\/Ohlins-TTX.jpg\",\"width\":1900,\"height\":1900},{\"@type\":\"BreadcrumbList\",\"@id\":\"https:\\\/\\\/www.thokbikes.com\\\/fr\\\/negozio\\\/accessoires-et-composants\\\/suspensions-fr\\\/amortisseur-ohlins-ttx1-210x55-air\\\/#breadcrumb\",\"itemListElement\":[{\"@type\":\"ListItem\",\"position\":1,\"name\":\"Home\",\"item\":\"https:\\\/\\\/www.thokbikes.com\\\/fr\\\/\"},{\"@type\":\"ListItem\",\"position\":2,\"name\":\"Shop\",\"item\":\"https:\\\/\\\/www.thokbikes.com\\\/negozio\\\/\"},{\"@type\":\"ListItem\",\"position\":3,\"name\":\"AMORTISSEUR OHLINS TTX1 210X55 AIR\"}]},{\"@type\":\"WebSite\",\"@id\":\"https:\\\/\\\/www.thokbikes.com\\\/fr\\\/#website\",\"url\":\"https:\\\/\\\/www.thokbikes.com\\\/fr\\\/\",\"name\":\"Thok E-bikes\",\"description\":\"\",\"publisher\":{\"@id\":\"https:\\\/\\\/www.thokbikes.com\\\/fr\\\/#organization\"},\"potentialAction\":[{\"@type\":\"SearchAction\",\"target\":{\"@type\":\"EntryPoint\",\"urlTemplate\":\"https:\\\/\\\/www.thokbikes.com\\\/fr\\\/?s={search_term_string}\"},\"query-input\":{\"@type\":\"PropertyValueSpecification\",\"valueRequired\":true,\"valueName\":\"search_term_string\"}}],\"inLanguage\":\"fr-FR\"},{\"@type\":\"Organization\",\"@id\":\"https:\\\/\\\/www.thokbikes.com\\\/fr\\\/#organization\",\"name\":\"Thok E-bikes\",\"url\":\"https:\\\/\\\/www.thokbikes.com\\\/fr\\\/\",\"logo\":{\"@type\":\"ImageObject\",\"inLanguage\":\"fr-FR\",\"@id\":\"https:\\\/\\\/www.thokbikes.com\\\/fr\\\/#\\\/schema\\\/logo\\\/image\\\/\",\"url\":\"https:\\\/\\\/www.thokbikes.com\\\/wp-content\\\/uploads\\\/2025\\\/11\\\/logo-thok-white.png\",\"contentUrl\":\"https:\\\/\\\/www.thokbikes.com\\\/wp-content\\\/uploads\\\/2025\\\/11\\\/logo-thok-white.png\",\"width\":1920,\"height\":281,\"caption\":\"Thok E-bikes\"},\"image\":{\"@id\":\"https:\\\/\\\/www.thokbikes.com\\\/fr\\\/#\\\/schema\\\/logo\\\/image\\\/\"},\"sameAs\":[\"https:\\\/\\\/www.facebook.com\\\/thokebikes\",\"https:\\\/\\\/www.instagram.com\\\/thok_ebikes\\\/\",\"https:\\\/\\\/www.youtube.com\\\/channel\\\/UC-yfWNxPCJvVdRymE7tA8Ww\"]}]}<\/script>\n<!-- \/ Yoast SEO plugin. -->","yoast_head_json":{"title":"AMORTISSEUR OHLINS TTX1 210X55 AIR - Thok","robots":{"index":"index","follow":"follow","max-snippet":"max-snippet:-1","max-image-preview":"max-image-preview:large","max-video-preview":"max-video-preview:-1"},"canonical":"https:\/\/www.thokbikes.com\/fr\/negozio\/accessoires-et-composants\/suspensions-fr\/amortisseur-ohlins-ttx1-210x55-air\/","og_locale":"fr_FR","og_type":"article","og_title":"AMORTISSEUR OHLINS TTX1 210X55 AIR - Thok","og_description":"L&#8217;amortisseur OHLINS TTX1 Air offre les m\u00eames performances que le mod\u00e8le TTX2 mais avec des dimensions et un poids r\u00e9duits. Con\u00e7u pour une utilisation polyvalente sans compromis en termes de performances, de fiabilit\u00e9 et de r\u00e9glages. Caract\u00e9ristiques: Entraxe et d\u00e9battement : 210&#215;55 S\u00e9rie : TTX1Air Contr\u00f4les : HSC\/LSC + rebound","og_url":"https:\/\/www.thokbikes.com\/fr\/negozio\/accessoires-et-composants\/suspensions-fr\/amortisseur-ohlins-ttx1-210x55-air\/","og_site_name":"Thok","article_publisher":"https:\/\/www.facebook.com\/thokebikes","article_modified_time":"2026-01-13T08:22:43+00:00","og_image":[{"width":1900,"height":1900,"url":"https:\/\/www.thokbikes.com\/wp-content\/uploads\/2023\/11\/Shop-OHLINS-TTX1-AIR-jpg.webp","type":"image\/jpeg"}],"twitter_card":"summary_large_image","twitter_misc":{"Est. reading time":"1 minute"},"schema":{"@context":"https:\/\/schema.org","@graph":[{"@type":"WebPage","@id":"https:\/\/www.thokbikes.com\/fr\/negozio\/accessoires-et-composants\/suspensions-fr\/amortisseur-ohlins-ttx1-210x55-air\/","url":"https:\/\/www.thokbikes.com\/fr\/negozio\/accessoires-et-composants\/suspensions-fr\/amortisseur-ohlins-ttx1-210x55-air\/","name":"AMORTISSEUR OHLINS TTX1 210X55 AIR - Thok","isPartOf":{"@id":"https:\/\/www.thokbikes.com\/fr\/#website"},"primaryImageOfPage":{"@id":"https:\/\/www.thokbikes.com\/fr\/negozio\/accessoires-et-composants\/suspensions-fr\/amortisseur-ohlins-ttx1-210x55-air\/#primaryimage"},"image":{"@id":"https:\/\/www.thokbikes.com\/fr\/negozio\/accessoires-et-composants\/suspensions-fr\/amortisseur-ohlins-ttx1-210x55-air\/#primaryimage"},"thumbnailUrl":"https:\/\/www.thokbikes.com\/wp-content\/uploads\/2023\/11\/Ohlins-TTX.jpg","datePublished":"2023-11-13T10:45:19+00:00","dateModified":"2026-01-13T08:22:43+00:00","breadcrumb":{"@id":"https:\/\/www.thokbikes.com\/fr\/negozio\/accessoires-et-composants\/suspensions-fr\/amortisseur-ohlins-ttx1-210x55-air\/#breadcrumb"},"inLanguage":"fr-FR","potentialAction":[{"@type":"ReadAction","target":["https:\/\/www.thokbikes.com\/fr\/negozio\/accessoires-et-composants\/suspensions-fr\/amortisseur-ohlins-ttx1-210x55-air\/"]}]},{"@type":"ImageObject","inLanguage":"fr-FR","@id":"https:\/\/www.thokbikes.com\/fr\/negozio\/accessoires-et-composants\/suspensions-fr\/amortisseur-ohlins-ttx1-210x55-air\/#primaryimage","url":"https:\/\/www.thokbikes.com\/wp-content\/uploads\/2023\/11\/Ohlins-TTX.jpg","contentUrl":"https:\/\/www.thokbikes.com\/wp-content\/uploads\/2023\/11\/Ohlins-TTX.jpg","width":1900,"height":1900},{"@type":"BreadcrumbList","@id":"https:\/\/www.thokbikes.com\/fr\/negozio\/accessoires-et-composants\/suspensions-fr\/amortisseur-ohlins-ttx1-210x55-air\/#breadcrumb","itemListElement":[{"@type":"ListItem","position":1,"name":"Home","item":"https:\/\/www.thokbikes.com\/fr\/"},{"@type":"ListItem","position":2,"name":"Shop","item":"https:\/\/www.thokbikes.com\/negozio\/"},{"@type":"ListItem","position":3,"name":"AMORTISSEUR OHLINS TTX1 210X55 AIR"}]},{"@type":"WebSite","@id":"https:\/\/www.thokbikes.com\/fr\/#website","url":"https:\/\/www.thokbikes.com\/fr\/","name":"Thok E-bikes","description":"","publisher":{"@id":"https:\/\/www.thokbikes.com\/fr\/#organization"},"potentialAction":[{"@type":"SearchAction","target":{"@type":"EntryPoint","urlTemplate":"https:\/\/www.thokbikes.com\/fr\/?s={search_term_string}"},"query-input":{"@type":"PropertyValueSpecification","valueRequired":true,"valueName":"search_term_string"}}],"inLanguage":"fr-FR"},{"@type":"Organization","@id":"https:\/\/www.thokbikes.com\/fr\/#organization","name":"Thok E-bikes","url":"https:\/\/www.thokbikes.com\/fr\/","logo":{"@type":"ImageObject","inLanguage":"fr-FR","@id":"https:\/\/www.thokbikes.com\/fr\/#\/schema\/logo\/image\/","url":"https:\/\/www.thokbikes.com\/wp-content\/uploads\/2025\/11\/logo-thok-white.png","contentUrl":"https:\/\/www.thokbikes.com\/wp-content\/uploads\/2025\/11\/logo-thok-white.png","width":1920,"height":281,"caption":"Thok E-bikes"},"image":{"@id":"https:\/\/www.thokbikes.com\/fr\/#\/schema\/logo\/image\/"},"sameAs":["https:\/\/www.facebook.com\/thokebikes","https:\/\/www.instagram.com\/thok_ebikes\/","https:\/\/www.youtube.com\/channel\/UC-yfWNxPCJvVdRymE7tA8Ww"]}]}},"_links":{"self":[{"href":"https:\/\/www.thokbikes.com\/fr\/wp-json\/wp\/v2\/product\/8604","targetHints":{"allow":["GET"]}}],"collection":[{"href":"https:\/\/www.thokbikes.com\/fr\/wp-json\/wp\/v2\/product"}],"about":[{"href":"https:\/\/www.thokbikes.com\/fr\/wp-json\/wp\/v2\/types\/product"}],"replies":[{"embeddable":true,"href":"https:\/\/www.thokbikes.com\/fr\/wp-json\/wp\/v2\/comments?post=8604"}],"wp:featuredmedia":[{"embeddable":true,"href":"https:\/\/www.thokbikes.com\/fr\/wp-json\/wp\/v2\/media\/37760"}],"wp:attachment":[{"href":"https:\/\/www.thokbikes.com\/fr\/wp-json\/wp\/v2\/media?parent=8604"}],"wp:term":[{"taxonomy":"product_brand","embeddable":true,"href":"https:\/\/www.thokbikes.com\/fr\/wp-json\/wp\/v2\/product_brand?post=8604"},{"taxonomy":"product_cat","embeddable":true,"href":"https:\/\/www.thokbikes.com\/fr\/wp-json\/wp\/v2\/product_cat?post=8604"},{"taxonomy":"product_tag","embeddable":true,"href":"https:\/\/www.thokbikes.com\/fr\/wp-json\/wp\/v2\/product_tag?post=8604"}],"curies":[{"name":"wp","href":"https:\/\/api.w.org\/{rel}","templated":true}]}}