{"id":8622,"date":"2023-11-13T11:42:51","date_gmt":"2023-11-13T10:42:51","guid":{"rendered":"https:\/\/www.thokbikes.com\/prodotto\/magnet-for-attachement-brake-disc\/"},"modified":"2025-03-06T21:10:02","modified_gmt":"2025-03-06T20:10:02","slug":"aimant-pour-fixation-avec-deux-vis-sur-le-disque-de-frein-arriere","status":"publish","type":"product","link":"https:\/\/www.thokbikes.com\/fr\/negozio\/accessoires-et-composants\/electric-parts-fr\/aimant-pour-fixation-avec-deux-vis-sur-le-disque-de-frein-arriere\/","title":{"rendered":"AIMANT POUR FIXATION AVEC DEUX VIS SUR LE DISQUE DE FREIN ARRI\u00c8RE."},"content":{"rendered":"<p>AIMANT POUR FIXATION AVEC DEUX VIS SUR LE DISQUE DE FREIN ARRI\u00c8RE.<\/p>\n<p>COMPATIBLE AVEC TOUS LES MOD\u00c8LES THOK AVEC CAPTEUR DE VITESSE PR\u00c8S DU MOYEU ARRI\u00c8RE (ISMDUE11A et EWSS301L760).<\/p>\n","protected":false},"excerpt":{"rendered":"<p>AIMANT POUR FIXATION AVEC DEUX VIS SUR LE DISQUE DE FREIN ARRI\u00c8RE. COMPATIBLE AVEC TOUS LES MOD\u00c8LES THOK AVEC CAPTEUR DE VITESSE PR\u00c8S DU MOYEU ARRI\u00c8RE (ISMDUE11A et EWSS301L760).<\/p>\n","protected":false},"featured_media":7645,"comment_status":"closed","ping_status":"closed","template":"","meta":{"_acf_changed":false},"product_brand":[],"product_cat":[122,150],"product_tag":[],"class_list":{"0":"post-8622","1":"product","2":"type-product","3":"status-publish","4":"has-post-thumbnail","6":"product_cat-accessoires-et-composants","7":"product_cat-electric-parts-fr","9":"first","10":"instock","11":"taxable","12":"shipping-taxable","13":"purchasable","14":"product-type-simple"},"acf":[],"yoast_head":"<!-- This site is optimized with the Yoast SEO plugin v27.1.1 - https:\/\/yoast.com\/product\/yoast-seo-wordpress\/ -->\n<title>AIMANT POUR FIXATION AVEC DEUX VIS SUR LE DISQUE DE FREIN ARRI\u00c8RE. - Thok<\/title>\n<meta name=\"robots\" content=\"index, follow, max-snippet:-1, max-image-preview:large, max-video-preview:-1\" \/>\n<link rel=\"canonical\" href=\"https:\/\/www.thokbikes.com\/fr\/negozio\/accessoires-et-composants\/electric-parts-fr\/aimant-pour-fixation-avec-deux-vis-sur-le-disque-de-frein-arriere\/\" \/>\n<meta property=\"og:locale\" content=\"fr_FR\" \/>\n<meta property=\"og:type\" content=\"article\" \/>\n<meta property=\"og:title\" content=\"AIMANT POUR FIXATION AVEC DEUX VIS SUR LE DISQUE DE FREIN ARRI\u00c8RE. - Thok\" \/>\n<meta property=\"og:description\" content=\"AIMANT POUR FIXATION AVEC DEUX VIS SUR LE DISQUE DE FREIN ARRI\u00c8RE. COMPATIBLE AVEC TOUS LES MOD\u00c8LES THOK AVEC CAPTEUR DE VITESSE PR\u00c8S DU MOYEU ARRI\u00c8RE (ISMDUE11A et EWSS301L760).\" \/>\n<meta property=\"og:url\" content=\"https:\/\/www.thokbikes.com\/fr\/negozio\/accessoires-et-composants\/electric-parts-fr\/aimant-pour-fixation-avec-deux-vis-sur-le-disque-de-frein-arriere\/\" \/>\n<meta property=\"og:site_name\" content=\"Thok\" \/>\n<meta property=\"article:publisher\" content=\"https:\/\/www.facebook.com\/thokebikes\" \/>\n<meta property=\"article:modified_time\" content=\"2025-03-06T20:10:02+00:00\" \/>\n<meta property=\"og:image\" content=\"https:\/\/www.thokbikes.com\/wp-content\/uploads\/2024\/01\/Shop-MAGNET-FOR-BRAKE-DISC-jpg.webp\" \/>\n\t<meta property=\"og:image:width\" content=\"1900\" \/>\n\t<meta property=\"og:image:height\" content=\"1900\" \/>\n\t<meta property=\"og:image:type\" content=\"image\/jpeg\" \/>\n<meta name=\"twitter:card\" content=\"summary_large_image\" \/>\n<meta name=\"twitter:label1\" content=\"Est. reading time\" \/>\n\t<meta name=\"twitter:data1\" content=\"1 minute\" \/>\n<script type=\"application\/ld+json\" class=\"yoast-schema-graph\">{\"@context\":\"https:\/\/schema.org\",\"@graph\":[{\"@type\":\"WebPage\",\"@id\":\"https:\/\/www.thokbikes.com\/fr\/negozio\/accessoires-et-composants\/electric-parts-fr\/aimant-pour-fixation-avec-deux-vis-sur-le-disque-de-frein-arriere\/\",\"url\":\"https:\/\/www.thokbikes.com\/fr\/negozio\/accessoires-et-composants\/electric-parts-fr\/aimant-pour-fixation-avec-deux-vis-sur-le-disque-de-frein-arriere\/\",\"name\":\"AIMANT POUR FIXATION AVEC DEUX VIS SUR LE DISQUE DE FREIN ARRI\u00c8RE. - Thok\",\"isPartOf\":{\"@id\":\"https:\/\/www.thokbikes.com\/fr\/#website\"},\"primaryImageOfPage\":{\"@id\":\"https:\/\/www.thokbikes.com\/fr\/negozio\/accessoires-et-composants\/electric-parts-fr\/aimant-pour-fixation-avec-deux-vis-sur-le-disque-de-frein-arriere\/#primaryimage\"},\"image\":{\"@id\":\"https:\/\/www.thokbikes.com\/fr\/negozio\/accessoires-et-composants\/electric-parts-fr\/aimant-pour-fixation-avec-deux-vis-sur-le-disque-de-frein-arriere\/#primaryimage\"},\"thumbnailUrl\":\"https:\/\/www.thokbikes.com\/wp-content\/uploads\/2024\/01\/Shop-MAGNET-FOR-BRAKE-DISC-jpg.webp\",\"datePublished\":\"2023-11-13T10:42:51+00:00\",\"dateModified\":\"2025-03-06T20:10:02+00:00\",\"breadcrumb\":{\"@id\":\"https:\/\/www.thokbikes.com\/fr\/negozio\/accessoires-et-composants\/electric-parts-fr\/aimant-pour-fixation-avec-deux-vis-sur-le-disque-de-frein-arriere\/#breadcrumb\"},\"inLanguage\":\"fr-FR\",\"potentialAction\":[{\"@type\":\"ReadAction\",\"target\":[\"https:\/\/www.thokbikes.com\/fr\/negozio\/accessoires-et-composants\/electric-parts-fr\/aimant-pour-fixation-avec-deux-vis-sur-le-disque-de-frein-arriere\/\"]}]},{\"@type\":\"ImageObject\",\"inLanguage\":\"fr-FR\",\"@id\":\"https:\/\/www.thokbikes.com\/fr\/negozio\/accessoires-et-composants\/electric-parts-fr\/aimant-pour-fixation-avec-deux-vis-sur-le-disque-de-frein-arriere\/#primaryimage\",\"url\":\"https:\/\/www.thokbikes.com\/wp-content\/uploads\/2024\/01\/Shop-MAGNET-FOR-BRAKE-DISC-jpg.webp\",\"contentUrl\":\"https:\/\/www.thokbikes.com\/wp-content\/uploads\/2024\/01\/Shop-MAGNET-FOR-BRAKE-DISC-jpg.webp\",\"width\":1900,\"height\":1900},{\"@type\":\"BreadcrumbList\",\"@id\":\"https:\/\/www.thokbikes.com\/fr\/negozio\/accessoires-et-composants\/electric-parts-fr\/aimant-pour-fixation-avec-deux-vis-sur-le-disque-de-frein-arriere\/#breadcrumb\",\"itemListElement\":[{\"@type\":\"ListItem\",\"position\":1,\"name\":\"Home\",\"item\":\"https:\/\/www.thokbikes.com\/fr\/\"},{\"@type\":\"ListItem\",\"position\":2,\"name\":\"Shop\",\"item\":\"https:\/\/www.thokbikes.com\/negozio\/\"},{\"@type\":\"ListItem\",\"position\":3,\"name\":\"AIMANT POUR FIXATION AVEC DEUX VIS SUR LE DISQUE DE FREIN ARRI\u00c8RE.\"}]},{\"@type\":\"WebSite\",\"@id\":\"https:\/\/www.thokbikes.com\/fr\/#website\",\"url\":\"https:\/\/www.thokbikes.com\/fr\/\",\"name\":\"Thok E-bikes\",\"description\":\"\",\"publisher\":{\"@id\":\"https:\/\/www.thokbikes.com\/fr\/#organization\"},\"potentialAction\":[{\"@type\":\"SearchAction\",\"target\":{\"@type\":\"EntryPoint\",\"urlTemplate\":\"https:\/\/www.thokbikes.com\/fr\/?s={search_term_string}\"},\"query-input\":{\"@type\":\"PropertyValueSpecification\",\"valueRequired\":true,\"valueName\":\"search_term_string\"}}],\"inLanguage\":\"fr-FR\"},{\"@type\":\"Organization\",\"@id\":\"https:\/\/www.thokbikes.com\/fr\/#organization\",\"name\":\"Thok E-bikes\",\"url\":\"https:\/\/www.thokbikes.com\/fr\/\",\"logo\":{\"@type\":\"ImageObject\",\"inLanguage\":\"fr-FR\",\"@id\":\"https:\/\/www.thokbikes.com\/fr\/#\/schema\/logo\/image\/\",\"url\":\"https:\/\/www.thokbikes.com\/wp-content\/uploads\/2025\/11\/logo-thok-white.png\",\"contentUrl\":\"https:\/\/www.thokbikes.com\/wp-content\/uploads\/2025\/11\/logo-thok-white.png\",\"width\":1920,\"height\":281,\"caption\":\"Thok E-bikes\"},\"image\":{\"@id\":\"https:\/\/www.thokbikes.com\/fr\/#\/schema\/logo\/image\/\"},\"sameAs\":[\"https:\/\/www.facebook.com\/thokebikes\",\"https:\/\/www.instagram.com\/thok_ebikes\/\",\"https:\/\/www.youtube.com\/channel\/UC-yfWNxPCJvVdRymE7tA8Ww\"]}]}<\/script>\n<!-- \/ Yoast SEO plugin. -->","yoast_head_json":{"title":"AIMANT POUR FIXATION AVEC DEUX VIS SUR LE DISQUE DE FREIN ARRI\u00c8RE. - Thok","robots":{"index":"index","follow":"follow","max-snippet":"max-snippet:-1","max-image-preview":"max-image-preview:large","max-video-preview":"max-video-preview:-1"},"canonical":"https:\/\/www.thokbikes.com\/fr\/negozio\/accessoires-et-composants\/electric-parts-fr\/aimant-pour-fixation-avec-deux-vis-sur-le-disque-de-frein-arriere\/","og_locale":"fr_FR","og_type":"article","og_title":"AIMANT POUR FIXATION AVEC DEUX VIS SUR LE DISQUE DE FREIN ARRI\u00c8RE. - Thok","og_description":"AIMANT POUR FIXATION AVEC DEUX VIS SUR LE DISQUE DE FREIN ARRI\u00c8RE. COMPATIBLE AVEC TOUS LES MOD\u00c8LES THOK AVEC CAPTEUR DE VITESSE PR\u00c8S DU MOYEU ARRI\u00c8RE (ISMDUE11A et EWSS301L760).","og_url":"https:\/\/www.thokbikes.com\/fr\/negozio\/accessoires-et-composants\/electric-parts-fr\/aimant-pour-fixation-avec-deux-vis-sur-le-disque-de-frein-arriere\/","og_site_name":"Thok","article_publisher":"https:\/\/www.facebook.com\/thokebikes","article_modified_time":"2025-03-06T20:10:02+00:00","og_image":[{"width":1900,"height":1900,"url":"https:\/\/www.thokbikes.com\/wp-content\/uploads\/2024\/01\/Shop-MAGNET-FOR-BRAKE-DISC-jpg.webp","type":"image\/jpeg"}],"twitter_card":"summary_large_image","twitter_misc":{"Est. reading time":"1 minute"},"schema":{"@context":"https:\/\/schema.org","@graph":[{"@type":"WebPage","@id":"https:\/\/www.thokbikes.com\/fr\/negozio\/accessoires-et-composants\/electric-parts-fr\/aimant-pour-fixation-avec-deux-vis-sur-le-disque-de-frein-arriere\/","url":"https:\/\/www.thokbikes.com\/fr\/negozio\/accessoires-et-composants\/electric-parts-fr\/aimant-pour-fixation-avec-deux-vis-sur-le-disque-de-frein-arriere\/","name":"AIMANT POUR FIXATION AVEC DEUX VIS SUR LE DISQUE DE FREIN ARRI\u00c8RE. - Thok","isPartOf":{"@id":"https:\/\/www.thokbikes.com\/fr\/#website"},"primaryImageOfPage":{"@id":"https:\/\/www.thokbikes.com\/fr\/negozio\/accessoires-et-composants\/electric-parts-fr\/aimant-pour-fixation-avec-deux-vis-sur-le-disque-de-frein-arriere\/#primaryimage"},"image":{"@id":"https:\/\/www.thokbikes.com\/fr\/negozio\/accessoires-et-composants\/electric-parts-fr\/aimant-pour-fixation-avec-deux-vis-sur-le-disque-de-frein-arriere\/#primaryimage"},"thumbnailUrl":"https:\/\/www.thokbikes.com\/wp-content\/uploads\/2024\/01\/Shop-MAGNET-FOR-BRAKE-DISC-jpg.webp","datePublished":"2023-11-13T10:42:51+00:00","dateModified":"2025-03-06T20:10:02+00:00","breadcrumb":{"@id":"https:\/\/www.thokbikes.com\/fr\/negozio\/accessoires-et-composants\/electric-parts-fr\/aimant-pour-fixation-avec-deux-vis-sur-le-disque-de-frein-arriere\/#breadcrumb"},"inLanguage":"fr-FR","potentialAction":[{"@type":"ReadAction","target":["https:\/\/www.thokbikes.com\/fr\/negozio\/accessoires-et-composants\/electric-parts-fr\/aimant-pour-fixation-avec-deux-vis-sur-le-disque-de-frein-arriere\/"]}]},{"@type":"ImageObject","inLanguage":"fr-FR","@id":"https:\/\/www.thokbikes.com\/fr\/negozio\/accessoires-et-composants\/electric-parts-fr\/aimant-pour-fixation-avec-deux-vis-sur-le-disque-de-frein-arriere\/#primaryimage","url":"https:\/\/www.thokbikes.com\/wp-content\/uploads\/2024\/01\/Shop-MAGNET-FOR-BRAKE-DISC-jpg.webp","contentUrl":"https:\/\/www.thokbikes.com\/wp-content\/uploads\/2024\/01\/Shop-MAGNET-FOR-BRAKE-DISC-jpg.webp","width":1900,"height":1900},{"@type":"BreadcrumbList","@id":"https:\/\/www.thokbikes.com\/fr\/negozio\/accessoires-et-composants\/electric-parts-fr\/aimant-pour-fixation-avec-deux-vis-sur-le-disque-de-frein-arriere\/#breadcrumb","itemListElement":[{"@type":"ListItem","position":1,"name":"Home","item":"https:\/\/www.thokbikes.com\/fr\/"},{"@type":"ListItem","position":2,"name":"Shop","item":"https:\/\/www.thokbikes.com\/negozio\/"},{"@type":"ListItem","position":3,"name":"AIMANT POUR FIXATION AVEC DEUX VIS SUR LE DISQUE DE FREIN ARRI\u00c8RE."}]},{"@type":"WebSite","@id":"https:\/\/www.thokbikes.com\/fr\/#website","url":"https:\/\/www.thokbikes.com\/fr\/","name":"Thok E-bikes","description":"","publisher":{"@id":"https:\/\/www.thokbikes.com\/fr\/#organization"},"potentialAction":[{"@type":"SearchAction","target":{"@type":"EntryPoint","urlTemplate":"https:\/\/www.thokbikes.com\/fr\/?s={search_term_string}"},"query-input":{"@type":"PropertyValueSpecification","valueRequired":true,"valueName":"search_term_string"}}],"inLanguage":"fr-FR"},{"@type":"Organization","@id":"https:\/\/www.thokbikes.com\/fr\/#organization","name":"Thok E-bikes","url":"https:\/\/www.thokbikes.com\/fr\/","logo":{"@type":"ImageObject","inLanguage":"fr-FR","@id":"https:\/\/www.thokbikes.com\/fr\/#\/schema\/logo\/image\/","url":"https:\/\/www.thokbikes.com\/wp-content\/uploads\/2025\/11\/logo-thok-white.png","contentUrl":"https:\/\/www.thokbikes.com\/wp-content\/uploads\/2025\/11\/logo-thok-white.png","width":1920,"height":281,"caption":"Thok E-bikes"},"image":{"@id":"https:\/\/www.thokbikes.com\/fr\/#\/schema\/logo\/image\/"},"sameAs":["https:\/\/www.facebook.com\/thokebikes","https:\/\/www.instagram.com\/thok_ebikes\/","https:\/\/www.youtube.com\/channel\/UC-yfWNxPCJvVdRymE7tA8Ww"]}]}},"_links":{"self":[{"href":"https:\/\/www.thokbikes.com\/fr\/wp-json\/wp\/v2\/product\/8622","targetHints":{"allow":["GET"]}}],"collection":[{"href":"https:\/\/www.thokbikes.com\/fr\/wp-json\/wp\/v2\/product"}],"about":[{"href":"https:\/\/www.thokbikes.com\/fr\/wp-json\/wp\/v2\/types\/product"}],"replies":[{"embeddable":true,"href":"https:\/\/www.thokbikes.com\/fr\/wp-json\/wp\/v2\/comments?post=8622"}],"wp:featuredmedia":[{"embeddable":true,"href":"https:\/\/www.thokbikes.com\/fr\/wp-json\/wp\/v2\/media\/7645"}],"wp:attachment":[{"href":"https:\/\/www.thokbikes.com\/fr\/wp-json\/wp\/v2\/media?parent=8622"}],"wp:term":[{"taxonomy":"product_brand","embeddable":true,"href":"https:\/\/www.thokbikes.com\/fr\/wp-json\/wp\/v2\/product_brand?post=8622"},{"taxonomy":"product_cat","embeddable":true,"href":"https:\/\/www.thokbikes.com\/fr\/wp-json\/wp\/v2\/product_cat?post=8622"},{"taxonomy":"product_tag","embeddable":true,"href":"https:\/\/www.thokbikes.com\/fr\/wp-json\/wp\/v2\/product_tag?post=8622"}],"curies":[{"name":"wp","href":"https:\/\/api.w.org\/{rel}","templated":true}]}}